{"id":1511,"date":"2019-01-08T15:31:43","date_gmt":"2019-01-08T14:31:43","guid":{"rendered":"https:\/\/holistikinstituut.be\/contact\/"},"modified":"2025-12-18T09:24:48","modified_gmt":"2025-12-18T08:24:48","slug":"contact","status":"publish","type":"page","link":"https:\/\/holistikinstituut.be\/fr\/contact\/","title":{"rendered":"Contact"},"content":{"rendered":"\t\t<div data-elementor-type=\"wp-page\" data-elementor-id=\"1511\" class=\"elementor elementor-1511 elementor-6\" data-elementor-post-type=\"page\">\n\t\t\t\t<div class=\"elementor-element elementor-element-9aa0914 e-flex e-con-boxed e-con e-parent\" data-id=\"9aa0914\" data-element_type=\"container\" data-settings=\"{&quot;background_background&quot;:&quot;classic&quot;}\">\n\t\t\t\t\t<div class=\"e-con-inner\">\n\t\t\t\t<div class=\"elementor-element elementor-element-29b259c elementor-widget elementor-widget-heading\" data-id=\"29b259c\" data-element_type=\"widget\" data-widget_type=\"heading.default\">\n\t\t\t\t<div class=\"elementor-widget-container\">\n\t\t\t\t\t<h1 class=\"elementor-heading-title elementor-size-default\">Contact et rendez-vous<\/h1>\t\t\t\t<\/div>\n\t\t\t\t<\/div>\n\t\t\t\t\t<\/div>\n\t\t\t\t<\/div>\n\t\t<div class=\"elementor-element elementor-element-9d79957 e-flex e-con-boxed e-con e-parent\" data-id=\"9d79957\" data-element_type=\"container\">\n\t\t\t\t\t<div class=\"e-con-inner\">\n\t\t<div class=\"elementor-element elementor-element-7bbc4f0 e-con-full e-flex e-con e-child\" data-id=\"7bbc4f0\" data-element_type=\"container\">\n\t\t\t\t<div class=\"elementor-element elementor-element-0cbf1ac elementor-widget elementor-widget-image\" data-id=\"0cbf1ac\" data-element_type=\"widget\" data-widget_type=\"image.default\">\n\t\t\t\t<div class=\"elementor-widget-container\">\n\t\t\t\t\t\t\t\t\t\t\t\t\t\t\t<img fetchpriority=\"high\" decoding=\"async\" width=\"435\" height=\"118\" src=\"https:\/\/holistikinstituut.be\/wp-content\/uploads\/2025\/10\/Group-168.svg\" class=\"attachment-full size-full wp-image-1512\" alt=\"\" \/>\t\t\t\t\t\t\t\t\t\t\t\t\t\t\t<\/div>\n\t\t\t\t<\/div>\n\t\t\t\t<div class=\"elementor-element elementor-element-66fee77 elementor-widget-divider--view-line elementor-widget elementor-widget-divider\" data-id=\"66fee77\" data-element_type=\"widget\" data-widget_type=\"divider.default\">\n\t\t\t\t<div class=\"elementor-widget-container\">\n\t\t\t\t\t\t\t<div class=\"elementor-divider\">\n\t\t\t<span class=\"elementor-divider-separator\">\n\t\t\t\t\t\t<\/span>\n\t\t<\/div>\n\t\t\t\t\t\t<\/div>\n\t\t\t\t<\/div>\n\t\t\t\t<div class=\"elementor-element elementor-element-a218d6b elementor-icon-list--layout-traditional elementor-list-item-link-full_width elementor-widget elementor-widget-icon-list\" data-id=\"a218d6b\" data-element_type=\"widget\" data-widget_type=\"icon-list.default\">\n\t\t\t\t<div class=\"elementor-widget-container\">\n\t\t\t\t\t\t\t<ul class=\"elementor-icon-list-items\">\n\t\t\t\t\t\t\t<li class=\"elementor-icon-list-item\">\n\t\t\t\t\t\t\t\t\t\t\t<a href=\"tel:+3252482873\">\n\n\t\t\t\t\t\t\t\t\t\t\t\t<span class=\"elementor-icon-list-icon\">\n\t\t\t\t\t\t\t<i aria-hidden=\"true\" class=\"fas fa-phone-alt\"><\/i>\t\t\t\t\t\t<\/span>\n\t\t\t\t\t\t\t\t\t\t<span class=\"elementor-icon-list-text\">052 48 28 73<\/span>\n\t\t\t\t\t\t\t\t\t\t\t<\/a>\n\t\t\t\t\t\t\t\t\t<\/li>\n\t\t\t\t\t\t\t\t<li class=\"elementor-icon-list-item\">\n\t\t\t\t\t\t\t\t\t\t\t<a href=\"mailto:info@holistikinstituut.be\">\n\n\t\t\t\t\t\t\t\t\t\t\t\t<span class=\"elementor-icon-list-icon\">\n\t\t\t\t\t\t\t<i aria-hidden=\"true\" class=\"fas fa-envelope\"><\/i>\t\t\t\t\t\t<\/span>\n\t\t\t\t\t\t\t\t\t\t<span class=\"elementor-icon-list-text\">info@holistikinstituut.be<\/span>\n\t\t\t\t\t\t\t\t\t\t\t<\/a>\n\t\t\t\t\t\t\t\t\t<\/li>\n\t\t\t\t\t\t\t\t<li class=\"elementor-icon-list-item\">\n\t\t\t\t\t\t\t\t\t\t\t<a href=\"mailto:iman@holistikinstituut.be\">\n\n\t\t\t\t\t\t\t\t\t\t\t\t<span class=\"elementor-icon-list-icon\">\n\t\t\t\t\t\t\t<i aria-hidden=\"true\" class=\"fas fa-envelope\"><\/i>\t\t\t\t\t\t<\/span>\n\t\t\t\t\t\t\t\t\t\t<span class=\"elementor-icon-list-text\">iman@holistikinstituut.be<\/span>\n\t\t\t\t\t\t\t\t\t\t\t<\/a>\n\t\t\t\t\t\t\t\t\t<\/li>\n\t\t\t\t\t\t<\/ul>\n\t\t\t\t\t\t<\/div>\n\t\t\t\t<\/div>\n\t\t\t\t<div class=\"elementor-element elementor-element-ec53ade elementor-widget-divider--view-line elementor-widget elementor-widget-divider\" data-id=\"ec53ade\" data-element_type=\"widget\" data-widget_type=\"divider.default\">\n\t\t\t\t<div class=\"elementor-widget-container\">\n\t\t\t\t\t\t\t<div class=\"elementor-divider\">\n\t\t\t<span class=\"elementor-divider-separator\">\n\t\t\t\t\t\t<\/span>\n\t\t<\/div>\n\t\t\t\t\t\t<\/div>\n\t\t\t\t<\/div>\n\t\t\t\t<div class=\"elementor-element elementor-element-98f8e90 elementor-widget__width-initial elementor-widget elementor-widget-text-editor\" data-id=\"98f8e90\" data-element_type=\"widget\" data-widget_type=\"text-editor.default\">\n\t\t\t\t<div class=\"elementor-widget-container\">\n\t\t\t\t\t\t\t\t\t<p><strong>Front (adresse publique)<\/strong><br><strong>Statieplein 12, 9200 Dendermonde<\/strong><\/p><ul><li>Directement \u00e0 la gare.<\/li><li>Id\u00e9al pour ceux qui viennent \u00e0 <strong>pied, \u00e0 v\u00e9lo, en train<\/strong> ou en <strong>bus.<\/strong> <\/li><li><a href=\"https:\/\/www.google.com\/maps\/dir\/\/Statieplein+12,+9200+Dendermonde\/@51.0237516,4.0985125,17z\/data=!4m17!1m8!3m7!1s0x47c396ccd3cdab39:0xc34078942cb75391!2sStatieplein+12,+9200+Dendermonde!3b1!8m2!3d51.0237483!4d4.1010874!16s%2Fg%2F11vzz1bkrk!4m7!1m0!1m5!1m1!1s0x47c396ccd3cdab39:0xc34078942cb75391!2m2!1d4.1010874!2d51.0237483?entry=ttu&amp;g_ep=EgoyMDI1MTExMi4wIKXMDSoASAFQAw%3D%3D\" target=\"_blank\" rel=\"noopener\">Itin\u00e9raire<\/a><\/li><\/ul><p><strong>Transports publics (avant) :<\/strong><\/p><ul><li>Entr\u00e9e par la Statieplein 12.<\/li><\/ul><p><strong>Arri\u00e8re (acc\u00e8s par le parking)<\/strong><br><strong>Parking VDAB &#8211; Geldroplaan 1, 9200 Dendermonde<\/strong><\/p><ul><li>Pratique pour ceux qui viennent <strong>en voiture<\/strong>.<\/li><li><strong>Parking disponible<\/strong> sur place.<\/li><li>Il est possible de p\u00e9n\u00e9trer dans le parking.<\/li><li>Suivez la route <strong>\u00e0 gauche du b\u00e2timent<\/strong> et <strong>continuez tout droit<\/strong> jusqu&#8217;\u00e0 ce que vous aperceviez le <strong>b\u00e2timent du cabinet.<\/strong> <\/li><li><a href=\"https:\/\/www.google.com\/maps\/dir\/\/Geldroplaan+1,+9200+Dendermonde\/@51.0245613,4.0978377,17z\/data=!4m17!1m8!3m7!1s0x47c39132d71b583d:0x228843fdf6da2069!2sGeldroplaan+1,+9200+Dendermonde!3b1!8m2!3d51.024558!4d4.1004126!16s%2Fg%2F11cp8w_nqk!4m7!1m0!1m5!1m1!1s0x47c39132d71b583d:0x228843fdf6da2069!2m2!1d4.1004126!2d51.024558?entry=ttu&amp;g_ep=EgoyMDI1MTExMi4wIKXMDSoASAFQAw%3D%3D\" target=\"_blank\" rel=\"noopener\">Itin\u00e9raire<\/a><\/li><\/ul>\t\t\t\t\t\t\t\t<\/div>\n\t\t\t\t<\/div>\n\t\t\t\t<div class=\"elementor-element elementor-element-7c58c22 elementor-icon-list--layout-traditional elementor-list-item-link-full_width elementor-widget elementor-widget-icon-list\" data-id=\"7c58c22\" data-element_type=\"widget\" data-widget_type=\"icon-list.default\">\n\t\t\t\t<div class=\"elementor-widget-container\">\n\t\t\t\t\t\t\t<ul class=\"elementor-icon-list-items\">\n\t\t\t\t\t\t\t<li class=\"elementor-icon-list-item\">\n\t\t\t\t\t\t\t\t\t\t\t<span class=\"elementor-icon-list-icon\">\n\t\t\t\t\t\t\t<i aria-hidden=\"true\" class=\"fas fa-train\"><\/i>\t\t\t\t\t\t<\/span>\n\t\t\t\t\t\t\t\t\t\t<span class=\"elementor-icon-list-text\">Train : \u00e0 distance de marche de la gare de Termonde  <\/span>\n\t\t\t\t\t\t\t\t\t<\/li>\n\t\t\t\t\t\t\t\t<li class=\"elementor-icon-list-item\">\n\t\t\t\t\t\t\t\t\t\t\t<span class=\"elementor-icon-list-icon\">\n\t\t\t\t\t\t\t<i aria-hidden=\"true\" class=\"fas fa-bus\"><\/i>\t\t\t\t\t\t<\/span>\n\t\t\t\t\t\t\t\t\t\t<span class=\"elementor-icon-list-text\">Bus : arr\u00eat pr\u00e8s de Statieplein<\/span>\n\t\t\t\t\t\t\t\t\t<\/li>\n\t\t\t\t\t\t\t\t<li class=\"elementor-icon-list-item\">\n\t\t\t\t\t\t\t\t\t\t\t<span class=\"elementor-icon-list-icon\">\n\t\t\t\t\t\t\t<i aria-hidden=\"true\" class=\"fas fa-car\"><\/i>\t\t\t\t\t\t<\/span>\n\t\t\t\t\t\t\t\t\t\t<span class=\"elementor-icon-list-text\">Voiture (parking arri\u00e8re) : - Entrez dans le parking du VDAB par Geldroplaan 1. - Continuez \u00e0 gauche du b\u00e2timent. - Vous verrez le b\u00e2timent de l'Holistik Acupunctuur Instituut.  <\/span>\n\t\t\t\t\t\t\t\t\t<\/li>\n\t\t\t\t\t\t\t\t<li class=\"elementor-icon-list-item\">\n\t\t\t\t\t\t\t\t\t\t\t<span class=\"elementor-icon-list-icon\">\n\t\t\t\t\t\t\t<i aria-hidden=\"true\" class=\"fas fa-taxi\"><\/i>\t\t\t\t\t\t<\/span>\n\t\t\t\t\t\t\t\t\t\t<span class=\"elementor-icon-list-text\">Taxi : station devant la gare  <\/span>\n\t\t\t\t\t\t\t\t\t<\/li>\n\t\t\t\t\t\t<\/ul>\n\t\t\t\t\t\t<\/div>\n\t\t\t\t<\/div>\n\t\t\t\t<\/div>\n\t\t<div class=\"elementor-element elementor-element-aa99416 e-con-full e-flex e-con e-child\" data-id=\"aa99416\" data-element_type=\"container\">\n\t\t\t\t<div class=\"elementor-element elementor-element-8015849 elementor-widget elementor-widget-heading\" data-id=\"8015849\" data-element_type=\"widget\" data-widget_type=\"heading.default\">\n\t\t\t\t<div class=\"elementor-widget-container\">\n\t\t\t\t\t<h2 class=\"elementor-heading-title elementor-size-default\">Prendre un rendez-vous en ligne ?<\/h2>\t\t\t\t<\/div>\n\t\t\t\t<\/div>\n\t\t\t\t<div class=\"elementor-element elementor-element-85ad8bc elementor-widget__width-initial elementor-widget elementor-widget-text-editor\" data-id=\"85ad8bc\" data-element_type=\"widget\" data-widget_type=\"text-editor.default\">\n\t\t\t\t<div class=\"elementor-widget-container\">\n\t\t\t\t\t\t\t\t\t<p>Utilisez le bouton ci-dessous pour prendre facilement votre rendez-vous en ligne.<\/p>\t\t\t\t\t\t\t\t<\/div>\n\t\t\t\t<\/div>\n\t\t\t\t<div class=\"elementor-element elementor-element-3468e0f elementor-align-left elementor-widget elementor-widget-button\" data-id=\"3468e0f\" data-element_type=\"widget\" data-widget_type=\"button.default\">\n\t\t\t\t<div class=\"elementor-widget-container\">\n\t\t\t\t\t\t\t\t\t<div class=\"elementor-button-wrapper\">\n\t\t\t\t\t<a class=\"elementor-button elementor-button-link elementor-size-sm\" href=\"https:\/\/holistikinstituut.be\/fr\/prenez-rendez-vous\/\">\n\t\t\t\t\t\t<span class=\"elementor-button-content-wrapper\">\n\t\t\t\t\t\t\t\t\t<span class=\"elementor-button-text\">Prenez rendez-vous<\/span>\n\t\t\t\t\t<\/span>\n\t\t\t\t\t<\/a>\n\t\t\t\t<\/div>\n\t\t\t\t\t\t\t\t<\/div>\n\t\t\t\t<\/div>\n\t\t\t\t<div class=\"elementor-element elementor-element-932e784 elementor-widget elementor-widget-heading\" data-id=\"932e784\" data-element_type=\"widget\" data-widget_type=\"heading.default\">\n\t\t\t\t<div class=\"elementor-widget-container\">\n\t\t\t\t\t<h2 class=\"elementor-heading-title elementor-size-default\">Avez-vous une question ?<\/h2>\t\t\t\t<\/div>\n\t\t\t\t<\/div>\n\t\t\t\t<div class=\"elementor-element elementor-element-913a277 elementor-widget__width-initial elementor-widget elementor-widget-text-editor\" data-id=\"913a277\" data-element_type=\"widget\" data-widget_type=\"text-editor.default\">\n\t\t\t\t<div class=\"elementor-widget-container\">\n\t\t\t\t\t\t\t\t\t<p>Laissez-nous vos coordonn\u00e9es et votre question, et nous vous r\u00e9pondrons dans les plus brefs d\u00e9lais.<\/p>\t\t\t\t\t\t\t\t<\/div>\n\t\t\t\t<\/div>\n\t\t\t\t<div class=\"elementor-element elementor-element-97c4b35 elementor-widget elementor-widget-shortcode\" data-id=\"97c4b35\" data-element_type=\"widget\" data-widget_type=\"shortcode.default\">\n\t\t\t\t<div class=\"elementor-widget-container\">\n\t\t\t\t\t\t\t<div class=\"elementor-shortcode\"><div class=\"forminator-ui forminator-custom-form forminator-custom-form-2029 forminator-design--flat forminator-enclosed forminator_ajax\" data-forminator-render=\"0\" data-form=\"forminator-module-2029\" data-uid=\"69e665df95d8e\"><br\/><\/div><form\n\t\t\t\tid=\"forminator-module-2029\"\n\t\t\t\tclass=\"forminator-ui forminator-custom-form forminator-custom-form-2029 forminator-design--flat forminator-enclosed forminator_ajax\"\n\t\t\t\tmethod=\"post\"\n\t\t\t\tdata-forminator-render=\"0\"\n\t\t\t\tdata-form-id=\"2029\"\n\t\t\t\t data-color-option=\"theme\" data-design=\"flat\" data-grid=\"enclosed\" style=\"display: none;\"\n\t\t\t\tdata-uid=\"69e665df95d8e\"\n\t\t\t><div role=\"alert\" aria-live=\"polite\" class=\"forminator-response-message forminator-error\" aria-hidden=\"true\"><\/div><div class=\"forminator-row\"><div id=\"name-1\" class=\"forminator-field-name forminator-col forminator-col-12 \"><div class=\"forminator-field\"><label for=\"forminator-field-name-1_69e665df95d8e\" id=\"forminator-field-name-1_69e665df95d8e-label\" class=\"forminator-label\">Nom <span class=\"forminator-required\">*<\/span><\/label><input type=\"text\" name=\"name-1\" value=\"\" placeholder=\"\" id=\"forminator-field-name-1_69e665df95d8e\" class=\"forminator-input forminator-name--field\" aria-required=\"true\" autocomplete=\"name\" \/><\/div><\/div><\/div><div class=\"forminator-row\"><div id=\"email-1\" class=\"forminator-field-email forminator-col forminator-col-6 \"><div class=\"forminator-field\"><label for=\"forminator-field-email-1_69e665df95d8e\" id=\"forminator-field-email-1_69e665df95d8e-label\" class=\"forminator-label\">E-mail <span class=\"forminator-required\">*<\/span><\/label><input type=\"email\" name=\"email-1\" value=\"\" placeholder=\"\" id=\"forminator-field-email-1_69e665df95d8e\" class=\"forminator-input forminator-email--field\" data-required=\"true\" aria-required=\"true\" autocomplete=\"email\" \/><\/div><\/div><div id=\"phone-1\" class=\"forminator-field-phone forminator-col forminator-col-6 \"><div class=\"forminator-field\"><label for=\"forminator-field-phone-1_69e665df95d8e\" id=\"forminator-field-phone-1_69e665df95d8e-label\" class=\"forminator-label\">Num\u00e9ro de t\u00e9l\u00e9phone<\/label><input type=\"text\" name=\"phone-1\" value=\"\" placeholder=\"\" id=\"forminator-field-phone-1_69e665df95d8e\" class=\"forminator-input forminator-field--phone\" data-required=\"\" aria-required=\"false\" autocomplete=\"off\" \/><\/div><\/div><\/div><div class=\"forminator-row\"><div id=\"textarea-1\" class=\"forminator-field-textarea forminator-col forminator-col-12 \"><div class=\"forminator-field\"><label for=\"forminator-field-textarea-1_69e665df95d8e\" id=\"forminator-field-textarea-1_69e665df95d8e-label\" class=\"forminator-label\">Message <span class=\"forminator-required\">*<\/span><\/label><textarea name=\"textarea-1\" placeholder=\"\" id=\"forminator-field-textarea-1_69e665df95d8e\" class=\"forminator-textarea\" rows=\"6\" style=\"min-height:140px;\" ><\/textarea><\/div><\/div><\/div><div class=\"forminator-row\"><div id=\"captcha-1\" class=\"forminator-field-captcha forminator-col forminator-col-12 \"><div class=\"forminator-captcha-left forminator-g-recaptcha recaptcha-invisible\" data-theme=\"light\" data-badge=\"bottomright\" data-sitekey=\"6LeNyx8sAAAAAHR1fNFfU-Yq_uxC950kq1vQmcPw\" data-size=\"invisible\"><\/div> <\/div><\/div><input type=\"hidden\" name=\"referer_url\" value=\"\" \/><div class=\"forminator-row forminator-row-last\"><div class=\"forminator-col\"><div class=\"forminator-field\"><button class=\"forminator-button forminator-button-submit\">Envoyer<\/button><\/div><\/div><\/div><input type=\"hidden\" id=\"forminator_nonce\" name=\"forminator_nonce\" value=\"d80962dc14\" \/><input type=\"hidden\" name=\"_wp_http_referer\" value=\"\/fr\/wp-json\/wp\/v2\/pages\/1511\" \/><input type=\"hidden\" name=\"form_id\" value=\"2029\"><input type=\"hidden\" name=\"page_id\" value=\"1511\"><input type=\"hidden\" name=\"form_type\" value=\"default\"><input type=\"hidden\" name=\"current_url\" value=\"https:\/\/holistikinstituut.be\/fr\/contact\/\"><input type=\"hidden\" name=\"render_id\" value=\"0\"><input type=\"hidden\" name=\"action\" value=\"forminator_submit_form_custom-forms\"><\/form><\/div>\n\t\t\t\t\t\t<\/div>\n\t\t\t\t<\/div>\n\t\t\t\t<\/div>\n\t\t\t\t\t<\/div>\n\t\t\t\t<\/div>\n\t\t<div class=\"elementor-element elementor-element-e896de8 e-flex e-con-boxed e-con e-parent\" data-id=\"e896de8\" data-element_type=\"container\">\n\t\t\t\t\t<div class=\"e-con-inner\">\n\t\t\t\t<div class=\"elementor-element elementor-element-45fa0db elementor-widget elementor-widget-html\" data-id=\"45fa0db\" data-element_type=\"widget\" data-widget_type=\"html.default\">\n\t\t\t\t<div class=\"elementor-widget-container\">\n\t\t\t\t\t<div style=\"height:400px; border:2px solid #eee; display:block;overflow: hidden; width: 100%;\">\n<iframe src=\"https:\/\/www.google.com\/maps\/d\/u\/0\/embed?mid=1z_K3iM6e48K3XvIO206Yxz1WeCUpazU&amp;ehbc=2E312F&amp;noprof=1\" width=\"100%\" height=\"460\" style=\"position:relative; top:-60px; border:none;\"><\/iframe>\n<\/div>\t\t\t\t<\/div>\n\t\t\t\t<\/div>\n\t\t\t\t\t<\/div>\n\t\t\t\t<\/div>\n\t\t\t\t<\/div>\n\t\t","protected":false},"excerpt":{"rendered":"<p>Contact et rendez-vous 052 48 28 73 info@holistikinstituut.be iman@holistikinstituut.be Front (adresse publique)Statieplein 12, 9200 Dendermonde Directement \u00e0 la gare. Id\u00e9al pour ceux qui viennent \u00e0 pied, \u00e0 v\u00e9lo, en train ou en bus. Itin\u00e9raire Transports publics (avant) : Entr\u00e9e par la Statieplein 12. Arri\u00e8re (acc\u00e8s par le parking)Parking VDAB &#8211; Geldroplaan 1, 9200 Dendermonde Pratique [&hellip;]<\/p>\n","protected":false},"author":4,"featured_media":0,"parent":0,"menu_order":0,"comment_status":"closed","ping_status":"closed","template":"","meta":{"footnotes":""},"class_list":["post-1511","page","type-page","status-publish","hentry"],"yoast_head":"<!-- This site is optimized with the Yoast SEO plugin v26.5 - https:\/\/yoast.com\/wordpress\/plugins\/seo\/ -->\n<title>Contact - Holistik Acupunctuur Instituut<\/title>\n<meta name=\"robots\" content=\"index, follow, max-snippet:-1, max-image-preview:large, max-video-preview:-1\" \/>\n<link rel=\"canonical\" href=\"https:\/\/holistikinstituut.be\/fr\/contact\/\" \/>\n<meta property=\"og:locale\" content=\"fr_FR\" \/>\n<meta property=\"og:type\" content=\"article\" \/>\n<meta property=\"og:title\" content=\"Contact - Holistik Acupunctuur Instituut\" \/>\n<meta property=\"og:description\" content=\"Contact et rendez-vous 052 48 28 73 info@holistikinstituut.be iman@holistikinstituut.be Front (adresse publique)Statieplein 12, 9200 Dendermonde Directement \u00e0 la gare. Id\u00e9al pour ceux qui viennent \u00e0 pied, \u00e0 v\u00e9lo, en train ou en bus. Itin\u00e9raire Transports publics (avant) : Entr\u00e9e par la Statieplein 12. Arri\u00e8re (acc\u00e8s par le parking)Parking VDAB &#8211; Geldroplaan 1, 9200 Dendermonde Pratique [&hellip;]\" \/>\n<meta property=\"og:url\" content=\"https:\/\/holistikinstituut.be\/fr\/contact\/\" \/>\n<meta property=\"og:site_name\" content=\"Holistik Acupunctuur Instituut\" \/>\n<meta property=\"article:modified_time\" content=\"2025-12-18T08:24:48+00:00\" \/>\n<meta name=\"twitter:card\" content=\"summary_large_image\" \/>\n<meta name=\"twitter:label1\" content=\"Dur\u00e9e de lecture estim\u00e9e\" \/>\n\t<meta name=\"twitter:data1\" content=\"2 minutes\" \/>\n<script type=\"application\/ld+json\" class=\"yoast-schema-graph\">{\"@context\":\"https:\/\/schema.org\",\"@graph\":[{\"@type\":\"WebPage\",\"@id\":\"https:\/\/holistikinstituut.be\/fr\/contact\/\",\"url\":\"https:\/\/holistikinstituut.be\/fr\/contact\/\",\"name\":\"Contact - Holistik Acupunctuur Instituut\",\"isPartOf\":{\"@id\":\"https:\/\/holistikinstituut.be\/fr\/#website\"},\"primaryImageOfPage\":{\"@id\":\"https:\/\/holistikinstituut.be\/fr\/contact\/#primaryimage\"},\"image\":{\"@id\":\"https:\/\/holistikinstituut.be\/fr\/contact\/#primaryimage\"},\"thumbnailUrl\":\"https:\/\/holistikinstituut.be\/wp-content\/uploads\/2025\/10\/Group-168.svg\",\"datePublished\":\"2019-01-08T14:31:43+00:00\",\"dateModified\":\"2025-12-18T08:24:48+00:00\",\"breadcrumb\":{\"@id\":\"https:\/\/holistikinstituut.be\/fr\/contact\/#breadcrumb\"},\"inLanguage\":\"fr-FR\",\"potentialAction\":[{\"@type\":\"ReadAction\",\"target\":[\"https:\/\/holistikinstituut.be\/fr\/contact\/\"]}]},{\"@type\":\"ImageObject\",\"inLanguage\":\"fr-FR\",\"@id\":\"https:\/\/holistikinstituut.be\/fr\/contact\/#primaryimage\",\"url\":\"https:\/\/holistikinstituut.be\/wp-content\/uploads\/2025\/10\/Group-168.svg\",\"contentUrl\":\"https:\/\/holistikinstituut.be\/wp-content\/uploads\/2025\/10\/Group-168.svg\"},{\"@type\":\"BreadcrumbList\",\"@id\":\"https:\/\/holistikinstituut.be\/fr\/contact\/#breadcrumb\",\"itemListElement\":[{\"@type\":\"ListItem\",\"position\":1,\"name\":\"Accueil\",\"item\":\"https:\/\/holistikinstituut.be\/fr\/\"},{\"@type\":\"ListItem\",\"position\":2,\"name\":\"Contact\"}]},{\"@type\":\"WebSite\",\"@id\":\"https:\/\/holistikinstituut.be\/fr\/#website\",\"url\":\"https:\/\/holistikinstituut.be\/fr\/\",\"name\":\"Holistik Acupunctuur Instituut\",\"description\":\"\",\"publisher\":{\"@id\":\"https:\/\/holistikinstituut.be\/fr\/#organization\"},\"potentialAction\":[{\"@type\":\"SearchAction\",\"target\":{\"@type\":\"EntryPoint\",\"urlTemplate\":\"https:\/\/holistikinstituut.be\/fr\/?s={search_term_string}\"},\"query-input\":{\"@type\":\"PropertyValueSpecification\",\"valueRequired\":true,\"valueName\":\"search_term_string\"}}],\"inLanguage\":\"fr-FR\"},{\"@type\":\"Organization\",\"@id\":\"https:\/\/holistikinstituut.be\/fr\/#organization\",\"name\":\"Holistik Acupunctuur Instituut\",\"url\":\"https:\/\/holistikinstituut.be\/fr\/\",\"logo\":{\"@type\":\"ImageObject\",\"inLanguage\":\"fr-FR\",\"@id\":\"https:\/\/holistikinstituut.be\/fr\/#\/schema\/logo\/image\/\",\"url\":\"https:\/\/holistikinstituut.be\/wp-content\/uploads\/2022\/07\/Union-6.svg\",\"contentUrl\":\"https:\/\/holistikinstituut.be\/wp-content\/uploads\/2022\/07\/Union-6.svg\",\"width\":117,\"height\":118,\"caption\":\"Holistik Acupunctuur Instituut\"},\"image\":{\"@id\":\"https:\/\/holistikinstituut.be\/fr\/#\/schema\/logo\/image\/\"}}]}<\/script>\n<!-- \/ Yoast SEO plugin. -->","yoast_head_json":{"title":"Contact - Holistik Acupunctuur Instituut","robots":{"index":"index","follow":"follow","max-snippet":"max-snippet:-1","max-image-preview":"max-image-preview:large","max-video-preview":"max-video-preview:-1"},"canonical":"https:\/\/holistikinstituut.be\/fr\/contact\/","og_locale":"fr_FR","og_type":"article","og_title":"Contact - Holistik Acupunctuur Instituut","og_description":"Contact et rendez-vous 052 48 28 73 info@holistikinstituut.be iman@holistikinstituut.be Front (adresse publique)Statieplein 12, 9200 Dendermonde Directement \u00e0 la gare. Id\u00e9al pour ceux qui viennent \u00e0 pied, \u00e0 v\u00e9lo, en train ou en bus. Itin\u00e9raire Transports publics (avant) : Entr\u00e9e par la Statieplein 12. Arri\u00e8re (acc\u00e8s par le parking)Parking VDAB &#8211; Geldroplaan 1, 9200 Dendermonde Pratique [&hellip;]","og_url":"https:\/\/holistikinstituut.be\/fr\/contact\/","og_site_name":"Holistik Acupunctuur Instituut","article_modified_time":"2025-12-18T08:24:48+00:00","twitter_card":"summary_large_image","twitter_misc":{"Dur\u00e9e de lecture estim\u00e9e":"2 minutes"},"schema":{"@context":"https:\/\/schema.org","@graph":[{"@type":"WebPage","@id":"https:\/\/holistikinstituut.be\/fr\/contact\/","url":"https:\/\/holistikinstituut.be\/fr\/contact\/","name":"Contact - Holistik Acupunctuur Instituut","isPartOf":{"@id":"https:\/\/holistikinstituut.be\/fr\/#website"},"primaryImageOfPage":{"@id":"https:\/\/holistikinstituut.be\/fr\/contact\/#primaryimage"},"image":{"@id":"https:\/\/holistikinstituut.be\/fr\/contact\/#primaryimage"},"thumbnailUrl":"https:\/\/holistikinstituut.be\/wp-content\/uploads\/2025\/10\/Group-168.svg","datePublished":"2019-01-08T14:31:43+00:00","dateModified":"2025-12-18T08:24:48+00:00","breadcrumb":{"@id":"https:\/\/holistikinstituut.be\/fr\/contact\/#breadcrumb"},"inLanguage":"fr-FR","potentialAction":[{"@type":"ReadAction","target":["https:\/\/holistikinstituut.be\/fr\/contact\/"]}]},{"@type":"ImageObject","inLanguage":"fr-FR","@id":"https:\/\/holistikinstituut.be\/fr\/contact\/#primaryimage","url":"https:\/\/holistikinstituut.be\/wp-content\/uploads\/2025\/10\/Group-168.svg","contentUrl":"https:\/\/holistikinstituut.be\/wp-content\/uploads\/2025\/10\/Group-168.svg"},{"@type":"BreadcrumbList","@id":"https:\/\/holistikinstituut.be\/fr\/contact\/#breadcrumb","itemListElement":[{"@type":"ListItem","position":1,"name":"Accueil","item":"https:\/\/holistikinstituut.be\/fr\/"},{"@type":"ListItem","position":2,"name":"Contact"}]},{"@type":"WebSite","@id":"https:\/\/holistikinstituut.be\/fr\/#website","url":"https:\/\/holistikinstituut.be\/fr\/","name":"Holistik Acupunctuur Instituut","description":"","publisher":{"@id":"https:\/\/holistikinstituut.be\/fr\/#organization"},"potentialAction":[{"@type":"SearchAction","target":{"@type":"EntryPoint","urlTemplate":"https:\/\/holistikinstituut.be\/fr\/?s={search_term_string}"},"query-input":{"@type":"PropertyValueSpecification","valueRequired":true,"valueName":"search_term_string"}}],"inLanguage":"fr-FR"},{"@type":"Organization","@id":"https:\/\/holistikinstituut.be\/fr\/#organization","name":"Holistik Acupunctuur Instituut","url":"https:\/\/holistikinstituut.be\/fr\/","logo":{"@type":"ImageObject","inLanguage":"fr-FR","@id":"https:\/\/holistikinstituut.be\/fr\/#\/schema\/logo\/image\/","url":"https:\/\/holistikinstituut.be\/wp-content\/uploads\/2022\/07\/Union-6.svg","contentUrl":"https:\/\/holistikinstituut.be\/wp-content\/uploads\/2022\/07\/Union-6.svg","width":117,"height":118,"caption":"Holistik Acupunctuur Instituut"},"image":{"@id":"https:\/\/holistikinstituut.be\/fr\/#\/schema\/logo\/image\/"}}]}},"_links":{"self":[{"href":"https:\/\/holistikinstituut.be\/fr\/wp-json\/wp\/v2\/pages\/1511","targetHints":{"allow":["GET"]}}],"collection":[{"href":"https:\/\/holistikinstituut.be\/fr\/wp-json\/wp\/v2\/pages"}],"about":[{"href":"https:\/\/holistikinstituut.be\/fr\/wp-json\/wp\/v2\/types\/page"}],"author":[{"embeddable":true,"href":"https:\/\/holistikinstituut.be\/fr\/wp-json\/wp\/v2\/users\/4"}],"replies":[{"embeddable":true,"href":"https:\/\/holistikinstituut.be\/fr\/wp-json\/wp\/v2\/comments?post=1511"}],"version-history":[{"count":4,"href":"https:\/\/holistikinstituut.be\/fr\/wp-json\/wp\/v2\/pages\/1511\/revisions"}],"predecessor-version":[{"id":2035,"href":"https:\/\/holistikinstituut.be\/fr\/wp-json\/wp\/v2\/pages\/1511\/revisions\/2035"}],"wp:attachment":[{"href":"https:\/\/holistikinstituut.be\/fr\/wp-json\/wp\/v2\/media?parent=1511"}],"curies":[{"name":"wp","href":"https:\/\/api.w.org\/{rel}","templated":true}]}}