{"id":1483,"date":"2025-09-24T16:35:21","date_gmt":"2025-09-24T14:35:21","guid":{"rendered":"https:\/\/holistikinstituut.be\/traitements\/hijama\/"},"modified":"2025-12-11T13:39:55","modified_gmt":"2025-12-11T12:39:55","slug":"hijama","status":"publish","type":"page","link":"https:\/\/holistikinstituut.be\/fr\/traitements\/hijama\/","title":{"rendered":"Hijama"},"content":{"rendered":"\t\t<div data-elementor-type=\"wp-page\" data-elementor-id=\"1483\" class=\"elementor elementor-1483 elementor-370\" data-elementor-post-type=\"page\">\n\t\t\t\t<div class=\"elementor-element elementor-element-6fa041e e-flex e-con-boxed e-con e-parent\" data-id=\"6fa041e\" data-element_type=\"container\" data-settings=\"{&quot;background_background&quot;:&quot;classic&quot;}\">\n\t\t\t\t\t<div class=\"e-con-inner\">\n\t\t\t\t<div class=\"elementor-element elementor-element-405ac60 elementor-widget elementor-widget-heading\" data-id=\"405ac60\" data-element_type=\"widget\" data-widget_type=\"heading.default\">\n\t\t\t\t<div class=\"elementor-widget-container\">\n\t\t\t\t\t<h1 class=\"elementor-heading-title elementor-size-default\">Hijama<\/h1>\t\t\t\t<\/div>\n\t\t\t\t<\/div>\n\t\t\t\t\t<\/div>\n\t\t\t\t<\/div>\n\t\t<div class=\"elementor-element elementor-element-29eef37 e-flex e-con-boxed e-con e-parent\" data-id=\"29eef37\" data-element_type=\"container\">\n\t\t\t\t\t<div class=\"e-con-inner\">\n\t\t<div class=\"elementor-element elementor-element-bbfa5a8 e-con-full e-flex e-con e-child\" data-id=\"bbfa5a8\" data-element_type=\"container\">\n\t\t\t\t<div class=\"elementor-element elementor-element-1c41771 elementor-widget elementor-widget-image\" data-id=\"1c41771\" data-element_type=\"widget\" data-widget_type=\"image.default\">\n\t\t\t\t<div class=\"elementor-widget-container\">\n\t\t\t\t\t\t\t\t\t\t\t\t\t\t\t<img fetchpriority=\"high\" decoding=\"async\" width=\"2109\" height=\"1403\" src=\"https:\/\/holistikinstituut.be\/wp-content\/uploads\/2025\/10\/suction-cup-process-man-client.webp\" class=\"attachment-full size-full wp-image-1484\" alt=\"\" srcset=\"https:\/\/holistikinstituut.be\/wp-content\/uploads\/2025\/10\/suction-cup-process-man-client.webp 2109w, https:\/\/holistikinstituut.be\/wp-content\/uploads\/2025\/10\/suction-cup-process-man-client-300x200.webp 300w, https:\/\/holistikinstituut.be\/wp-content\/uploads\/2025\/10\/suction-cup-process-man-client-1024x681.webp 1024w, https:\/\/holistikinstituut.be\/wp-content\/uploads\/2025\/10\/suction-cup-process-man-client-768x511.webp 768w, https:\/\/holistikinstituut.be\/wp-content\/uploads\/2025\/10\/suction-cup-process-man-client-1536x1022.webp 1536w, https:\/\/holistikinstituut.be\/wp-content\/uploads\/2025\/10\/suction-cup-process-man-client-2048x1362.webp 2048w\" sizes=\"(max-width: 2109px) 100vw, 2109px\" \/>\t\t\t\t\t\t\t\t\t\t\t\t\t\t\t<\/div>\n\t\t\t\t<\/div>\n\t\t\t\t<\/div>\n\t\t<div class=\"elementor-element elementor-element-2faeff1 e-con-full e-flex e-con e-child\" data-id=\"2faeff1\" data-element_type=\"container\">\n\t\t\t\t<div class=\"elementor-element elementor-element-645c64a elementor-widget__width-initial elementor-widget elementor-widget-heading\" data-id=\"645c64a\" data-element_type=\"widget\" data-widget_type=\"heading.default\">\n\t\t\t\t<div class=\"elementor-widget-container\">\n\t\t\t\t\t<h2 class=\"elementor-heading-title elementor-size-default\">Th\u00e9rapie Hijama<\/h2>\t\t\t\t<\/div>\n\t\t\t\t<\/div>\n\t\t\t\t<div class=\"elementor-element elementor-element-ccc0d10 elementor-widget__width-initial elementor-widget elementor-widget-text-editor\" data-id=\"ccc0d10\" data-element_type=\"widget\" data-widget_type=\"text-editor.default\">\n\t\t\t\t<div class=\"elementor-widget-container\">\n\t\t\t\t\t\t\t\t\t<p>La hijama, \u00e9galement connue sous le nom de ventouses sanguines, est une th\u00e9rapie traditionnelle qui permet d&#8217;\u00e9liminer les d\u00e9chets et les &#8220;stagnations&#8221; du corps gr\u00e2ce \u00e0 une combinaison de ventouses et de l\u00e9g\u00e8res incisions.<\/p>\t\t\t\t\t\t\t\t<\/div>\n\t\t\t\t<\/div>\n\t\t<div class=\"elementor-element elementor-element-b445795 e-con-full e-flex e-con e-child\" data-id=\"b445795\" data-element_type=\"container\" data-settings=\"{&quot;background_background&quot;:&quot;classic&quot;}\">\n\t\t\t\t<div class=\"elementor-element elementor-element-618d269 elementor-widget elementor-widget-heading\" data-id=\"618d269\" data-element_type=\"widget\" data-widget_type=\"heading.default\">\n\t\t\t\t<div class=\"elementor-widget-container\">\n\t\t\t\t\t<h3 class=\"elementor-heading-title elementor-size-default\">Comment proc\u00e9der ?<\/h3>\t\t\t\t<\/div>\n\t\t\t\t<\/div>\n\t\t\t\t<div class=\"elementor-element elementor-element-4d059c0 elementor-icon-list--layout-traditional elementor-list-item-link-full_width elementor-widget elementor-widget-icon-list\" data-id=\"4d059c0\" data-element_type=\"widget\" data-widget_type=\"icon-list.default\">\n\t\t\t\t<div class=\"elementor-widget-container\">\n\t\t\t\t\t\t\t<ul class=\"elementor-icon-list-items\">\n\t\t\t\t\t\t\t<li class=\"elementor-icon-list-item\">\n\t\t\t\t\t\t\t\t\t\t\t<span class=\"elementor-icon-list-icon\">\n\t\t\t\t\t\t\t<i aria-hidden=\"true\" class=\"far fa-check-circle\"><\/i>\t\t\t\t\t\t<\/span>\n\t\t\t\t\t\t\t\t\t\t<span class=\"elementor-icon-list-text\">Des bonnets sont d'abord plac\u00e9s sur la peau. L'aspiration par le vide stimule consid\u00e9rablement la circulation sanguine dans la zone concern\u00e9e.   <\/span>\n\t\t\t\t\t\t\t\t\t<\/li>\n\t\t\t\t\t\t\t\t<li class=\"elementor-icon-list-item\">\n\t\t\t\t\t\t\t\t\t\t\t<span class=\"elementor-icon-list-icon\">\n\t\t\t\t\t\t\t<i aria-hidden=\"true\" class=\"far fa-check-circle\"><\/i>\t\t\t\t\t\t<\/span>\n\t\t\t\t\t\t\t\t\t\t<span class=\"elementor-icon-list-text\">Nous utilisons ensuite une aiguille fine et st\u00e9rile pour faire plusieurs petits trous superficiels dans la peau.  <\/span>\n\t\t\t\t\t\t\t\t\t<\/li>\n\t\t\t\t\t\t\t\t<li class=\"elementor-icon-list-item\">\n\t\t\t\t\t\t\t\t\t\t\t<span class=\"elementor-icon-list-icon\">\n\t\t\t\t\t\t\t<i aria-hidden=\"true\" class=\"far fa-check-circle\"><\/i>\t\t\t\t\t\t<\/span>\n\t\t\t\t\t\t\t\t\t\t<span class=\"elementor-icon-list-text\">Nous repositionnons ensuite les coupelles, ce qui permet au corps d'\u00e9vacuer une quantit\u00e9 de \"vieux sang contamin\u00e9\" et de d\u00e9chets.<\/span>\n\t\t\t\t\t\t\t\t\t<\/li>\n\t\t\t\t\t\t<\/ul>\n\t\t\t\t\t\t<\/div>\n\t\t\t\t<\/div>\n\t\t\t\t<\/div>\n\t\t\t\t<\/div>\n\t\t\t\t\t<\/div>\n\t\t\t\t<\/div>\n\t\t<div class=\"elementor-element elementor-element-724abb9 e-flex e-con-boxed e-con e-parent\" data-id=\"724abb9\" data-element_type=\"container\">\n\t\t\t\t\t<div class=\"e-con-inner\">\n\t\t<div class=\"elementor-element elementor-element-372e54a e-con-full e-flex e-con e-child\" data-id=\"372e54a\" data-element_type=\"container\">\n\t\t\t\t<div class=\"elementor-element elementor-element-64a5b73 elementor-widget__width-initial elementor-widget elementor-widget-text-editor\" data-id=\"64a5b73\" data-element_type=\"widget\" data-widget_type=\"text-editor.default\">\n\t\t\t\t<div class=\"elementor-widget-container\">\n\t\t\t\t\t\t\t\t\t<p>Ce processus est toujours effectu\u00e9 avec soin, de mani\u00e8re hygi\u00e9nique et sans douleur.<\/p>\t\t\t\t\t\t\t\t<\/div>\n\t\t\t\t<\/div>\n\t\t<div class=\"elementor-element elementor-element-424843d e-con-full e-flex e-con e-child\" data-id=\"424843d\" data-element_type=\"container\" data-settings=\"{&quot;background_background&quot;:&quot;classic&quot;}\">\n\t\t\t\t<div class=\"elementor-element elementor-element-07eeb24 elementor-widget elementor-widget-heading\" data-id=\"07eeb24\" data-element_type=\"widget\" data-widget_type=\"heading.default\">\n\t\t\t\t<div class=\"elementor-widget-container\">\n\t\t\t\t\t<h3 class=\"elementor-heading-title elementor-size-default\">Avantages :<\/h3>\t\t\t\t<\/div>\n\t\t\t\t<\/div>\n\t\t\t\t<div class=\"elementor-element elementor-element-abf709d elementor-icon-list--layout-traditional elementor-list-item-link-full_width elementor-widget elementor-widget-icon-list\" data-id=\"abf709d\" data-element_type=\"widget\" data-widget_type=\"icon-list.default\">\n\t\t\t\t<div class=\"elementor-widget-container\">\n\t\t\t\t\t\t\t<ul class=\"elementor-icon-list-items\">\n\t\t\t\t\t\t\t<li class=\"elementor-icon-list-item\">\n\t\t\t\t\t\t\t\t\t\t\t<span class=\"elementor-icon-list-icon\">\n\t\t\t\t\t\t\t<i aria-hidden=\"true\" class=\"far fa-check-circle\"><\/i>\t\t\t\t\t\t<\/span>\n\t\t\t\t\t\t\t\t\t\t<span class=\"elementor-icon-list-text\">Favorise la circulation et la d\u00e9sintoxication<\/span>\n\t\t\t\t\t\t\t\t\t<\/li>\n\t\t\t\t\t\t\t\t<li class=\"elementor-icon-list-item\">\n\t\t\t\t\t\t\t\t\t\t\t<span class=\"elementor-icon-list-icon\">\n\t\t\t\t\t\t\t<i aria-hidden=\"true\" class=\"far fa-check-circle\"><\/i>\t\t\t\t\t\t<\/span>\n\t\t\t\t\t\t\t\t\t\t<span class=\"elementor-icon-list-text\">Soulage les douleurs musculaires et articulaires  <\/span>\n\t\t\t\t\t\t\t\t\t<\/li>\n\t\t\t\t\t\t\t\t<li class=\"elementor-icon-list-item\">\n\t\t\t\t\t\t\t\t\t\t\t<span class=\"elementor-icon-list-icon\">\n\t\t\t\t\t\t\t<i aria-hidden=\"true\" class=\"far fa-check-circle\"><\/i>\t\t\t\t\t\t<\/span>\n\t\t\t\t\t\t\t\t\t\t<span class=\"elementor-icon-list-text\">Soutient le syst\u00e8me immunitaire  <\/span>\n\t\t\t\t\t\t\t\t\t<\/li>\n\t\t\t\t\t\t\t\t<li class=\"elementor-icon-list-item\">\n\t\t\t\t\t\t\t\t\t\t\t<span class=\"elementor-icon-list-icon\">\n\t\t\t\t\t\t\t<i aria-hidden=\"true\" class=\"far fa-check-circle\"><\/i>\t\t\t\t\t\t<\/span>\n\t\t\t\t\t\t\t\t\t\t<span class=\"elementor-icon-list-text\">R\u00e9duit la tension et la fatigue<\/span>\n\t\t\t\t\t\t\t\t\t<\/li>\n\t\t\t\t\t\t\t\t<li class=\"elementor-icon-list-item\">\n\t\t\t\t\t\t\t\t\t\t\t<span class=\"elementor-icon-list-icon\">\n\t\t\t\t\t\t\t<i aria-hidden=\"true\" class=\"far fa-check-circle\"><\/i>\t\t\t\t\t\t<\/span>\n\t\t\t\t\t\t\t\t\t\t<span class=\"elementor-icon-list-text\">Contribue \u00e0 l'\u00e9quilibre hormonal et \u00e9nerg\u00e9tique  <\/span>\n\t\t\t\t\t\t\t\t\t<\/li>\n\t\t\t\t\t\t<\/ul>\n\t\t\t\t\t\t<\/div>\n\t\t\t\t<\/div>\n\t\t\t\t<\/div>\n\t\t\t\t<div class=\"elementor-element elementor-element-c78fb6d elementor-widget__width-initial elementor-widget elementor-widget-text-editor\" data-id=\"c78fb6d\" data-element_type=\"widget\" data-widget_type=\"text-editor.default\">\n\t\t\t\t<div class=\"elementor-widget-container\">\n\t\t\t\t\t\t\t\t\t<p>Indications : fatigue chronique, maux de t\u00eate et migraines, douleurs musculaires et articulaires, probl\u00e8mes digestifs, d\u00e9s\u00e9quilibre hormonal, stress, d\u00e9sintoxication g\u00e9n\u00e9rale.<\/p><p>Contre-indications : grossesse, menstruation, utilisation d&#8217;anticoagulants, probl\u00e8mes cardiaques graves, fi\u00e8vre, peau ab\u00eem\u00e9e.<\/p>\t\t\t\t\t\t\t\t<\/div>\n\t\t\t\t<\/div>\n\t\t\t\t<div class=\"elementor-element elementor-element-0770646 elementor-align-left elementor-widget elementor-widget-button\" data-id=\"0770646\" data-element_type=\"widget\" data-widget_type=\"button.default\">\n\t\t\t\t<div class=\"elementor-widget-container\">\n\t\t\t\t\t\t\t\t\t<div class=\"elementor-button-wrapper\">\n\t\t\t\t\t<a class=\"elementor-button elementor-button-link elementor-size-sm\" href=\"https:\/\/bookings.crossuite.app\/f51bbe52-a1e5-4801-a792-b7aa2cc7eadb\" target=\"_blank\">\n\t\t\t\t\t\t<span class=\"elementor-button-content-wrapper\">\n\t\t\t\t\t\t\t\t\t<span class=\"elementor-button-text\">Planifiez votre entretien d'admission<\/span>\n\t\t\t\t\t<\/span>\n\t\t\t\t\t<\/a>\n\t\t\t\t<\/div>\n\t\t\t\t\t\t\t\t<\/div>\n\t\t\t\t<\/div>\n\t\t\t\t<\/div>\n\t\t<div class=\"elementor-element elementor-element-ea1ae49 e-con-full e-flex e-con e-child\" data-id=\"ea1ae49\" data-element_type=\"container\">\n\t\t\t\t<div class=\"elementor-element elementor-element-8ddb442 elementor-widget elementor-widget-image\" data-id=\"8ddb442\" data-element_type=\"widget\" data-widget_type=\"image.default\">\n\t\t\t\t<div class=\"elementor-widget-container\">\n\t\t\t\t\t\t\t\t\t\t\t\t\t\t\t<img decoding=\"async\" width=\"1500\" height=\"1000\" src=\"https:\/\/holistikinstituut.be\/wp-content\/uploads\/2025\/10\/3581.webp\" class=\"attachment-full size-full wp-image-1485\" alt=\"\" srcset=\"https:\/\/holistikinstituut.be\/wp-content\/uploads\/2025\/10\/3581.webp 1500w, https:\/\/holistikinstituut.be\/wp-content\/uploads\/2025\/10\/3581-300x200.webp 300w, https:\/\/holistikinstituut.be\/wp-content\/uploads\/2025\/10\/3581-1024x683.webp 1024w, https:\/\/holistikinstituut.be\/wp-content\/uploads\/2025\/10\/3581-768x512.webp 768w\" sizes=\"(max-width: 1500px) 100vw, 1500px\" \/>\t\t\t\t\t\t\t\t\t\t\t\t\t\t\t<\/div>\n\t\t\t\t<\/div>\n\t\t\t\t<\/div>\n\t\t\t\t\t<\/div>\n\t\t\t\t<\/div>\n\t\t\t\t<\/div>\n\t\t","protected":false},"excerpt":{"rendered":"<p>Th\u00e9rapie Hijama La hijama, \u00e9galement connue sous le nom de ventouses sanguines, est une th\u00e9rapie traditionnelle qui permet d&#8217;\u00e9liminer les d\u00e9chets et les &#8220;stagnations&#8221; du corps gr\u00e2ce \u00e0 une combinaison de ventouses et de l\u00e9g\u00e8res incisions. Comment proc\u00e9der ? Des bonnets sont d&#8217;abord plac\u00e9s sur la peau. L&#8217;aspiration par le vide stimule consid\u00e9rablement la circulation [&hellip;]<\/p>\n","protected":false},"author":4,"featured_media":0,"parent":1388,"menu_order":0,"comment_status":"closed","ping_status":"closed","template":"","meta":{"footnotes":""},"class_list":["post-1483","page","type-page","status-publish","hentry"],"yoast_head":"<!-- This site is optimized with the Yoast SEO plugin v26.5 - https:\/\/yoast.com\/wordpress\/plugins\/seo\/ -->\n<title>Hijama - Holistik Acupunctuur Instituut<\/title>\n<meta name=\"robots\" content=\"index, follow, max-snippet:-1, max-image-preview:large, max-video-preview:-1\" \/>\n<link rel=\"canonical\" href=\"https:\/\/holistikinstituut.be\/fr\/traitements\/hijama\/\" \/>\n<meta property=\"og:locale\" content=\"fr_FR\" \/>\n<meta property=\"og:type\" content=\"article\" \/>\n<meta property=\"og:title\" content=\"Hijama - Holistik Acupunctuur Instituut\" \/>\n<meta property=\"og:description\" content=\"Th\u00e9rapie Hijama La hijama, \u00e9galement connue sous le nom de ventouses sanguines, est une th\u00e9rapie traditionnelle qui permet d&#8217;\u00e9liminer les d\u00e9chets et les &#8220;stagnations&#8221; du corps gr\u00e2ce \u00e0 une combinaison de ventouses et de l\u00e9g\u00e8res incisions. Comment proc\u00e9der ? Des bonnets sont d&#8217;abord plac\u00e9s sur la peau. L&#8217;aspiration par le vide stimule consid\u00e9rablement la circulation [&hellip;]\" \/>\n<meta property=\"og:url\" content=\"https:\/\/holistikinstituut.be\/fr\/traitements\/hijama\/\" \/>\n<meta property=\"og:site_name\" content=\"Holistik Acupunctuur Instituut\" \/>\n<meta property=\"article:modified_time\" content=\"2025-12-11T12:39:55+00:00\" \/>\n<meta property=\"og:image\" content=\"https:\/\/holistikinstituut.be\/wp-content\/uploads\/2025\/10\/suction-cup-process-man-client.webp\" \/>\n\t<meta property=\"og:image:width\" content=\"2109\" \/>\n\t<meta property=\"og:image:height\" content=\"1403\" \/>\n\t<meta property=\"og:image:type\" content=\"image\/webp\" \/>\n<meta name=\"twitter:card\" content=\"summary_large_image\" \/>\n<meta name=\"twitter:label1\" content=\"Dur\u00e9e de lecture estim\u00e9e\" \/>\n\t<meta name=\"twitter:data1\" content=\"1 minute\" \/>\n<script type=\"application\/ld+json\" class=\"yoast-schema-graph\">{\"@context\":\"https:\/\/schema.org\",\"@graph\":[{\"@type\":\"WebPage\",\"@id\":\"https:\/\/holistikinstituut.be\/fr\/traitements\/hijama\/\",\"url\":\"https:\/\/holistikinstituut.be\/fr\/traitements\/hijama\/\",\"name\":\"Hijama - Holistik Acupunctuur Instituut\",\"isPartOf\":{\"@id\":\"https:\/\/holistikinstituut.be\/fr\/#website\"},\"primaryImageOfPage\":{\"@id\":\"https:\/\/holistikinstituut.be\/fr\/traitements\/hijama\/#primaryimage\"},\"image\":{\"@id\":\"https:\/\/holistikinstituut.be\/fr\/traitements\/hijama\/#primaryimage\"},\"thumbnailUrl\":\"https:\/\/holistikinstituut.be\/wp-content\/uploads\/2025\/10\/suction-cup-process-man-client.webp\",\"datePublished\":\"2025-09-24T14:35:21+00:00\",\"dateModified\":\"2025-12-11T12:39:55+00:00\",\"breadcrumb\":{\"@id\":\"https:\/\/holistikinstituut.be\/fr\/traitements\/hijama\/#breadcrumb\"},\"inLanguage\":\"fr-FR\",\"potentialAction\":[{\"@type\":\"ReadAction\",\"target\":[\"https:\/\/holistikinstituut.be\/fr\/traitements\/hijama\/\"]}]},{\"@type\":\"ImageObject\",\"inLanguage\":\"fr-FR\",\"@id\":\"https:\/\/holistikinstituut.be\/fr\/traitements\/hijama\/#primaryimage\",\"url\":\"https:\/\/holistikinstituut.be\/wp-content\/uploads\/2025\/10\/suction-cup-process-man-client.webp\",\"contentUrl\":\"https:\/\/holistikinstituut.be\/wp-content\/uploads\/2025\/10\/suction-cup-process-man-client.webp\"},{\"@type\":\"BreadcrumbList\",\"@id\":\"https:\/\/holistikinstituut.be\/fr\/traitements\/hijama\/#breadcrumb\",\"itemListElement\":[{\"@type\":\"ListItem\",\"position\":1,\"name\":\"Accueil\",\"item\":\"https:\/\/holistikinstituut.be\/fr\/\"},{\"@type\":\"ListItem\",\"position\":2,\"name\":\"Traitements\",\"item\":\"https:\/\/holistikinstituut.be\/fr\/traitements\/\"},{\"@type\":\"ListItem\",\"position\":3,\"name\":\"Hijama\"}]},{\"@type\":\"WebSite\",\"@id\":\"https:\/\/holistikinstituut.be\/fr\/#website\",\"url\":\"https:\/\/holistikinstituut.be\/fr\/\",\"name\":\"Holistik Acupunctuur Instituut\",\"description\":\"\",\"publisher\":{\"@id\":\"https:\/\/holistikinstituut.be\/fr\/#organization\"},\"potentialAction\":[{\"@type\":\"SearchAction\",\"target\":{\"@type\":\"EntryPoint\",\"urlTemplate\":\"https:\/\/holistikinstituut.be\/fr\/?s={search_term_string}\"},\"query-input\":{\"@type\":\"PropertyValueSpecification\",\"valueRequired\":true,\"valueName\":\"search_term_string\"}}],\"inLanguage\":\"fr-FR\"},{\"@type\":\"Organization\",\"@id\":\"https:\/\/holistikinstituut.be\/fr\/#organization\",\"name\":\"Holistik Acupunctuur Instituut\",\"url\":\"https:\/\/holistikinstituut.be\/fr\/\",\"logo\":{\"@type\":\"ImageObject\",\"inLanguage\":\"fr-FR\",\"@id\":\"https:\/\/holistikinstituut.be\/fr\/#\/schema\/logo\/image\/\",\"url\":\"https:\/\/holistikinstituut.be\/wp-content\/uploads\/2022\/07\/Union-6.svg\",\"contentUrl\":\"https:\/\/holistikinstituut.be\/wp-content\/uploads\/2022\/07\/Union-6.svg\",\"width\":117,\"height\":118,\"caption\":\"Holistik Acupunctuur Instituut\"},\"image\":{\"@id\":\"https:\/\/holistikinstituut.be\/fr\/#\/schema\/logo\/image\/\"}}]}<\/script>\n<!-- \/ Yoast SEO plugin. -->","yoast_head_json":{"title":"Hijama - Holistik Acupunctuur Instituut","robots":{"index":"index","follow":"follow","max-snippet":"max-snippet:-1","max-image-preview":"max-image-preview:large","max-video-preview":"max-video-preview:-1"},"canonical":"https:\/\/holistikinstituut.be\/fr\/traitements\/hijama\/","og_locale":"fr_FR","og_type":"article","og_title":"Hijama - Holistik Acupunctuur Instituut","og_description":"Th\u00e9rapie Hijama La hijama, \u00e9galement connue sous le nom de ventouses sanguines, est une th\u00e9rapie traditionnelle qui permet d&#8217;\u00e9liminer les d\u00e9chets et les &#8220;stagnations&#8221; du corps gr\u00e2ce \u00e0 une combinaison de ventouses et de l\u00e9g\u00e8res incisions. Comment proc\u00e9der ? Des bonnets sont d&#8217;abord plac\u00e9s sur la peau. L&#8217;aspiration par le vide stimule consid\u00e9rablement la circulation [&hellip;]","og_url":"https:\/\/holistikinstituut.be\/fr\/traitements\/hijama\/","og_site_name":"Holistik Acupunctuur Instituut","article_modified_time":"2025-12-11T12:39:55+00:00","og_image":[{"width":2109,"height":1403,"url":"https:\/\/holistikinstituut.be\/wp-content\/uploads\/2025\/10\/suction-cup-process-man-client.webp","type":"image\/webp"}],"twitter_card":"summary_large_image","twitter_misc":{"Dur\u00e9e de lecture estim\u00e9e":"1 minute"},"schema":{"@context":"https:\/\/schema.org","@graph":[{"@type":"WebPage","@id":"https:\/\/holistikinstituut.be\/fr\/traitements\/hijama\/","url":"https:\/\/holistikinstituut.be\/fr\/traitements\/hijama\/","name":"Hijama - Holistik Acupunctuur Instituut","isPartOf":{"@id":"https:\/\/holistikinstituut.be\/fr\/#website"},"primaryImageOfPage":{"@id":"https:\/\/holistikinstituut.be\/fr\/traitements\/hijama\/#primaryimage"},"image":{"@id":"https:\/\/holistikinstituut.be\/fr\/traitements\/hijama\/#primaryimage"},"thumbnailUrl":"https:\/\/holistikinstituut.be\/wp-content\/uploads\/2025\/10\/suction-cup-process-man-client.webp","datePublished":"2025-09-24T14:35:21+00:00","dateModified":"2025-12-11T12:39:55+00:00","breadcrumb":{"@id":"https:\/\/holistikinstituut.be\/fr\/traitements\/hijama\/#breadcrumb"},"inLanguage":"fr-FR","potentialAction":[{"@type":"ReadAction","target":["https:\/\/holistikinstituut.be\/fr\/traitements\/hijama\/"]}]},{"@type":"ImageObject","inLanguage":"fr-FR","@id":"https:\/\/holistikinstituut.be\/fr\/traitements\/hijama\/#primaryimage","url":"https:\/\/holistikinstituut.be\/wp-content\/uploads\/2025\/10\/suction-cup-process-man-client.webp","contentUrl":"https:\/\/holistikinstituut.be\/wp-content\/uploads\/2025\/10\/suction-cup-process-man-client.webp"},{"@type":"BreadcrumbList","@id":"https:\/\/holistikinstituut.be\/fr\/traitements\/hijama\/#breadcrumb","itemListElement":[{"@type":"ListItem","position":1,"name":"Accueil","item":"https:\/\/holistikinstituut.be\/fr\/"},{"@type":"ListItem","position":2,"name":"Traitements","item":"https:\/\/holistikinstituut.be\/fr\/traitements\/"},{"@type":"ListItem","position":3,"name":"Hijama"}]},{"@type":"WebSite","@id":"https:\/\/holistikinstituut.be\/fr\/#website","url":"https:\/\/holistikinstituut.be\/fr\/","name":"Holistik Acupunctuur Instituut","description":"","publisher":{"@id":"https:\/\/holistikinstituut.be\/fr\/#organization"},"potentialAction":[{"@type":"SearchAction","target":{"@type":"EntryPoint","urlTemplate":"https:\/\/holistikinstituut.be\/fr\/?s={search_term_string}"},"query-input":{"@type":"PropertyValueSpecification","valueRequired":true,"valueName":"search_term_string"}}],"inLanguage":"fr-FR"},{"@type":"Organization","@id":"https:\/\/holistikinstituut.be\/fr\/#organization","name":"Holistik Acupunctuur Instituut","url":"https:\/\/holistikinstituut.be\/fr\/","logo":{"@type":"ImageObject","inLanguage":"fr-FR","@id":"https:\/\/holistikinstituut.be\/fr\/#\/schema\/logo\/image\/","url":"https:\/\/holistikinstituut.be\/wp-content\/uploads\/2022\/07\/Union-6.svg","contentUrl":"https:\/\/holistikinstituut.be\/wp-content\/uploads\/2022\/07\/Union-6.svg","width":117,"height":118,"caption":"Holistik Acupunctuur Instituut"},"image":{"@id":"https:\/\/holistikinstituut.be\/fr\/#\/schema\/logo\/image\/"}}]}},"_links":{"self":[{"href":"https:\/\/holistikinstituut.be\/fr\/wp-json\/wp\/v2\/pages\/1483","targetHints":{"allow":["GET"]}}],"collection":[{"href":"https:\/\/holistikinstituut.be\/fr\/wp-json\/wp\/v2\/pages"}],"about":[{"href":"https:\/\/holistikinstituut.be\/fr\/wp-json\/wp\/v2\/types\/page"}],"author":[{"embeddable":true,"href":"https:\/\/holistikinstituut.be\/fr\/wp-json\/wp\/v2\/users\/4"}],"replies":[{"embeddable":true,"href":"https:\/\/holistikinstituut.be\/fr\/wp-json\/wp\/v2\/comments?post=1483"}],"version-history":[{"count":3,"href":"https:\/\/holistikinstituut.be\/fr\/wp-json\/wp\/v2\/pages\/1483\/revisions"}],"predecessor-version":[{"id":1510,"href":"https:\/\/holistikinstituut.be\/fr\/wp-json\/wp\/v2\/pages\/1483\/revisions\/1510"}],"up":[{"embeddable":true,"href":"https:\/\/holistikinstituut.be\/fr\/wp-json\/wp\/v2\/pages\/1388"}],"wp:attachment":[{"href":"https:\/\/holistikinstituut.be\/fr\/wp-json\/wp\/v2\/media?parent=1483"}],"curies":[{"name":"wp","href":"https:\/\/api.w.org\/{rel}","templated":true}]}}