{"id":1420,"date":"2025-09-25T15:21:39","date_gmt":"2025-09-25T13:21:39","guid":{"rendered":"https:\/\/holistikinstituut.be\/traitements\/iriscopie\/"},"modified":"2026-01-05T14:02:30","modified_gmt":"2026-01-05T13:02:30","slug":"iriscopie","status":"publish","type":"page","link":"https:\/\/holistikinstituut.be\/fr\/traitements\/iriscopie\/","title":{"rendered":"Iriscopie"},"content":{"rendered":"\t\t<div data-elementor-type=\"wp-page\" data-elementor-id=\"1420\" class=\"elementor elementor-1420 elementor-502\" data-elementor-post-type=\"page\">\n\t\t\t\t<div class=\"elementor-element elementor-element-c027375 e-flex e-con-boxed e-con e-parent\" data-id=\"c027375\" data-element_type=\"container\" data-settings=\"{&quot;background_background&quot;:&quot;classic&quot;}\">\n\t\t\t\t\t<div class=\"e-con-inner\">\n\t\t\t\t<div class=\"elementor-element elementor-element-34ff2f2 elementor-widget elementor-widget-heading\" data-id=\"34ff2f2\" data-element_type=\"widget\" data-widget_type=\"heading.default\">\n\t\t\t\t<div class=\"elementor-widget-container\">\n\t\t\t\t\t<h1 class=\"elementor-heading-title elementor-size-default\">Iriscopie<\/h1>\t\t\t\t<\/div>\n\t\t\t\t<\/div>\n\t\t\t\t\t<\/div>\n\t\t\t\t<\/div>\n\t\t<div class=\"elementor-element elementor-element-ab03039 e-flex e-con-boxed e-con e-parent\" data-id=\"ab03039\" data-element_type=\"container\">\n\t\t\t\t\t<div class=\"e-con-inner\">\n\t\t<div class=\"elementor-element elementor-element-da77784 e-con-full e-flex e-con e-child\" data-id=\"da77784\" data-element_type=\"container\">\n\t\t\t\t<div class=\"elementor-element elementor-element-39b8a09 elementor-widget elementor-widget-image\" data-id=\"39b8a09\" data-element_type=\"widget\" data-widget_type=\"image.default\">\n\t\t\t\t<div class=\"elementor-widget-container\">\n\t\t\t\t\t\t\t\t\t\t\t\t\t\t\t<img fetchpriority=\"high\" decoding=\"async\" width=\"775\" height=\"569\" src=\"https:\/\/holistikinstituut.be\/wp-content\/uploads\/2025\/10\/2150239994.webp\" class=\"attachment-full size-full wp-image-1423\" alt=\"\" srcset=\"https:\/\/holistikinstituut.be\/wp-content\/uploads\/2025\/10\/2150239994.webp 775w, https:\/\/holistikinstituut.be\/wp-content\/uploads\/2025\/10\/2150239994-300x220.webp 300w, https:\/\/holistikinstituut.be\/wp-content\/uploads\/2025\/10\/2150239994-768x564.webp 768w\" sizes=\"(max-width: 775px) 100vw, 775px\" \/>\t\t\t\t\t\t\t\t\t\t\t\t\t\t\t<\/div>\n\t\t\t\t<\/div>\n\t\t\t\t<\/div>\n\t\t<div class=\"elementor-element elementor-element-5129756 e-con-full e-flex e-con e-child\" data-id=\"5129756\" data-element_type=\"container\">\n\t\t\t\t<div class=\"elementor-element elementor-element-3bcb5aa elementor-widget__width-initial elementor-widget elementor-widget-heading\" data-id=\"3bcb5aa\" data-element_type=\"widget\" data-widget_type=\"heading.default\">\n\t\t\t\t<div class=\"elementor-widget-container\">\n\t\t\t\t\t<h2 class=\"elementor-heading-title elementor-size-default\">Analyse de la sant\u00e9 naturelle avec Iriscopy<\/h2>\t\t\t\t<\/div>\n\t\t\t\t<\/div>\n\t\t\t\t<div class=\"elementor-element elementor-element-a5baf99 elementor-widget__width-initial elementor-widget elementor-widget-text-editor\" data-id=\"a5baf99\" data-element_type=\"widget\" data-widget_type=\"text-editor.default\">\n\t\t\t\t<div class=\"elementor-widget-container\">\n\t\t\t\t\t\t\t\t\t<p class=\"p1\">L&#8217;iriscopie est une m\u00e9thode d&#8217;observation naturelle et indolore qui permet d&#8217;examiner en d\u00e9tail la partie color\u00e9e de l&#8217;\u0153il (l&#8217;iris). \u00c0 l&#8217;aide d&#8217;une cam\u00e9ra sp\u00e9cialis\u00e9e, nous prenons des photos et des enregistrements vid\u00e9o de l&#8217;iris. Les structures, les couleurs et les motifs de l&#8217;iris fournissent des informations indirectes sur la constitution du corps, comme les zones de tension, de surcharge ou de baisse de vitalit\u00e9.  <\/p><p class=\"p1\">Chez Holistik, nous utilisons l&#8217;iriscopie non pas comme un outil de diagnostic, mais comme une analyse suppl\u00e9mentaire pour mieux comprendre quels syst\u00e8mes n\u00e9cessitent une attention particuli\u00e8re &#8211; par exemple, la digestion, la d\u00e9sintoxication ou l&#8217;\u00e9quilibre nerveux. Elle permet ainsi d&#8217;adapter les traitements de mani\u00e8re encore plus sp\u00e9cifique \u00e0 votre corps. <\/p>\t\t\t\t\t\t\t\t<\/div>\n\t\t\t\t<\/div>\n\t\t\t\t<div class=\"elementor-element elementor-element-92f5232 elementor-align-left elementor-widget elementor-widget-button\" data-id=\"92f5232\" data-element_type=\"widget\" data-widget_type=\"button.default\">\n\t\t\t\t<div class=\"elementor-widget-container\">\n\t\t\t\t\t\t\t\t\t<div class=\"elementor-button-wrapper\">\n\t\t\t\t\t<a class=\"elementor-button elementor-button-link elementor-size-sm\" href=\"https:\/\/holistikinstituut.be\/fr\/prenez-rendez-vous\/\" target=\"_blank\">\n\t\t\t\t\t\t<span class=\"elementor-button-content-wrapper\">\n\t\t\t\t\t\t\t\t\t<span class=\"elementor-button-text\">Planifiez votre entretien d'admission<\/span>\n\t\t\t\t\t<\/span>\n\t\t\t\t\t<\/a>\n\t\t\t\t<\/div>\n\t\t\t\t\t\t\t\t<\/div>\n\t\t\t\t<\/div>\n\t\t\t\t<\/div>\n\t\t\t\t\t<\/div>\n\t\t\t\t<\/div>\n\t\t<div class=\"elementor-element elementor-element-c605073 e-flex e-con-boxed e-con e-parent\" data-id=\"c605073\" data-element_type=\"container\" id=\"info\">\n\t\t\t\t\t<div class=\"e-con-inner\">\n\t\t<div class=\"elementor-element elementor-element-ac473fa e-con-full e-flex e-con e-child\" data-id=\"ac473fa\" data-element_type=\"container\" data-settings=\"{&quot;background_background&quot;:&quot;classic&quot;}\">\n\t\t\t\t<div class=\"elementor-element elementor-element-23c0629 elementor-widget elementor-widget-heading\" data-id=\"23c0629\" data-element_type=\"widget\" data-widget_type=\"heading.default\">\n\t\t\t\t<div class=\"elementor-widget-container\">\n\t\t\t\t\t<h3 class=\"elementor-heading-title elementor-size-default\">Ces images nous donnent des informations pr\u00e9cieuses sur  <\/h3>\t\t\t\t<\/div>\n\t\t\t\t<\/div>\n\t\t\t\t<div class=\"elementor-element elementor-element-7c71b5e elementor-icon-list--layout-traditional elementor-list-item-link-full_width elementor-widget elementor-widget-icon-list\" data-id=\"7c71b5e\" data-element_type=\"widget\" data-widget_type=\"icon-list.default\">\n\t\t\t\t<div class=\"elementor-widget-container\">\n\t\t\t\t\t\t\t<ul class=\"elementor-icon-list-items\">\n\t\t\t\t\t\t\t<li class=\"elementor-icon-list-item\">\n\t\t\t\t\t\t\t\t\t\t\t<span class=\"elementor-icon-list-icon\">\n\t\t\t\t\t\t\t<i aria-hidden=\"true\" class=\"far fa-check-circle\"><\/i>\t\t\t\t\t\t<\/span>\n\t\t\t\t\t\t\t\t\t\t<span class=\"elementor-icon-list-text\">L'\u00e9tat de sant\u00e9 g\u00e9n\u00e9ral<\/span>\n\t\t\t\t\t\t\t\t\t<\/li>\n\t\t\t\t\t\t\t\t<li class=\"elementor-icon-list-item\">\n\t\t\t\t\t\t\t\t\t\t\t<span class=\"elementor-icon-list-icon\">\n\t\t\t\t\t\t\t<i aria-hidden=\"true\" class=\"far fa-check-circle\"><\/i>\t\t\t\t\t\t<\/span>\n\t\t\t\t\t\t\t\t\t\t<span class=\"elementor-icon-list-text\">L'\u00e9quilibre mental et physique  <\/span>\n\t\t\t\t\t\t\t\t\t<\/li>\n\t\t\t\t\t\t\t\t<li class=\"elementor-icon-list-item\">\n\t\t\t\t\t\t\t\t\t\t\t<span class=\"elementor-icon-list-icon\">\n\t\t\t\t\t\t\t<i aria-hidden=\"true\" class=\"far fa-check-circle\"><\/i>\t\t\t\t\t\t<\/span>\n\t\t\t\t\t\t\t\t\t\t<span class=\"elementor-icon-list-text\">La constitution (votre pr\u00e9disposition g\u00e9n\u00e9tique et les facteurs h\u00e9r\u00e9ditaires)  <\/span>\n\t\t\t\t\t\t\t\t\t<\/li>\n\t\t\t\t\t\t<\/ul>\n\t\t\t\t\t\t<\/div>\n\t\t\t\t<\/div>\n\t\t\t\t<div class=\"elementor-element elementor-element-7808525 elementor-widget__width-initial elementor-widget elementor-widget-text-editor\" data-id=\"7808525\" data-element_type=\"widget\" data-widget_type=\"text-editor.default\">\n\t\t\t\t<div class=\"elementor-widget-container\">\n\t\t\t\t\t\t\t\t\t<p>Il est ainsi possible de d\u00e9couvrir les faiblesses h\u00e9r\u00e9ditaires et les perturbations fonctionnelles de l&#8217;organisme. Sur <br>la base de cette analyse, nous \u00e9laborons un plan de traitement personnalis\u00e9 qui peut inclure <br>des conseils nutritionnels, des plantes, de l&#8217;acupuncture ou d&#8217;autres th\u00e9rapies naturelles. <\/p>\t\t\t\t\t\t\t\t<\/div>\n\t\t\t\t<\/div>\n\t\t\t\t<\/div>\n\t\t<div class=\"elementor-element elementor-element-50aebe4 e-con-full e-flex e-con e-child\" data-id=\"50aebe4\" data-element_type=\"container\" data-settings=\"{&quot;background_background&quot;:&quot;classic&quot;}\">\n\t\t\t\t<div class=\"elementor-element elementor-element-177925e elementor-widget elementor-widget-heading\" data-id=\"177925e\" data-element_type=\"widget\" data-widget_type=\"heading.default\">\n\t\t\t\t<div class=\"elementor-widget-container\">\n\t\t\t\t\t<h3 class=\"elementor-heading-title elementor-size-default\">Convient pour :  <\/h3>\t\t\t\t<\/div>\n\t\t\t\t<\/div>\n\t\t\t\t<div class=\"elementor-element elementor-element-abe6abd elementor-icon-list--layout-traditional elementor-list-item-link-full_width elementor-widget elementor-widget-icon-list\" data-id=\"abe6abd\" data-element_type=\"widget\" data-widget_type=\"icon-list.default\">\n\t\t\t\t<div class=\"elementor-widget-container\">\n\t\t\t\t\t\t\t<ul class=\"elementor-icon-list-items\">\n\t\t\t\t\t\t\t<li class=\"elementor-icon-list-item\">\n\t\t\t\t\t\t\t\t\t\t\t<span class=\"elementor-icon-list-icon\">\n\t\t\t\t\t\t\t<i aria-hidden=\"true\" class=\"far fa-check-circle\"><\/i>\t\t\t\t\t\t<\/span>\n\t\t\t\t\t\t\t\t\t\t<span class=\"elementor-icon-list-text\">les personnes ayant des plaintes vagues ou chroniques<\/span>\n\t\t\t\t\t\t\t\t\t<\/li>\n\t\t\t\t\t\t\t\t<li class=\"elementor-icon-list-item\">\n\t\t\t\t\t\t\t\t\t\t\t<span class=\"elementor-icon-list-icon\">\n\t\t\t\t\t\t\t<i aria-hidden=\"true\" class=\"far fa-check-circle\"><\/i>\t\t\t\t\t\t<\/span>\n\t\t\t\t\t\t\t\t\t\t<span class=\"elementor-icon-list-text\">qui souhaitent conna\u00eetre les causes sous-jacentes des plaintes  <\/span>\n\t\t\t\t\t\t\t\t\t<\/li>\n\t\t\t\t\t\t\t\t<li class=\"elementor-icon-list-item\">\n\t\t\t\t\t\t\t\t\t\t\t<span class=\"elementor-icon-list-icon\">\n\t\t\t\t\t\t\t<i aria-hidden=\"true\" class=\"far fa-check-circle\"><\/i>\t\t\t\t\t\t<\/span>\n\t\t\t\t\t\t\t\t\t\t<span class=\"elementor-icon-list-text\">les soins de sant\u00e9 pr\u00e9ventifs et le renforcement de la r\u00e9sistance<\/span>\n\t\t\t\t\t\t\t\t\t<\/li>\n\t\t\t\t\t\t\t\t<li class=\"elementor-icon-list-item\">\n\t\t\t\t\t\t\t\t\t\t\t<span class=\"elementor-icon-list-icon\">\n\t\t\t\t\t\t\t<i aria-hidden=\"true\" class=\"far fa-check-circle\"><\/i>\t\t\t\t\t\t<\/span>\n\t\t\t\t\t\t\t\t\t\t<span class=\"elementor-icon-list-text\">qui veulent savoir o\u00f9 se situent les faiblesses ou les sensibilit\u00e9s personnelles<\/span>\n\t\t\t\t\t\t\t\t\t<\/li>\n\t\t\t\t\t\t<\/ul>\n\t\t\t\t\t\t<\/div>\n\t\t\t\t<\/div>\n\t\t\t\t<\/div>\n\t\t\t\t\t<\/div>\n\t\t\t\t<\/div>\n\t\t\t\t<\/div>\n\t\t","protected":false},"excerpt":{"rendered":"<p>Analyse de la sant\u00e9 naturelle avec Iriscopy L&#8217;iriscopie est une m\u00e9thode d&#8217;observation naturelle et indolore qui permet d&#8217;examiner en d\u00e9tail la partie color\u00e9e de l&#8217;\u0153il (l&#8217;iris). \u00c0 l&#8217;aide d&#8217;une cam\u00e9ra sp\u00e9cialis\u00e9e, nous prenons des photos et des enregistrements vid\u00e9o de l&#8217;iris. Les structures, les couleurs et les motifs de l&#8217;iris fournissent des informations indirectes sur [&hellip;]<\/p>\n","protected":false},"author":4,"featured_media":0,"parent":1388,"menu_order":0,"comment_status":"closed","ping_status":"closed","template":"","meta":{"footnotes":""},"class_list":["post-1420","page","type-page","status-publish","hentry"],"yoast_head":"<!-- This site is optimized with the Yoast SEO plugin v26.5 - https:\/\/yoast.com\/wordpress\/plugins\/seo\/ -->\n<title>Iriscopie - Holistik Acupunctuur Instituut<\/title>\n<meta name=\"robots\" content=\"index, follow, max-snippet:-1, max-image-preview:large, max-video-preview:-1\" \/>\n<link rel=\"canonical\" href=\"https:\/\/holistikinstituut.be\/fr\/traitements\/iriscopie\/\" \/>\n<meta property=\"og:locale\" content=\"fr_FR\" \/>\n<meta property=\"og:type\" content=\"article\" \/>\n<meta property=\"og:title\" content=\"Iriscopie - Holistik Acupunctuur Instituut\" \/>\n<meta property=\"og:description\" content=\"Analyse de la sant\u00e9 naturelle avec Iriscopy L&#8217;iriscopie est une m\u00e9thode d&#8217;observation naturelle et indolore qui permet d&#8217;examiner en d\u00e9tail la partie color\u00e9e de l&#8217;\u0153il (l&#8217;iris). \u00c0 l&#8217;aide d&#8217;une cam\u00e9ra sp\u00e9cialis\u00e9e, nous prenons des photos et des enregistrements vid\u00e9o de l&#8217;iris. Les structures, les couleurs et les motifs de l&#8217;iris fournissent des informations indirectes sur [&hellip;]\" \/>\n<meta property=\"og:url\" content=\"https:\/\/holistikinstituut.be\/fr\/traitements\/iriscopie\/\" \/>\n<meta property=\"og:site_name\" content=\"Holistik Acupunctuur Instituut\" \/>\n<meta property=\"article:modified_time\" content=\"2026-01-05T13:02:30+00:00\" \/>\n<meta property=\"og:image\" content=\"https:\/\/holistikinstituut.be\/wp-content\/uploads\/2025\/10\/2150239994.webp\" \/>\n\t<meta property=\"og:image:width\" content=\"775\" \/>\n\t<meta property=\"og:image:height\" content=\"569\" \/>\n\t<meta property=\"og:image:type\" content=\"image\/webp\" \/>\n<meta name=\"twitter:card\" content=\"summary_large_image\" \/>\n<meta name=\"twitter:label1\" content=\"Dur\u00e9e de lecture estim\u00e9e\" \/>\n\t<meta name=\"twitter:data1\" content=\"1 minute\" \/>\n<script type=\"application\/ld+json\" class=\"yoast-schema-graph\">{\"@context\":\"https:\/\/schema.org\",\"@graph\":[{\"@type\":\"WebPage\",\"@id\":\"https:\/\/holistikinstituut.be\/fr\/traitements\/iriscopie\/\",\"url\":\"https:\/\/holistikinstituut.be\/fr\/traitements\/iriscopie\/\",\"name\":\"Iriscopie - Holistik Acupunctuur Instituut\",\"isPartOf\":{\"@id\":\"https:\/\/holistikinstituut.be\/fr\/#website\"},\"primaryImageOfPage\":{\"@id\":\"https:\/\/holistikinstituut.be\/fr\/traitements\/iriscopie\/#primaryimage\"},\"image\":{\"@id\":\"https:\/\/holistikinstituut.be\/fr\/traitements\/iriscopie\/#primaryimage\"},\"thumbnailUrl\":\"https:\/\/holistikinstituut.be\/wp-content\/uploads\/2025\/10\/2150239994.webp\",\"datePublished\":\"2025-09-25T13:21:39+00:00\",\"dateModified\":\"2026-01-05T13:02:30+00:00\",\"breadcrumb\":{\"@id\":\"https:\/\/holistikinstituut.be\/fr\/traitements\/iriscopie\/#breadcrumb\"},\"inLanguage\":\"fr-FR\",\"potentialAction\":[{\"@type\":\"ReadAction\",\"target\":[\"https:\/\/holistikinstituut.be\/fr\/traitements\/iriscopie\/\"]}]},{\"@type\":\"ImageObject\",\"inLanguage\":\"fr-FR\",\"@id\":\"https:\/\/holistikinstituut.be\/fr\/traitements\/iriscopie\/#primaryimage\",\"url\":\"https:\/\/holistikinstituut.be\/wp-content\/uploads\/2025\/10\/2150239994.webp\",\"contentUrl\":\"https:\/\/holistikinstituut.be\/wp-content\/uploads\/2025\/10\/2150239994.webp\"},{\"@type\":\"BreadcrumbList\",\"@id\":\"https:\/\/holistikinstituut.be\/fr\/traitements\/iriscopie\/#breadcrumb\",\"itemListElement\":[{\"@type\":\"ListItem\",\"position\":1,\"name\":\"Accueil\",\"item\":\"https:\/\/holistikinstituut.be\/fr\/\"},{\"@type\":\"ListItem\",\"position\":2,\"name\":\"Traitements\",\"item\":\"https:\/\/holistikinstituut.be\/fr\/traitements\/\"},{\"@type\":\"ListItem\",\"position\":3,\"name\":\"Iriscopie\"}]},{\"@type\":\"WebSite\",\"@id\":\"https:\/\/holistikinstituut.be\/fr\/#website\",\"url\":\"https:\/\/holistikinstituut.be\/fr\/\",\"name\":\"Holistik Acupunctuur Instituut\",\"description\":\"\",\"publisher\":{\"@id\":\"https:\/\/holistikinstituut.be\/fr\/#organization\"},\"potentialAction\":[{\"@type\":\"SearchAction\",\"target\":{\"@type\":\"EntryPoint\",\"urlTemplate\":\"https:\/\/holistikinstituut.be\/fr\/?s={search_term_string}\"},\"query-input\":{\"@type\":\"PropertyValueSpecification\",\"valueRequired\":true,\"valueName\":\"search_term_string\"}}],\"inLanguage\":\"fr-FR\"},{\"@type\":\"Organization\",\"@id\":\"https:\/\/holistikinstituut.be\/fr\/#organization\",\"name\":\"Holistik Acupunctuur Instituut\",\"url\":\"https:\/\/holistikinstituut.be\/fr\/\",\"logo\":{\"@type\":\"ImageObject\",\"inLanguage\":\"fr-FR\",\"@id\":\"https:\/\/holistikinstituut.be\/fr\/#\/schema\/logo\/image\/\",\"url\":\"https:\/\/holistikinstituut.be\/wp-content\/uploads\/2022\/07\/Union-6.svg\",\"contentUrl\":\"https:\/\/holistikinstituut.be\/wp-content\/uploads\/2022\/07\/Union-6.svg\",\"width\":117,\"height\":118,\"caption\":\"Holistik Acupunctuur Instituut\"},\"image\":{\"@id\":\"https:\/\/holistikinstituut.be\/fr\/#\/schema\/logo\/image\/\"}}]}<\/script>\n<!-- \/ Yoast SEO plugin. -->","yoast_head_json":{"title":"Iriscopie - Holistik Acupunctuur Instituut","robots":{"index":"index","follow":"follow","max-snippet":"max-snippet:-1","max-image-preview":"max-image-preview:large","max-video-preview":"max-video-preview:-1"},"canonical":"https:\/\/holistikinstituut.be\/fr\/traitements\/iriscopie\/","og_locale":"fr_FR","og_type":"article","og_title":"Iriscopie - Holistik Acupunctuur Instituut","og_description":"Analyse de la sant\u00e9 naturelle avec Iriscopy L&#8217;iriscopie est une m\u00e9thode d&#8217;observation naturelle et indolore qui permet d&#8217;examiner en d\u00e9tail la partie color\u00e9e de l&#8217;\u0153il (l&#8217;iris). \u00c0 l&#8217;aide d&#8217;une cam\u00e9ra sp\u00e9cialis\u00e9e, nous prenons des photos et des enregistrements vid\u00e9o de l&#8217;iris. Les structures, les couleurs et les motifs de l&#8217;iris fournissent des informations indirectes sur [&hellip;]","og_url":"https:\/\/holistikinstituut.be\/fr\/traitements\/iriscopie\/","og_site_name":"Holistik Acupunctuur Instituut","article_modified_time":"2026-01-05T13:02:30+00:00","og_image":[{"width":775,"height":569,"url":"https:\/\/holistikinstituut.be\/wp-content\/uploads\/2025\/10\/2150239994.webp","type":"image\/webp"}],"twitter_card":"summary_large_image","twitter_misc":{"Dur\u00e9e de lecture estim\u00e9e":"1 minute"},"schema":{"@context":"https:\/\/schema.org","@graph":[{"@type":"WebPage","@id":"https:\/\/holistikinstituut.be\/fr\/traitements\/iriscopie\/","url":"https:\/\/holistikinstituut.be\/fr\/traitements\/iriscopie\/","name":"Iriscopie - Holistik Acupunctuur Instituut","isPartOf":{"@id":"https:\/\/holistikinstituut.be\/fr\/#website"},"primaryImageOfPage":{"@id":"https:\/\/holistikinstituut.be\/fr\/traitements\/iriscopie\/#primaryimage"},"image":{"@id":"https:\/\/holistikinstituut.be\/fr\/traitements\/iriscopie\/#primaryimage"},"thumbnailUrl":"https:\/\/holistikinstituut.be\/wp-content\/uploads\/2025\/10\/2150239994.webp","datePublished":"2025-09-25T13:21:39+00:00","dateModified":"2026-01-05T13:02:30+00:00","breadcrumb":{"@id":"https:\/\/holistikinstituut.be\/fr\/traitements\/iriscopie\/#breadcrumb"},"inLanguage":"fr-FR","potentialAction":[{"@type":"ReadAction","target":["https:\/\/holistikinstituut.be\/fr\/traitements\/iriscopie\/"]}]},{"@type":"ImageObject","inLanguage":"fr-FR","@id":"https:\/\/holistikinstituut.be\/fr\/traitements\/iriscopie\/#primaryimage","url":"https:\/\/holistikinstituut.be\/wp-content\/uploads\/2025\/10\/2150239994.webp","contentUrl":"https:\/\/holistikinstituut.be\/wp-content\/uploads\/2025\/10\/2150239994.webp"},{"@type":"BreadcrumbList","@id":"https:\/\/holistikinstituut.be\/fr\/traitements\/iriscopie\/#breadcrumb","itemListElement":[{"@type":"ListItem","position":1,"name":"Accueil","item":"https:\/\/holistikinstituut.be\/fr\/"},{"@type":"ListItem","position":2,"name":"Traitements","item":"https:\/\/holistikinstituut.be\/fr\/traitements\/"},{"@type":"ListItem","position":3,"name":"Iriscopie"}]},{"@type":"WebSite","@id":"https:\/\/holistikinstituut.be\/fr\/#website","url":"https:\/\/holistikinstituut.be\/fr\/","name":"Holistik Acupunctuur Instituut","description":"","publisher":{"@id":"https:\/\/holistikinstituut.be\/fr\/#organization"},"potentialAction":[{"@type":"SearchAction","target":{"@type":"EntryPoint","urlTemplate":"https:\/\/holistikinstituut.be\/fr\/?s={search_term_string}"},"query-input":{"@type":"PropertyValueSpecification","valueRequired":true,"valueName":"search_term_string"}}],"inLanguage":"fr-FR"},{"@type":"Organization","@id":"https:\/\/holistikinstituut.be\/fr\/#organization","name":"Holistik Acupunctuur Instituut","url":"https:\/\/holistikinstituut.be\/fr\/","logo":{"@type":"ImageObject","inLanguage":"fr-FR","@id":"https:\/\/holistikinstituut.be\/fr\/#\/schema\/logo\/image\/","url":"https:\/\/holistikinstituut.be\/wp-content\/uploads\/2022\/07\/Union-6.svg","contentUrl":"https:\/\/holistikinstituut.be\/wp-content\/uploads\/2022\/07\/Union-6.svg","width":117,"height":118,"caption":"Holistik Acupunctuur Instituut"},"image":{"@id":"https:\/\/holistikinstituut.be\/fr\/#\/schema\/logo\/image\/"}}]}},"_links":{"self":[{"href":"https:\/\/holistikinstituut.be\/fr\/wp-json\/wp\/v2\/pages\/1420","targetHints":{"allow":["GET"]}}],"collection":[{"href":"https:\/\/holistikinstituut.be\/fr\/wp-json\/wp\/v2\/pages"}],"about":[{"href":"https:\/\/holistikinstituut.be\/fr\/wp-json\/wp\/v2\/types\/page"}],"author":[{"embeddable":true,"href":"https:\/\/holistikinstituut.be\/fr\/wp-json\/wp\/v2\/users\/4"}],"replies":[{"embeddable":true,"href":"https:\/\/holistikinstituut.be\/fr\/wp-json\/wp\/v2\/comments?post=1420"}],"version-history":[{"count":2,"href":"https:\/\/holistikinstituut.be\/fr\/wp-json\/wp\/v2\/pages\/1420\/revisions"}],"predecessor-version":[{"id":2231,"href":"https:\/\/holistikinstituut.be\/fr\/wp-json\/wp\/v2\/pages\/1420\/revisions\/2231"}],"up":[{"embeddable":true,"href":"https:\/\/holistikinstituut.be\/fr\/wp-json\/wp\/v2\/pages\/1388"}],"wp:attachment":[{"href":"https:\/\/holistikinstituut.be\/fr\/wp-json\/wp\/v2\/media?parent=1420"}],"curies":[{"name":"wp","href":"https:\/\/api.w.org\/{rel}","templated":true}]}}