{"id":1400,"date":"2020-01-06T15:50:32","date_gmt":"2020-01-06T14:50:32","guid":{"rendered":"https:\/\/holistikinstituut.be\/vie-privee\/"},"modified":"2025-12-11T13:38:38","modified_gmt":"2025-12-11T12:38:38","slug":"vie-privee","status":"publish","type":"page","link":"https:\/\/holistikinstituut.be\/fr\/vie-privee\/","title":{"rendered":"Vie priv\u00e9e"},"content":{"rendered":"\t\t<div data-elementor-type=\"wp-page\" data-elementor-id=\"1400\" class=\"elementor elementor-1400 elementor-62\" data-elementor-post-type=\"page\">\n\t\t\t\t<div class=\"elementor-element elementor-element-5eafa4c e-flex e-con-boxed e-con e-parent\" data-id=\"5eafa4c\" data-element_type=\"container\">\n\t\t\t\t\t<div class=\"e-con-inner\">\n\t\t\t\t<div class=\"elementor-element elementor-element-2b3dfce elementor-widget elementor-widget-heading\" data-id=\"2b3dfce\" data-element_type=\"widget\" data-widget_type=\"heading.default\">\n\t\t\t\t<div class=\"elementor-widget-container\">\n\t\t\t\t\t<h1 class=\"elementor-heading-title elementor-size-default\">Politique de confidentialit\u00e9<\/h1>\t\t\t\t<\/div>\n\t\t\t\t<\/div>\n\t\t\t\t<div class=\"elementor-element elementor-element-6bfa4c8 elementor-widget elementor-widget-text-editor\" data-id=\"6bfa4c8\" data-element_type=\"widget\" data-widget_type=\"text-editor.default\">\n\t\t\t\t<div class=\"elementor-widget-container\">\n\t\t\t\t\t\t\t\t\t<div class=\"wp-block-siteorigin-panels-layout-block\">\n<div id=\"pl-62\" class=\"panel-layout\">\n<div id=\"pg-62-0\" class=\"panel-grid panel-has-style\">\n<div class=\"rij1_privacy rij1 panel-row-style panel-row-style-for-62-0\">\n<div id=\"pgc-62-0-0\" class=\"panel-grid-cell\">\n<div id=\"panel-62-0-0-0\" class=\"so-panel widget widget_sow-editor panel-first-child panel-last-child\" data-index=\"0\">\n<div class=\"so-widget-sow-editor so-widget-sow-editor-base\">\n<div class=\"siteorigin-widget-tinymce textwidget\">\n<p data-start=\"228\" data-end=\"628\"><strong data-start=\"228\" data-end=\"249\">Holistikinstituut<\/strong>, dont le si\u00e8ge social est situ\u00e9 <strong data-start=\"289\" data-end=\"325\">Statieplein 12, 9200 Dendermonde<\/strong>, s&#8217;engage \u00e0 respecter et \u00e0 se conformer soigneusement \u00e0 la l\u00e9gislation europ\u00e9enne **AVG (R\u00e8glement g\u00e9n\u00e9ral sur la protection des donn\u00e9es)**\u00b9 sur la protection des donn\u00e9es \u00e0 caract\u00e8re personnel. Cette r\u00e9glementation est en vigueur depuis le <strong data-start=\"537\" data-end=\"552\">25 mai 2018<\/strong>. Les donn\u00e9es personnelles seront trait\u00e9es conform\u00e9ment \u00e0 cette l\u00e9gislation.  <\/p>\n<hr data-start=\"630\" data-end=\"633\">\n<h3 data-start=\"635\" data-end=\"653\">Votre consentement<\/h3>\n<p data-start=\"655\" data-end=\"961\"><strong data-start=\"655\" data-end=\"676\">Holistikinstituut<\/strong> ne traite les donn\u00e9es \u00e0 caract\u00e8re personnel que pour se conformer \u00e0 une obligation l\u00e9gale ou si elles ont \u00e9t\u00e9 fournies pour l&#8217;ex\u00e9cution d&#8217;un contrat. Par cons\u00e9quent, vous autorisez express\u00e9ment <strong data-start=\"845\" data-end=\"866\">Holistikinstituut<\/strong> \u00e0 traiter vos donn\u00e9es \u00e0 caract\u00e8re personnel aux fins pr\u00e9vues. <\/p>\n<p data-start=\"963\" data-end=\"1245\">Les donn\u00e9es personnelles sont trait\u00e9es uniquement dans des environnements et des syst\u00e8mes s\u00e9curis\u00e9s. Ceux-ci ne sont pas accessibles au public. Tous nos employ\u00e9s re\u00e7oivent des directives claires et sont sensibilis\u00e9s \u00e0 la manipulation et au traitement de vos donn\u00e9es personnelles.  <\/p>\n<hr data-start=\"1247\" data-end=\"1250\">\n<h3 data-start=\"1252\" data-end=\"1292\">Utilisation de vos donn\u00e9es personnelles<\/h3>\n<p data-start=\"1294\" data-end=\"1333\">L&#8217;<strong data-start=\"1294\" data-end=\"1315\">Institut Holistik<\/strong> vous le garantit :<\/p>\n<ul data-start=\"1335\" data-end=\"2165\">\n<li data-start=\"1335\" data-end=\"1498\">\n<p data-start=\"1337\" data-end=\"1498\">vos donn\u00e9es personnelles ne sont collect\u00e9es et trait\u00e9es que pour ex\u00e9cuter la t\u00e2che que vous avez demand\u00e9e ou pour se conformer aux services juridiques ;<\/p>\n<\/li>\n<li data-start=\"1499\" data-end=\"1588\">\n<p data-start=\"1501\" data-end=\"1588\">vos donn\u00e9es personnelles ne seront trait\u00e9es que dans un pays appartenant \u00e0 l&#8217;Union europ\u00e9enne ;<\/p>\n<\/li>\n<li data-start=\"1589\" data-end=\"1674\">\n<p data-start=\"1591\" data-end=\"1674\">le traitement de vos donn\u00e9es personnelles est limit\u00e9 \u00e0 la finalit\u00e9 pr\u00e9vue ;<\/p>\n<\/li>\n<li data-start=\"1675\" data-end=\"1823\">\n<p data-start=\"1677\" data-end=\"1823\">vos donn\u00e9es personnelles ne seront conserv\u00e9es que pendant la p\u00e9riode de prestation de services, \u00e0 moins qu&#8217;une p\u00e9riode de conservation l\u00e9gale plus longue ne soit requise ;<\/p>\n<\/li>\n<li data-start=\"1824\" data-end=\"2025\">\n<p data-start=\"1826\" data-end=\"2025\">vos donn\u00e9es personnelles peuvent \u00eatre transf\u00e9r\u00e9es \u00e0 d&#8217;autres organisations uniquement pour se conformer \u00e0 des obligations l\u00e9gales, ou \u00e0 la demande expresse des autorit\u00e9s judiciaires ou des forces de police ;<\/p>\n<\/li>\n<li data-start=\"2026\" data-end=\"2165\">\n<p data-start=\"2028\" data-end=\"2165\">en aucun cas vos donn\u00e9es personnelles ne seront transmises \u00e0 des tiers ou utilis\u00e9es \u00e0 des fins de marketing direct.<\/p>\n<\/li>\n<\/ul>\n<hr data-start=\"2167\" data-end=\"2170\">\n<h3 data-start=\"2172\" data-end=\"2201\">Vos droits en tant que personne concern\u00e9e<\/h3>\n<p data-start=\"2203\" data-end=\"2383\">Vous avez toujours le droit l\u00e9gal d&#8217;acc\u00e9der \u00e0 vos donn\u00e9es personnelles.<br data-start=\"2274\" data-end=\"2277\">Vous avez \u00e9galement le droit de compl\u00e9ter ou de corriger tout ou partie de vos donn\u00e9es personnelles.<\/p>\n<p data-start=\"2385\" data-end=\"2644\">Si <strong data-start=\"2392\" data-end=\"2413\">Holistikinstituut<\/strong> n&#8217;a plus de raison l\u00e9gale de poursuivre le traitement de vos donn\u00e9es, ou si vos donn\u00e9es ne sont plus n\u00e9cessaires pour le service pr\u00e9vu, vous avez le droit de faire effacer vos donn\u00e9es personnelles.<\/p>\n<hr data-start=\"2646\" data-end=\"2649\">\n<h3 data-start=\"2651\" data-end=\"2704\">Questions concernant le traitement des donn\u00e9es personnelles<\/h3>\n<p data-start=\"2706\" data-end=\"2853\">Les questions relatives au traitement de vos donn\u00e9es personnelles ou les demandes concernant les donn\u00e9es que nous traitons pour vous peuvent \u00eatre adress\u00e9es au directeur.<\/p>\n<p data-start=\"2855\" data-end=\"2865\">Cela peut \u00eatre le cas :<\/p>\n<ul data-start=\"2866\" data-end=\"3032\">\n<li data-start=\"2866\" data-end=\"2947\">\n<p data-start=\"2868\" data-end=\"2947\">par courrier, \u00e0 l&#8217;adresse suivante <strong data-start=\"2890\" data-end=\"2945\">: Holistikinstituut, Statieplein 12, 9200 Dendermonde<\/strong><\/p>\n<\/li>\n<li data-start=\"2948\" data-end=\"3032\">\n<p data-start=\"2950\" data-end=\"3032\">ou par e-mail \u00e0 <strong data-start=\"2968\" data-end=\"2997\"><a class=\"decorated-link cursor-pointer\" rel=\"noopener\" data-start=\"2970\" data-end=\"2995\">info@holistikinstituut.be<\/a><\/strong> ou \u00e0 <strong data-start=\"3001\" data-end=\"3030\"><a class=\"decorated-link cursor-pointer\" rel=\"noopener\" data-start=\"3003\" data-end=\"3028\">iman@holistikinstituut.be<\/a><\/strong><\/p>\n<\/li>\n<\/ul>\n<p data-start=\"3034\" data-end=\"3127\">Nous nous engageons \u00e0 r\u00e9pondre \u00e0 votre question ou \u00e0 votre demande dans un d\u00e9lai de <strong data-start=\"3108\" data-end=\"3124\">20 jours ouvrables<\/strong>.<\/p>\n<p data-start=\"3129\" data-end=\"3406\">Si vous estimez que vos donn\u00e9es font l&#8217;objet d&#8217;un traitement ill\u00e9gal, vous pouvez toujours contacter la <strong data-start=\"3237\" data-end=\"3309\">CBPL (Commission pour la protection de la vie priv\u00e9e)<\/strong>, \u00e9galement appel\u00e9e <strong data-start=\"3318\" data-end=\"3338\">Commission de la protection de la vie priv\u00e9e<\/strong>, \u00e0 l&#8217;adresse \u00e9lectronique suivante <strong data-start=\"3368\" data-end=\"3403\"><a class=\"decorated-link cursor-pointer\" rel=\"noopener\" data-start=\"3370\" data-end=\"3401\">commission@privacycommission.be<\/a><\/strong>.<\/p>\n<hr data-start=\"3408\" data-end=\"3411\">\n<p data-start=\"3413\" data-end=\"3652\">\u00b9 R\u00e8glement (UE) 2016\/679 du Parlement europ\u00e9en et du Conseil du 27 avril 2016 relatif \u00e0 la protection des personnes physiques \u00e0 l&#8217;\u00e9gard du traitement des donn\u00e9es \u00e0 caract\u00e8re personnel et \u00e0 la libre circulation de ces donn\u00e9es.<\/p>\n<\/div>\n<\/div>\n<\/div>\n<\/div>\n<\/div>\n<\/div>\n<\/div>\n<\/div>\n<p><\/p>\t\t\t\t\t\t\t\t<\/div>\n\t\t\t\t<\/div>\n\t\t\t\t\t<\/div>\n\t\t\t\t<\/div>\n\t\t\t\t<\/div>\n\t\t","protected":false},"excerpt":{"rendered":"<p>Politique de confidentialit\u00e9 Holistikinstituut, dont le si\u00e8ge social est situ\u00e9 Statieplein 12, 9200 Dendermonde, s&#8217;engage \u00e0 respecter et \u00e0 se conformer soigneusement \u00e0 la l\u00e9gislation europ\u00e9enne **AVG (R\u00e8glement g\u00e9n\u00e9ral sur la protection des donn\u00e9es)**\u00b9 sur la protection des donn\u00e9es \u00e0 caract\u00e8re personnel. Cette r\u00e9glementation est en vigueur depuis le 25 mai 2018. Les donn\u00e9es personnelles [&hellip;]<\/p>\n","protected":false},"author":4,"featured_media":0,"parent":0,"menu_order":0,"comment_status":"closed","ping_status":"closed","template":"","meta":{"footnotes":""},"class_list":["post-1400","page","type-page","status-publish","hentry"],"yoast_head":"<!-- This site is optimized with the Yoast SEO plugin v26.5 - https:\/\/yoast.com\/wordpress\/plugins\/seo\/ -->\n<title>Vie priv\u00e9e - Holistik Acupunctuur Instituut<\/title>\n<meta name=\"robots\" content=\"index, follow, max-snippet:-1, max-image-preview:large, max-video-preview:-1\" \/>\n<link rel=\"canonical\" href=\"https:\/\/holistikinstituut.be\/fr\/vie-privee\/\" \/>\n<meta property=\"og:locale\" content=\"fr_FR\" \/>\n<meta property=\"og:type\" content=\"article\" \/>\n<meta property=\"og:title\" content=\"Vie priv\u00e9e - Holistik Acupunctuur Instituut\" \/>\n<meta property=\"og:description\" content=\"Politique de confidentialit\u00e9 Holistikinstituut, dont le si\u00e8ge social est situ\u00e9 Statieplein 12, 9200 Dendermonde, s&#8217;engage \u00e0 respecter et \u00e0 se conformer soigneusement \u00e0 la l\u00e9gislation europ\u00e9enne **AVG (R\u00e8glement g\u00e9n\u00e9ral sur la protection des donn\u00e9es)**\u00b9 sur la protection des donn\u00e9es \u00e0 caract\u00e8re personnel. Cette r\u00e9glementation est en vigueur depuis le 25 mai 2018. Les donn\u00e9es personnelles [&hellip;]\" \/>\n<meta property=\"og:url\" content=\"https:\/\/holistikinstituut.be\/fr\/vie-privee\/\" \/>\n<meta property=\"og:site_name\" content=\"Holistik Acupunctuur Instituut\" \/>\n<meta property=\"article:modified_time\" content=\"2025-12-11T12:38:38+00:00\" \/>\n<meta name=\"twitter:card\" content=\"summary_large_image\" \/>\n<meta name=\"twitter:label1\" content=\"Dur\u00e9e de lecture estim\u00e9e\" \/>\n\t<meta name=\"twitter:data1\" content=\"3 minutes\" \/>\n<script type=\"application\/ld+json\" class=\"yoast-schema-graph\">{\"@context\":\"https:\/\/schema.org\",\"@graph\":[{\"@type\":\"WebPage\",\"@id\":\"https:\/\/holistikinstituut.be\/fr\/vie-privee\/\",\"url\":\"https:\/\/holistikinstituut.be\/fr\/vie-privee\/\",\"name\":\"Vie priv\u00e9e - Holistik Acupunctuur Instituut\",\"isPartOf\":{\"@id\":\"https:\/\/holistikinstituut.be\/fr\/#website\"},\"datePublished\":\"2020-01-06T14:50:32+00:00\",\"dateModified\":\"2025-12-11T12:38:38+00:00\",\"breadcrumb\":{\"@id\":\"https:\/\/holistikinstituut.be\/fr\/vie-privee\/#breadcrumb\"},\"inLanguage\":\"fr-FR\",\"potentialAction\":[{\"@type\":\"ReadAction\",\"target\":[\"https:\/\/holistikinstituut.be\/fr\/vie-privee\/\"]}]},{\"@type\":\"BreadcrumbList\",\"@id\":\"https:\/\/holistikinstituut.be\/fr\/vie-privee\/#breadcrumb\",\"itemListElement\":[{\"@type\":\"ListItem\",\"position\":1,\"name\":\"Accueil\",\"item\":\"https:\/\/holistikinstituut.be\/fr\/\"},{\"@type\":\"ListItem\",\"position\":2,\"name\":\"Vie priv\u00e9e\"}]},{\"@type\":\"WebSite\",\"@id\":\"https:\/\/holistikinstituut.be\/fr\/#website\",\"url\":\"https:\/\/holistikinstituut.be\/fr\/\",\"name\":\"Holistik Acupunctuur Instituut\",\"description\":\"\",\"publisher\":{\"@id\":\"https:\/\/holistikinstituut.be\/fr\/#organization\"},\"potentialAction\":[{\"@type\":\"SearchAction\",\"target\":{\"@type\":\"EntryPoint\",\"urlTemplate\":\"https:\/\/holistikinstituut.be\/fr\/?s={search_term_string}\"},\"query-input\":{\"@type\":\"PropertyValueSpecification\",\"valueRequired\":true,\"valueName\":\"search_term_string\"}}],\"inLanguage\":\"fr-FR\"},{\"@type\":\"Organization\",\"@id\":\"https:\/\/holistikinstituut.be\/fr\/#organization\",\"name\":\"Holistik Acupunctuur Instituut\",\"url\":\"https:\/\/holistikinstituut.be\/fr\/\",\"logo\":{\"@type\":\"ImageObject\",\"inLanguage\":\"fr-FR\",\"@id\":\"https:\/\/holistikinstituut.be\/fr\/#\/schema\/logo\/image\/\",\"url\":\"https:\/\/holistikinstituut.be\/wp-content\/uploads\/2022\/07\/Union-6.svg\",\"contentUrl\":\"https:\/\/holistikinstituut.be\/wp-content\/uploads\/2022\/07\/Union-6.svg\",\"width\":117,\"height\":118,\"caption\":\"Holistik Acupunctuur Instituut\"},\"image\":{\"@id\":\"https:\/\/holistikinstituut.be\/fr\/#\/schema\/logo\/image\/\"}}]}<\/script>\n<!-- \/ Yoast SEO plugin. -->","yoast_head_json":{"title":"Vie priv\u00e9e - Holistik Acupunctuur Instituut","robots":{"index":"index","follow":"follow","max-snippet":"max-snippet:-1","max-image-preview":"max-image-preview:large","max-video-preview":"max-video-preview:-1"},"canonical":"https:\/\/holistikinstituut.be\/fr\/vie-privee\/","og_locale":"fr_FR","og_type":"article","og_title":"Vie priv\u00e9e - Holistik Acupunctuur Instituut","og_description":"Politique de confidentialit\u00e9 Holistikinstituut, dont le si\u00e8ge social est situ\u00e9 Statieplein 12, 9200 Dendermonde, s&#8217;engage \u00e0 respecter et \u00e0 se conformer soigneusement \u00e0 la l\u00e9gislation europ\u00e9enne **AVG (R\u00e8glement g\u00e9n\u00e9ral sur la protection des donn\u00e9es)**\u00b9 sur la protection des donn\u00e9es \u00e0 caract\u00e8re personnel. Cette r\u00e9glementation est en vigueur depuis le 25 mai 2018. Les donn\u00e9es personnelles [&hellip;]","og_url":"https:\/\/holistikinstituut.be\/fr\/vie-privee\/","og_site_name":"Holistik Acupunctuur Instituut","article_modified_time":"2025-12-11T12:38:38+00:00","twitter_card":"summary_large_image","twitter_misc":{"Dur\u00e9e de lecture estim\u00e9e":"3 minutes"},"schema":{"@context":"https:\/\/schema.org","@graph":[{"@type":"WebPage","@id":"https:\/\/holistikinstituut.be\/fr\/vie-privee\/","url":"https:\/\/holistikinstituut.be\/fr\/vie-privee\/","name":"Vie priv\u00e9e - Holistik Acupunctuur Instituut","isPartOf":{"@id":"https:\/\/holistikinstituut.be\/fr\/#website"},"datePublished":"2020-01-06T14:50:32+00:00","dateModified":"2025-12-11T12:38:38+00:00","breadcrumb":{"@id":"https:\/\/holistikinstituut.be\/fr\/vie-privee\/#breadcrumb"},"inLanguage":"fr-FR","potentialAction":[{"@type":"ReadAction","target":["https:\/\/holistikinstituut.be\/fr\/vie-privee\/"]}]},{"@type":"BreadcrumbList","@id":"https:\/\/holistikinstituut.be\/fr\/vie-privee\/#breadcrumb","itemListElement":[{"@type":"ListItem","position":1,"name":"Accueil","item":"https:\/\/holistikinstituut.be\/fr\/"},{"@type":"ListItem","position":2,"name":"Vie priv\u00e9e"}]},{"@type":"WebSite","@id":"https:\/\/holistikinstituut.be\/fr\/#website","url":"https:\/\/holistikinstituut.be\/fr\/","name":"Holistik Acupunctuur Instituut","description":"","publisher":{"@id":"https:\/\/holistikinstituut.be\/fr\/#organization"},"potentialAction":[{"@type":"SearchAction","target":{"@type":"EntryPoint","urlTemplate":"https:\/\/holistikinstituut.be\/fr\/?s={search_term_string}"},"query-input":{"@type":"PropertyValueSpecification","valueRequired":true,"valueName":"search_term_string"}}],"inLanguage":"fr-FR"},{"@type":"Organization","@id":"https:\/\/holistikinstituut.be\/fr\/#organization","name":"Holistik Acupunctuur Instituut","url":"https:\/\/holistikinstituut.be\/fr\/","logo":{"@type":"ImageObject","inLanguage":"fr-FR","@id":"https:\/\/holistikinstituut.be\/fr\/#\/schema\/logo\/image\/","url":"https:\/\/holistikinstituut.be\/wp-content\/uploads\/2022\/07\/Union-6.svg","contentUrl":"https:\/\/holistikinstituut.be\/wp-content\/uploads\/2022\/07\/Union-6.svg","width":117,"height":118,"caption":"Holistik Acupunctuur Instituut"},"image":{"@id":"https:\/\/holistikinstituut.be\/fr\/#\/schema\/logo\/image\/"}}]}},"_links":{"self":[{"href":"https:\/\/holistikinstituut.be\/fr\/wp-json\/wp\/v2\/pages\/1400","targetHints":{"allow":["GET"]}}],"collection":[{"href":"https:\/\/holistikinstituut.be\/fr\/wp-json\/wp\/v2\/pages"}],"about":[{"href":"https:\/\/holistikinstituut.be\/fr\/wp-json\/wp\/v2\/types\/page"}],"author":[{"embeddable":true,"href":"https:\/\/holistikinstituut.be\/fr\/wp-json\/wp\/v2\/users\/4"}],"replies":[{"embeddable":true,"href":"https:\/\/holistikinstituut.be\/fr\/wp-json\/wp\/v2\/comments?post=1400"}],"version-history":[{"count":1,"href":"https:\/\/holistikinstituut.be\/fr\/wp-json\/wp\/v2\/pages\/1400\/revisions"}],"predecessor-version":[{"id":1401,"href":"https:\/\/holistikinstituut.be\/fr\/wp-json\/wp\/v2\/pages\/1400\/revisions\/1401"}],"wp:attachment":[{"href":"https:\/\/holistikinstituut.be\/fr\/wp-json\/wp\/v2\/media?parent=1400"}],"curies":[{"name":"wp","href":"https:\/\/api.w.org\/{rel}","templated":true}]}}