{"id":1388,"date":"2025-09-24T16:19:51","date_gmt":"2025-09-24T14:19:51","guid":{"rendered":"https:\/\/holistikinstituut.be\/traitements\/"},"modified":"2026-01-05T14:01:09","modified_gmt":"2026-01-05T13:01:09","slug":"traitements","status":"publish","type":"page","link":"https:\/\/holistikinstituut.be\/fr\/traitements\/","title":{"rendered":"Traitements"},"content":{"rendered":"\t\t<div data-elementor-type=\"wp-page\" data-elementor-id=\"1388\" class=\"elementor elementor-1388 elementor-342\" data-elementor-post-type=\"page\">\n\t\t\t\t<div class=\"elementor-element elementor-element-b5f7be1 e-flex e-con-boxed e-con e-parent\" data-id=\"b5f7be1\" data-element_type=\"container\" data-settings=\"{&quot;background_background&quot;:&quot;classic&quot;}\">\n\t\t\t\t\t<div class=\"e-con-inner\">\n\t\t\t\t<div class=\"elementor-element elementor-element-b452c5c elementor-widget elementor-widget-heading\" data-id=\"b452c5c\" data-element_type=\"widget\" data-widget_type=\"heading.default\">\n\t\t\t\t<div class=\"elementor-widget-container\">\n\t\t\t\t\t<h1 class=\"elementor-heading-title elementor-size-default\">Traitements<\/h1>\t\t\t\t<\/div>\n\t\t\t\t<\/div>\n\t\t\t\t\t<\/div>\n\t\t\t\t<\/div>\n\t\t<div class=\"elementor-element elementor-element-dd148fb e-grid e-con-boxed e-con e-parent\" data-id=\"dd148fb\" data-element_type=\"container\">\n\t\t\t\t\t<div class=\"e-con-inner\">\n\t\t<a class=\"elementor-element elementor-element-01f9e74 e-con-full e-flex e-con e-child\" data-id=\"01f9e74\" data-element_type=\"container\" data-settings=\"{&quot;background_background&quot;:&quot;classic&quot;}\" href=\"https:\/\/holistikinstituut.be\/behandelingen\/acupunctuur\/\">\n\t\t<div class=\"elementor-element elementor-element-d7e5ffb e-con-full e-flex e-con e-child\" data-id=\"d7e5ffb\" data-element_type=\"container\">\n\t\t\t\t<div class=\"elementor-element elementor-element-ee2fffd elementor-widget__width-initial elementor-widget elementor-widget-heading\" data-id=\"ee2fffd\" data-element_type=\"widget\" data-widget_type=\"heading.default\">\n\t\t\t\t<div class=\"elementor-widget-container\">\n\t\t\t\t\t<h2 class=\"elementor-heading-title elementor-size-default\">Acupuncture<\/h2>\t\t\t\t<\/div>\n\t\t\t\t<\/div>\n\t\t\t\t<\/div>\n\t\t\t\t<\/a>\n\t\t<a class=\"elementor-element elementor-element-6feaad8 e-con-full e-flex e-con e-child\" data-id=\"6feaad8\" data-element_type=\"container\" data-settings=\"{&quot;background_background&quot;:&quot;classic&quot;}\" href=\"https:\/\/holistikinstituut.be\/behandelingen\/spinale-manipulatie-technieken\/\">\n\t\t<div class=\"elementor-element elementor-element-e3951ad e-con-full e-flex e-con e-child\" data-id=\"e3951ad\" data-element_type=\"container\">\n\t\t\t\t<div class=\"elementor-element elementor-element-e50544d elementor-widget__width-initial elementor-widget elementor-widget-heading\" data-id=\"e50544d\" data-element_type=\"widget\" data-widget_type=\"heading.default\">\n\t\t\t\t<div class=\"elementor-widget-container\">\n\t\t\t\t\t<h2 class=\"elementor-heading-title elementor-size-default\">Techniques de manipulation de la colonne vert\u00e9brale<\/h2>\t\t\t\t<\/div>\n\t\t\t\t<\/div>\n\t\t\t\t<\/div>\n\t\t\t\t<\/a>\n\t\t<a class=\"elementor-element elementor-element-859ccd2 e-con-full e-flex e-con e-child\" data-id=\"859ccd2\" data-element_type=\"container\" data-settings=\"{&quot;background_background&quot;:&quot;classic&quot;}\" href=\"https:\/\/holistikinstituut.be\/behandelingen\/bloedzuigertherapie\/\">\n\t\t<div class=\"elementor-element elementor-element-3c6c05d e-con-full e-flex e-con e-child\" data-id=\"3c6c05d\" data-element_type=\"container\">\n\t\t\t\t<div class=\"elementor-element elementor-element-ef0412a elementor-widget__width-initial elementor-widget elementor-widget-heading\" data-id=\"ef0412a\" data-element_type=\"widget\" data-widget_type=\"heading.default\">\n\t\t\t\t<div class=\"elementor-widget-container\">\n\t\t\t\t\t<h2 class=\"elementor-heading-title elementor-size-default\">Th\u00e9rapie par les sangsues<\/h2>\t\t\t\t<\/div>\n\t\t\t\t<\/div>\n\t\t\t\t<\/div>\n\t\t\t\t<\/a>\n\t\t<a class=\"elementor-element elementor-element-2ac533f e-con-full e-flex e-con e-child\" data-id=\"2ac533f\" data-element_type=\"container\" data-settings=\"{&quot;background_background&quot;:&quot;classic&quot;}\" href=\"https:\/\/holistikinstituut.be\/behandelingen\/iriscopie\/\">\n\t\t<div class=\"elementor-element elementor-element-cb76c38 e-con-full e-flex e-con e-child\" data-id=\"cb76c38\" data-element_type=\"container\">\n\t\t\t\t<div class=\"elementor-element elementor-element-57fc316 elementor-widget__width-initial elementor-widget elementor-widget-heading\" data-id=\"57fc316\" data-element_type=\"widget\" data-widget_type=\"heading.default\">\n\t\t\t\t<div class=\"elementor-widget-container\">\n\t\t\t\t\t<h2 class=\"elementor-heading-title elementor-size-default\">Iriscopie<\/h2>\t\t\t\t<\/div>\n\t\t\t\t<\/div>\n\t\t\t\t<\/div>\n\t\t\t\t<\/a>\n\t\t<a class=\"elementor-element elementor-element-9b72275 e-con-full e-flex e-con e-child\" data-id=\"9b72275\" data-element_type=\"container\" data-settings=\"{&quot;background_background&quot;:&quot;classic&quot;}\" href=\"https:\/\/holistikinstituut.be\/behandelingen\/hijama\/\">\n\t\t<div class=\"elementor-element elementor-element-3ddd93a e-con-full e-flex e-con e-child\" data-id=\"3ddd93a\" data-element_type=\"container\">\n\t\t\t\t<div class=\"elementor-element elementor-element-483e4bd elementor-widget__width-initial elementor-widget elementor-widget-heading\" data-id=\"483e4bd\" data-element_type=\"widget\" data-widget_type=\"heading.default\">\n\t\t\t\t<div class=\"elementor-widget-container\">\n\t\t\t\t\t<h2 class=\"elementor-heading-title elementor-size-default\">Hijama<\/h2>\t\t\t\t<\/div>\n\t\t\t\t<\/div>\n\t\t\t\t<\/div>\n\t\t\t\t<\/a>\n\t\t<a class=\"elementor-element elementor-element-d342ba6 e-con-full e-flex e-con e-child\" data-id=\"d342ba6\" data-element_type=\"container\" data-settings=\"{&quot;background_background&quot;:&quot;classic&quot;}\" href=\"https:\/\/holistikinstituut.be\/behandelingen\/tractie-therapieen\/\">\n\t\t<div class=\"elementor-element elementor-element-117d6ba e-con-full e-flex e-con e-child\" data-id=\"117d6ba\" data-element_type=\"container\">\n\t\t\t\t<div class=\"elementor-element elementor-element-0bdecf9 elementor-widget__width-initial elementor-widget elementor-widget-heading\" data-id=\"0bdecf9\" data-element_type=\"widget\" data-widget_type=\"heading.default\">\n\t\t\t\t<div class=\"elementor-widget-container\">\n\t\t\t\t\t<h2 class=\"elementor-heading-title elementor-size-default\">Traction<\/h2>\t\t\t\t<\/div>\n\t\t\t\t<\/div>\n\t\t\t\t<\/div>\n\t\t\t\t<\/a>\n\t\t<a class=\"elementor-element elementor-element-fe1b8da e-con-full e-flex e-con e-child\" data-id=\"fe1b8da\" data-element_type=\"container\" data-settings=\"{&quot;background_background&quot;:&quot;classic&quot;}\" href=\"https:\/\/holistikinstituut.be\/behandelingen\/tractie-therapieen\/\">\n\t\t<div class=\"elementor-element elementor-element-429b960 e-con-full e-flex e-con e-child\" data-id=\"429b960\" data-element_type=\"container\">\n\t\t\t\t<div class=\"elementor-element elementor-element-3a4d310 elementor-widget__width-initial elementor-widget elementor-widget-heading\" data-id=\"3a4d310\" data-element_type=\"widget\" data-widget_type=\"heading.default\">\n\t\t\t\t<div class=\"elementor-widget-container\">\n\t\t\t\t\t<h2 class=\"elementor-heading-title elementor-size-default\">Dispositif Th\u00e9rapie par t\u00e9rahertz<\/h2>\t\t\t\t<\/div>\n\t\t\t\t<\/div>\n\t\t\t\t<\/div>\n\t\t\t\t<\/a>\n\t\t<a class=\"elementor-element elementor-element-910198b e-con-full e-flex e-con e-child\" data-id=\"910198b\" data-element_type=\"container\" data-settings=\"{&quot;background_background&quot;:&quot;classic&quot;}\" href=\"https:\/\/holistikinstituut.be\/behandelingen\/darmspoelingen\/\">\n\t\t<div class=\"elementor-element elementor-element-e7d95ca e-con-full e-flex e-con e-child\" data-id=\"e7d95ca\" data-element_type=\"container\">\n\t\t\t\t<div class=\"elementor-element elementor-element-db36e15 elementor-widget__width-initial elementor-widget elementor-widget-heading\" data-id=\"db36e15\" data-element_type=\"widget\" data-widget_type=\"heading.default\">\n\t\t\t\t<div class=\"elementor-widget-container\">\n\t\t\t\t\t<h2 class=\"elementor-heading-title elementor-size-default\">Rin\u00e7ages intestinaux<\/h2>\t\t\t\t<\/div>\n\t\t\t\t<\/div>\n\t\t\t\t<\/div>\n\t\t\t\t<\/a>\n\t\t<a class=\"elementor-element elementor-element-1a8b34c e-con-full e-flex e-con e-child\" data-id=\"1a8b34c\" data-element_type=\"container\" data-settings=\"{&quot;background_background&quot;:&quot;classic&quot;}\" href=\"https:\/\/holistikinstituut.be\/behandelingen\/darmtherapie-ontlastingsonderzoek\/\">\n\t\t<div class=\"elementor-element elementor-element-fb99a7b e-con-full e-flex e-con e-child\" data-id=\"fb99a7b\" data-element_type=\"container\">\n\t\t\t\t<div class=\"elementor-element elementor-element-c2e9104 elementor-widget__width-initial elementor-widget elementor-widget-heading\" data-id=\"c2e9104\" data-element_type=\"widget\" data-widget_type=\"heading.default\">\n\t\t\t\t<div class=\"elementor-widget-container\">\n\t\t\t\t\t<h2 class=\"elementor-heading-title elementor-size-default\">Th\u00e9rapie intestinale - Examen f\u00e9cal<\/h2>\t\t\t\t<\/div>\n\t\t\t\t<\/div>\n\t\t\t\t<\/div>\n\t\t\t\t<\/a>\n\t\t<a class=\"elementor-element elementor-element-6871733 e-con-full e-flex e-con e-child\" data-id=\"6871733\" data-element_type=\"container\" data-settings=\"{&quot;background_background&quot;:&quot;classic&quot;}\" href=\"https:\/\/holistikinstituut.be\/behandelingen\/iastm\/\">\n\t\t<div class=\"elementor-element elementor-element-174053a e-con-full e-flex e-con e-child\" data-id=\"174053a\" data-element_type=\"container\">\n\t\t\t\t<div class=\"elementor-element elementor-element-91a7ddd elementor-widget__width-initial elementor-widget elementor-widget-heading\" data-id=\"91a7ddd\" data-element_type=\"widget\" data-widget_type=\"heading.default\">\n\t\t\t\t<div class=\"elementor-widget-container\">\n\t\t\t\t\t<h2 class=\"elementor-heading-title elementor-size-default\">Mobilisation des tissus mous \u00e0 l'aide d'instruments<\/h2>\t\t\t\t<\/div>\n\t\t\t\t<\/div>\n\t\t\t\t<\/div>\n\t\t\t\t<\/a>\n\t\t<a class=\"elementor-element elementor-element-ad0eb1b e-con-full e-flex e-con e-child\" data-id=\"ad0eb1b\" data-element_type=\"container\" data-settings=\"{&quot;background_background&quot;:&quot;classic&quot;}\" href=\"https:\/\/holistikinstituut.be\/behandelingen\/lasertherapie\/\">\n\t\t<div class=\"elementor-element elementor-element-515402d e-con-full e-flex e-con e-child\" data-id=\"515402d\" data-element_type=\"container\">\n\t\t\t\t<div class=\"elementor-element elementor-element-49b07b6 elementor-widget__width-initial elementor-widget elementor-widget-heading\" data-id=\"49b07b6\" data-element_type=\"widget\" data-widget_type=\"heading.default\">\n\t\t\t\t<div class=\"elementor-widget-container\">\n\t\t\t\t\t<h2 class=\"elementor-heading-title elementor-size-default\">Th\u00e9rapie au laser<\/h2>\t\t\t\t<\/div>\n\t\t\t\t<\/div>\n\t\t\t\t<\/div>\n\t\t\t\t<\/a>\n\t\t\t\t\t<\/div>\n\t\t\t\t<\/div>\n\t\t\t\t<\/div>\n\t\t","protected":false},"excerpt":{"rendered":"<p>Traitements Acupuncture Techniques de manipulation de la colonne vert\u00e9brale Th\u00e9rapie par les sangsues Iriscopie Hijama Traction Dispositif Th\u00e9rapie par t\u00e9rahertz Rin\u00e7ages intestinaux Th\u00e9rapie intestinale &#8211; Examen f\u00e9cal Mobilisation des tissus mous \u00e0 l&#8217;aide d&#8217;instruments Th\u00e9rapie au laser<\/p>\n","protected":false},"author":4,"featured_media":0,"parent":0,"menu_order":0,"comment_status":"closed","ping_status":"closed","template":"","meta":{"footnotes":""},"class_list":["post-1388","page","type-page","status-publish","hentry"],"yoast_head":"<!-- This site is optimized with the Yoast SEO plugin v26.5 - https:\/\/yoast.com\/wordpress\/plugins\/seo\/ -->\n<title>Traitements - Holistik Acupunctuur Instituut<\/title>\n<meta name=\"robots\" content=\"index, follow, max-snippet:-1, max-image-preview:large, max-video-preview:-1\" \/>\n<link rel=\"canonical\" href=\"https:\/\/holistikinstituut.be\/fr\/traitements\/\" \/>\n<meta property=\"og:locale\" content=\"fr_FR\" \/>\n<meta property=\"og:type\" content=\"article\" \/>\n<meta property=\"og:title\" content=\"Traitements - Holistik Acupunctuur Instituut\" \/>\n<meta property=\"og:description\" content=\"Traitements Acupuncture Techniques de manipulation de la colonne vert\u00e9brale Th\u00e9rapie par les sangsues Iriscopie Hijama Traction Dispositif Th\u00e9rapie par t\u00e9rahertz Rin\u00e7ages intestinaux Th\u00e9rapie intestinale &#8211; Examen f\u00e9cal Mobilisation des tissus mous \u00e0 l&#8217;aide d&#8217;instruments Th\u00e9rapie au laser\" \/>\n<meta property=\"og:url\" content=\"https:\/\/holistikinstituut.be\/fr\/traitements\/\" \/>\n<meta property=\"og:site_name\" content=\"Holistik Acupunctuur Instituut\" \/>\n<meta property=\"article:modified_time\" content=\"2026-01-05T13:01:09+00:00\" \/>\n<meta name=\"twitter:card\" content=\"summary_large_image\" \/>\n<script type=\"application\/ld+json\" class=\"yoast-schema-graph\">{\"@context\":\"https:\/\/schema.org\",\"@graph\":[{\"@type\":\"WebPage\",\"@id\":\"https:\/\/holistikinstituut.be\/fr\/traitements\/\",\"url\":\"https:\/\/holistikinstituut.be\/fr\/traitements\/\",\"name\":\"Traitements - Holistik Acupunctuur Instituut\",\"isPartOf\":{\"@id\":\"https:\/\/holistikinstituut.be\/fr\/#website\"},\"datePublished\":\"2025-09-24T14:19:51+00:00\",\"dateModified\":\"2026-01-05T13:01:09+00:00\",\"breadcrumb\":{\"@id\":\"https:\/\/holistikinstituut.be\/fr\/traitements\/#breadcrumb\"},\"inLanguage\":\"fr-FR\",\"potentialAction\":[{\"@type\":\"ReadAction\",\"target\":[\"https:\/\/holistikinstituut.be\/fr\/traitements\/\"]}]},{\"@type\":\"BreadcrumbList\",\"@id\":\"https:\/\/holistikinstituut.be\/fr\/traitements\/#breadcrumb\",\"itemListElement\":[{\"@type\":\"ListItem\",\"position\":1,\"name\":\"Accueil\",\"item\":\"https:\/\/holistikinstituut.be\/fr\/\"},{\"@type\":\"ListItem\",\"position\":2,\"name\":\"Traitements\"}]},{\"@type\":\"WebSite\",\"@id\":\"https:\/\/holistikinstituut.be\/fr\/#website\",\"url\":\"https:\/\/holistikinstituut.be\/fr\/\",\"name\":\"Holistik Acupunctuur Instituut\",\"description\":\"\",\"publisher\":{\"@id\":\"https:\/\/holistikinstituut.be\/fr\/#organization\"},\"potentialAction\":[{\"@type\":\"SearchAction\",\"target\":{\"@type\":\"EntryPoint\",\"urlTemplate\":\"https:\/\/holistikinstituut.be\/fr\/?s={search_term_string}\"},\"query-input\":{\"@type\":\"PropertyValueSpecification\",\"valueRequired\":true,\"valueName\":\"search_term_string\"}}],\"inLanguage\":\"fr-FR\"},{\"@type\":\"Organization\",\"@id\":\"https:\/\/holistikinstituut.be\/fr\/#organization\",\"name\":\"Holistik Acupunctuur Instituut\",\"url\":\"https:\/\/holistikinstituut.be\/fr\/\",\"logo\":{\"@type\":\"ImageObject\",\"inLanguage\":\"fr-FR\",\"@id\":\"https:\/\/holistikinstituut.be\/fr\/#\/schema\/logo\/image\/\",\"url\":\"https:\/\/holistikinstituut.be\/wp-content\/uploads\/2022\/07\/Union-6.svg\",\"contentUrl\":\"https:\/\/holistikinstituut.be\/wp-content\/uploads\/2022\/07\/Union-6.svg\",\"width\":117,\"height\":118,\"caption\":\"Holistik Acupunctuur Instituut\"},\"image\":{\"@id\":\"https:\/\/holistikinstituut.be\/fr\/#\/schema\/logo\/image\/\"}}]}<\/script>\n<!-- \/ Yoast SEO plugin. -->","yoast_head_json":{"title":"Traitements - Holistik Acupunctuur Instituut","robots":{"index":"index","follow":"follow","max-snippet":"max-snippet:-1","max-image-preview":"max-image-preview:large","max-video-preview":"max-video-preview:-1"},"canonical":"https:\/\/holistikinstituut.be\/fr\/traitements\/","og_locale":"fr_FR","og_type":"article","og_title":"Traitements - Holistik Acupunctuur Instituut","og_description":"Traitements Acupuncture Techniques de manipulation de la colonne vert\u00e9brale Th\u00e9rapie par les sangsues Iriscopie Hijama Traction Dispositif Th\u00e9rapie par t\u00e9rahertz Rin\u00e7ages intestinaux Th\u00e9rapie intestinale &#8211; Examen f\u00e9cal Mobilisation des tissus mous \u00e0 l&#8217;aide d&#8217;instruments Th\u00e9rapie au laser","og_url":"https:\/\/holistikinstituut.be\/fr\/traitements\/","og_site_name":"Holistik Acupunctuur Instituut","article_modified_time":"2026-01-05T13:01:09+00:00","twitter_card":"summary_large_image","schema":{"@context":"https:\/\/schema.org","@graph":[{"@type":"WebPage","@id":"https:\/\/holistikinstituut.be\/fr\/traitements\/","url":"https:\/\/holistikinstituut.be\/fr\/traitements\/","name":"Traitements - Holistik Acupunctuur Instituut","isPartOf":{"@id":"https:\/\/holistikinstituut.be\/fr\/#website"},"datePublished":"2025-09-24T14:19:51+00:00","dateModified":"2026-01-05T13:01:09+00:00","breadcrumb":{"@id":"https:\/\/holistikinstituut.be\/fr\/traitements\/#breadcrumb"},"inLanguage":"fr-FR","potentialAction":[{"@type":"ReadAction","target":["https:\/\/holistikinstituut.be\/fr\/traitements\/"]}]},{"@type":"BreadcrumbList","@id":"https:\/\/holistikinstituut.be\/fr\/traitements\/#breadcrumb","itemListElement":[{"@type":"ListItem","position":1,"name":"Accueil","item":"https:\/\/holistikinstituut.be\/fr\/"},{"@type":"ListItem","position":2,"name":"Traitements"}]},{"@type":"WebSite","@id":"https:\/\/holistikinstituut.be\/fr\/#website","url":"https:\/\/holistikinstituut.be\/fr\/","name":"Holistik Acupunctuur Instituut","description":"","publisher":{"@id":"https:\/\/holistikinstituut.be\/fr\/#organization"},"potentialAction":[{"@type":"SearchAction","target":{"@type":"EntryPoint","urlTemplate":"https:\/\/holistikinstituut.be\/fr\/?s={search_term_string}"},"query-input":{"@type":"PropertyValueSpecification","valueRequired":true,"valueName":"search_term_string"}}],"inLanguage":"fr-FR"},{"@type":"Organization","@id":"https:\/\/holistikinstituut.be\/fr\/#organization","name":"Holistik Acupunctuur Instituut","url":"https:\/\/holistikinstituut.be\/fr\/","logo":{"@type":"ImageObject","inLanguage":"fr-FR","@id":"https:\/\/holistikinstituut.be\/fr\/#\/schema\/logo\/image\/","url":"https:\/\/holistikinstituut.be\/wp-content\/uploads\/2022\/07\/Union-6.svg","contentUrl":"https:\/\/holistikinstituut.be\/wp-content\/uploads\/2022\/07\/Union-6.svg","width":117,"height":118,"caption":"Holistik Acupunctuur Instituut"},"image":{"@id":"https:\/\/holistikinstituut.be\/fr\/#\/schema\/logo\/image\/"}}]}},"_links":{"self":[{"href":"https:\/\/holistikinstituut.be\/fr\/wp-json\/wp\/v2\/pages\/1388","targetHints":{"allow":["GET"]}}],"collection":[{"href":"https:\/\/holistikinstituut.be\/fr\/wp-json\/wp\/v2\/pages"}],"about":[{"href":"https:\/\/holistikinstituut.be\/fr\/wp-json\/wp\/v2\/types\/page"}],"author":[{"embeddable":true,"href":"https:\/\/holistikinstituut.be\/fr\/wp-json\/wp\/v2\/users\/4"}],"replies":[{"embeddable":true,"href":"https:\/\/holistikinstituut.be\/fr\/wp-json\/wp\/v2\/comments?post=1388"}],"version-history":[{"count":1,"href":"https:\/\/holistikinstituut.be\/fr\/wp-json\/wp\/v2\/pages\/1388\/revisions"}],"predecessor-version":[{"id":1390,"href":"https:\/\/holistikinstituut.be\/fr\/wp-json\/wp\/v2\/pages\/1388\/revisions\/1390"}],"wp:attachment":[{"href":"https:\/\/holistikinstituut.be\/fr\/wp-json\/wp\/v2\/media?parent=1388"}],"curies":[{"name":"wp","href":"https:\/\/api.w.org\/{rel}","templated":true}]}}