{"id":1379,"date":"2025-09-24T16:31:14","date_gmt":"2025-09-24T14:31:14","guid":{"rendered":"https:\/\/holistikinstituut.be\/conseils-sur-le-sevrage-tabagique\/"},"modified":"2025-12-11T13:38:30","modified_gmt":"2025-12-11T12:38:30","slug":"conseils-sur-le-sevrage-tabagique","status":"publish","type":"page","link":"https:\/\/holistikinstituut.be\/fr\/traitements\/conseils-sur-le-sevrage-tabagique\/","title":{"rendered":"Conseils sur le sevrage tabagique"},"content":{"rendered":"\t\t<div data-elementor-type=\"wp-page\" data-elementor-id=\"1379\" class=\"elementor elementor-1379 elementor-364\" data-elementor-post-type=\"page\">\n\t\t\t\t<div class=\"elementor-element elementor-element-0ad2c0c e-flex e-con-boxed e-con e-parent\" data-id=\"0ad2c0c\" data-element_type=\"container\" data-settings=\"{&quot;background_background&quot;:&quot;classic&quot;}\">\n\t\t\t\t\t<div class=\"e-con-inner\">\n\t\t\t\t<div class=\"elementor-element elementor-element-633dcfa elementor-widget elementor-widget-heading\" data-id=\"633dcfa\" data-element_type=\"widget\" data-widget_type=\"heading.default\">\n\t\t\t\t<div class=\"elementor-widget-container\">\n\t\t\t\t\t<h1 class=\"elementor-heading-title elementor-size-default\">Conseils sur le sevrage tabagique<\/h1>\t\t\t\t<\/div>\n\t\t\t\t<\/div>\n\t\t\t\t\t<\/div>\n\t\t\t\t<\/div>\n\t\t<div class=\"elementor-element elementor-element-5afa85c e-flex e-con-boxed e-con e-parent\" data-id=\"5afa85c\" data-element_type=\"container\">\n\t\t\t\t\t<div class=\"e-con-inner\">\n\t\t<div class=\"elementor-element elementor-element-b61da66 e-con-full e-flex e-con e-child\" data-id=\"b61da66\" data-element_type=\"container\">\n\t\t\t\t<div class=\"elementor-element elementor-element-7b7d692 elementor-widget elementor-widget-image\" data-id=\"7b7d692\" data-element_type=\"widget\" data-widget_type=\"image.default\">\n\t\t\t\t<div class=\"elementor-widget-container\">\n\t\t\t\t\t\t\t\t\t\t\t\t\t\t\t<img fetchpriority=\"high\" decoding=\"async\" width=\"307\" height=\"502\" src=\"https:\/\/holistikinstituut.be\/wp-content\/uploads\/2025\/09\/portrait-young-man-breaking-cigarette.webp\" class=\"attachment-full size-full wp-image-1467\" alt=\"\" srcset=\"https:\/\/holistikinstituut.be\/wp-content\/uploads\/2025\/09\/portrait-young-man-breaking-cigarette.webp 307w, https:\/\/holistikinstituut.be\/wp-content\/uploads\/2025\/09\/portrait-young-man-breaking-cigarette-183x300.webp 183w\" sizes=\"(max-width: 307px) 100vw, 307px\" \/>\t\t\t\t\t\t\t\t\t\t\t\t\t\t\t<\/div>\n\t\t\t\t<\/div>\n\t\t\t\t<\/div>\n\t\t<div class=\"elementor-element elementor-element-1904dfa e-con-full e-flex e-con e-child\" data-id=\"1904dfa\" data-element_type=\"container\">\n\t\t\t\t<div class=\"elementor-element elementor-element-a6e8398 elementor-widget__width-initial elementor-widget elementor-widget-heading\" data-id=\"a6e8398\" data-element_type=\"widget\" data-widget_type=\"heading.default\">\n\t\t\t\t<div class=\"elementor-widget-container\">\n\t\t\t\t\t<h2 class=\"elementor-heading-title elementor-size-default\">Ajoutez votre en-t\u00eate ici<\/h2>\t\t\t\t<\/div>\n\t\t\t\t<\/div>\n\t\t\t\t<div class=\"elementor-element elementor-element-213b893 elementor-widget__width-initial elementor-widget elementor-widget-text-editor\" data-id=\"213b893\" data-element_type=\"widget\" data-widget_type=\"text-editor.default\">\n\t\t\t\t<div class=\"elementor-widget-container\">\n\t\t\t\t\t\t\t\t\t<p>L&#8217;acupuncture est une m\u00e9thode de traitement orientale issue de la m\u00e9decine traditionnelle chinoise qui consiste \u00e0 placer de tr\u00e8s fines aiguilles sur des points sp\u00e9cifiques du corps. Ces points se trouvent sur les voies \u00e9nerg\u00e9tiques (m\u00e9ridiens), qui sont reli\u00e9es aux organes et aux fonctions du corps. <\/p><p>L&#8217;objectif est de r\u00e9tablir l&#8217;\u00e9quilibre \u00e9nerg\u00e9tique et d&#8217;activer la capacit\u00e9 d&#8217;autogu\u00e9rison du corps <br>.<\/p>\t\t\t\t\t\t\t\t<\/div>\n\t\t\t\t<\/div>\n\t\t\t\t<div class=\"elementor-element elementor-element-e9c9d08 elementor-align-left elementor-widget elementor-widget-button\" data-id=\"e9c9d08\" data-element_type=\"widget\" data-widget_type=\"button.default\">\n\t\t\t\t<div class=\"elementor-widget-container\">\n\t\t\t\t\t\t\t\t\t<div class=\"elementor-button-wrapper\">\n\t\t\t\t\t<a class=\"elementor-button elementor-button-link elementor-size-sm\" href=\"https:\/\/bookings.crossuite.app\/8646d396-bfca-4da8-b829-ccfc9cc8e8fb\" target=\"_blank\">\n\t\t\t\t\t\t<span class=\"elementor-button-content-wrapper\">\n\t\t\t\t\t\t\t\t\t<span class=\"elementor-button-text\">Planifiez votre entretien d'admission<\/span>\n\t\t\t\t\t<\/span>\n\t\t\t\t\t<\/a>\n\t\t\t\t<\/div>\n\t\t\t\t\t\t\t\t<\/div>\n\t\t\t\t<\/div>\n\t\t\t\t<\/div>\n\t\t\t\t\t<\/div>\n\t\t\t\t<\/div>\n\t\t<div class=\"elementor-element elementor-element-c36a55f e-flex e-con-boxed e-con e-parent\" data-id=\"c36a55f\" data-element_type=\"container\">\n\t\t\t\t\t<div class=\"e-con-inner\">\n\t\t<div class=\"elementor-element elementor-element-b59754e e-con-full e-flex e-con e-child\" data-id=\"b59754e\" data-element_type=\"container\" data-settings=\"{&quot;background_background&quot;:&quot;classic&quot;}\">\n\t\t\t\t<div class=\"elementor-element elementor-element-cbeeeb7 elementor-widget elementor-widget-heading\" data-id=\"cbeeeb7\" data-element_type=\"widget\" data-widget_type=\"heading.default\">\n\t\t\t\t<div class=\"elementor-widget-container\">\n\t\t\t\t\t<h3 class=\"elementor-heading-title elementor-size-default\">Types d'acupuncture :  <\/h3>\t\t\t\t<\/div>\n\t\t\t\t<\/div>\n\t\t\t\t<div class=\"elementor-element elementor-element-366fe29 elementor-icon-list--layout-inline elementor-list-item-link-full_width elementor-widget elementor-widget-icon-list\" data-id=\"366fe29\" data-element_type=\"widget\" data-widget_type=\"icon-list.default\">\n\t\t\t\t<div class=\"elementor-widget-container\">\n\t\t\t\t\t\t\t<ul class=\"elementor-icon-list-items elementor-inline-items\">\n\t\t\t\t\t\t\t<li class=\"elementor-icon-list-item elementor-inline-item\">\n\t\t\t\t\t\t\t\t\t\t\t<span class=\"elementor-icon-list-icon\">\n\t\t\t\t\t\t\t<i aria-hidden=\"true\" class=\"far fa-check-circle\"><\/i>\t\t\t\t\t\t<\/span>\n\t\t\t\t\t\t\t\t\t\t<span class=\"elementor-icon-list-text\">Acupuncture classique  <\/span>\n\t\t\t\t\t\t\t\t\t<\/li>\n\t\t\t\t\t\t\t\t<li class=\"elementor-icon-list-item elementor-inline-item\">\n\t\t\t\t\t\t\t\t\t\t\t<span class=\"elementor-icon-list-icon\">\n\t\t\t\t\t\t\t<i aria-hidden=\"true\" class=\"far fa-check-circle\"><\/i>\t\t\t\t\t\t<\/span>\n\t\t\t\t\t\t\t\t\t\t<span class=\"elementor-icon-list-text\">\u00c9lectroacupuncture<\/span>\n\t\t\t\t\t\t\t\t\t<\/li>\n\t\t\t\t\t\t\t\t<li class=\"elementor-icon-list-item elementor-inline-item\">\n\t\t\t\t\t\t\t\t\t\t\t<span class=\"elementor-icon-list-icon\">\n\t\t\t\t\t\t\t<i aria-hidden=\"true\" class=\"far fa-check-circle\"><\/i>\t\t\t\t\t\t<\/span>\n\t\t\t\t\t\t\t\t\t\t<span class=\"elementor-icon-list-text\">Acupuncture auriculaire<\/span>\n\t\t\t\t\t\t\t\t\t<\/li>\n\t\t\t\t\t\t\t\t<li class=\"elementor-icon-list-item elementor-inline-item\">\n\t\t\t\t\t\t\t\t\t\t\t<span class=\"elementor-icon-list-icon\">\n\t\t\t\t\t\t\t<i aria-hidden=\"true\" class=\"far fa-check-circle\"><\/i>\t\t\t\t\t\t<\/span>\n\t\t\t\t\t\t\t\t\t\t<span class=\"elementor-icon-list-text\">Acupuncture du cr\u00e2ne<\/span>\n\t\t\t\t\t\t\t\t\t<\/li>\n\t\t\t\t\t\t\t\t<li class=\"elementor-icon-list-item elementor-inline-item\">\n\t\t\t\t\t\t\t\t\t\t\t<span class=\"elementor-icon-list-icon\">\n\t\t\t\t\t\t\t<i aria-hidden=\"true\" class=\"far fa-check-circle\"><\/i>\t\t\t\t\t\t<\/span>\n\t\t\t\t\t\t\t\t\t\t<span class=\"elementor-icon-list-text\">Ost\u00e9oacupuncture<\/span>\n\t\t\t\t\t\t\t\t\t<\/li>\n\t\t\t\t\t\t\t\t<li class=\"elementor-icon-list-item elementor-inline-item\">\n\t\t\t\t\t\t\t\t\t\t\t<span class=\"elementor-icon-list-icon\">\n\t\t\t\t\t\t\t<i aria-hidden=\"true\" class=\"far fa-check-circle\"><\/i>\t\t\t\t\t\t<\/span>\n\t\t\t\t\t\t\t\t\t\t<span class=\"elementor-icon-list-text\">Aiguilles s\u00e8ches  <\/span>\n\t\t\t\t\t\t\t\t\t<\/li>\n\t\t\t\t\t\t\t\t<li class=\"elementor-icon-list-item elementor-inline-item\">\n\t\t\t\t\t\t\t\t\t\t\t<span class=\"elementor-icon-list-icon\">\n\t\t\t\t\t\t\t<i aria-hidden=\"true\" class=\"far fa-check-circle\"><\/i>\t\t\t\t\t\t<\/span>\n\t\t\t\t\t\t\t\t\t\t<span class=\"elementor-icon-list-text\">Acupuncture au laser (\u00e9galement pour les enfants et les b\u00e9b\u00e9s, sans aiguilles)<\/span>\n\t\t\t\t\t\t\t\t\t<\/li>\n\t\t\t\t\t\t<\/ul>\n\t\t\t\t\t\t<\/div>\n\t\t\t\t<\/div>\n\t\t\t\t<\/div>\n\t\t<div class=\"elementor-element elementor-element-3e22f18 e-con-full e-flex e-con e-child\" data-id=\"3e22f18\" data-element_type=\"container\" data-settings=\"{&quot;background_background&quot;:&quot;classic&quot;}\">\n\t\t\t\t<div class=\"elementor-element elementor-element-14b0623 elementor-widget elementor-widget-heading\" data-id=\"14b0623\" data-element_type=\"widget\" data-widget_type=\"heading.default\">\n\t\t\t\t<div class=\"elementor-widget-container\">\n\t\t\t\t\t<h3 class=\"elementor-heading-title elementor-size-default\">Indications :  \n<\/h3>\t\t\t\t<\/div>\n\t\t\t\t<\/div>\n\t\t\t\t<div class=\"elementor-element elementor-element-f9cb85a elementor-icon-list--layout-traditional elementor-list-item-link-full_width elementor-widget elementor-widget-icon-list\" data-id=\"f9cb85a\" data-element_type=\"widget\" data-widget_type=\"icon-list.default\">\n\t\t\t\t<div class=\"elementor-widget-container\">\n\t\t\t\t\t\t\t<ul class=\"elementor-icon-list-items\">\n\t\t\t\t\t\t\t<li class=\"elementor-icon-list-item\">\n\t\t\t\t\t\t\t\t\t\t\t<span class=\"elementor-icon-list-icon\">\n\t\t\t\t\t\t\t<i aria-hidden=\"true\" class=\"far fa-check-circle\"><\/i>\t\t\t\t\t\t<\/span>\n\t\t\t\t\t\t\t\t\t\t<span class=\"elementor-icon-list-text\">Muscles et articulations : raideur, arthrose, hernie discale, \u00e9paule gel\u00e9e, tennis et golf elbow, rhumatismes, fibromyalgie ...<\/span>\n\t\t\t\t\t\t\t\t\t<\/li>\n\t\t\t\t\t\t\t\t<li class=\"elementor-icon-list-item\">\n\t\t\t\t\t\t\t\t\t\t\t<span class=\"elementor-icon-list-icon\">\n\t\t\t\t\t\t\t<i aria-hidden=\"true\" class=\"far fa-check-circle\"><\/i>\t\t\t\t\t\t<\/span>\n\t\t\t\t\t\t\t\t\t\t<span class=\"elementor-icon-list-text\">Neurologie : migraines, n\u00e9vralgies, SEP, cons\u00e9quences d'AVC, maladie de M\u00e9ni\u00e8re ...<\/span>\n\t\t\t\t\t\t\t\t\t<\/li>\n\t\t\t\t\t\t\t\t<li class=\"elementor-icon-list-item\">\n\t\t\t\t\t\t\t\t\t\t\t<span class=\"elementor-icon-list-icon\">\n\t\t\t\t\t\t\t<i aria-hidden=\"true\" class=\"far fa-check-circle\"><\/i>\t\t\t\t\t\t<\/span>\n\t\t\t\t\t\t\t\t\t\t<span class=\"elementor-icon-list-text\">Infections : sinusite, allergies, asthme, infections de la vessie, prostatite ...<\/span>\n\t\t\t\t\t\t\t\t\t<\/li>\n\t\t\t\t\t\t\t\t<li class=\"elementor-icon-list-item\">\n\t\t\t\t\t\t\t\t\t\t\t<span class=\"elementor-icon-list-icon\">\n\t\t\t\t\t\t\t<i aria-hidden=\"true\" class=\"far fa-check-circle\"><\/i>\t\t\t\t\t\t<\/span>\n\t\t\t\t\t\t\t\t\t\t<span class=\"elementor-icon-list-text\">Poitrine : hyperventilation, palpitations, oppression thoracique ...<\/span>\n\t\t\t\t\t\t\t\t\t<\/li>\n\t\t\t\t\t\t\t\t<li class=\"elementor-icon-list-item\">\n\t\t\t\t\t\t\t\t\t\t\t<span class=\"elementor-icon-list-icon\">\n\t\t\t\t\t\t\t<i aria-hidden=\"true\" class=\"far fa-check-circle\"><\/i>\t\t\t\t\t\t<\/span>\n\t\t\t\t\t\t\t\t\t\t<span class=\"elementor-icon-list-text\">Estomac et intestins : reflux, constipation, intestin irritable, maladie de Crohn, ballonnements abdominaux ...<\/span>\n\t\t\t\t\t\t\t\t\t<\/li>\n\t\t\t\t\t\t\t\t<li class=\"elementor-icon-list-item\">\n\t\t\t\t\t\t\t\t\t\t\t<span class=\"elementor-icon-list-icon\">\n\t\t\t\t\t\t\t<i aria-hidden=\"true\" class=\"far fa-check-circle\"><\/i>\t\t\t\t\t\t<\/span>\n\t\t\t\t\t\t\t\t\t\t<span class=\"elementor-icon-list-text\">Gyn\u00e9cologie : troubles menstruels, m\u00e9nopause, fertilit\u00e9 ...<\/span>\n\t\t\t\t\t\t\t\t\t<\/li>\n\t\t\t\t\t\t\t\t<li class=\"elementor-icon-list-item\">\n\t\t\t\t\t\t\t\t\t\t\t<span class=\"elementor-icon-list-icon\">\n\t\t\t\t\t\t\t<i aria-hidden=\"true\" class=\"far fa-check-circle\"><\/i>\t\t\t\t\t\t<\/span>\n\t\t\t\t\t\t\t\t\t\t<span class=\"elementor-icon-list-text\">Conseils oncologiques : soutien \u00e0 la chimio\/radiation (\u00e9nergie et immunit\u00e9)  <\/span>\n\t\t\t\t\t\t\t\t\t<\/li>\n\t\t\t\t\t\t\t\t<li class=\"elementor-icon-list-item\">\n\t\t\t\t\t\t\t\t\t\t\t<span class=\"elementor-icon-list-icon\">\n\t\t\t\t\t\t\t<i aria-hidden=\"true\" class=\"far fa-check-circle\"><\/i>\t\t\t\t\t\t<\/span>\n\t\t\t\t\t\t\t\t\t\t<span class=\"elementor-icon-list-text\">Addictions : tabagisme, alcool, d\u00e9pendances alimentaires, ob\u00e9sit\u00e9 ...<\/span>\n\t\t\t\t\t\t\t\t\t<\/li>\n\t\t\t\t\t\t\t\t<li class=\"elementor-icon-list-item\">\n\t\t\t\t\t\t\t\t\t\t\t<span class=\"elementor-icon-list-icon\">\n\t\t\t\t\t\t\t<i aria-hidden=\"true\" class=\"far fa-check-circle\"><\/i>\t\t\t\t\t\t<\/span>\n\t\t\t\t\t\t\t\t\t\t<span class=\"elementor-icon-list-text\">Peau : ecz\u00e9ma, psoriasis, acn\u00e9, zona, transpiration excessive ...<\/span>\n\t\t\t\t\t\t\t\t\t<\/li>\n\t\t\t\t\t\t\t\t<li class=\"elementor-icon-list-item\">\n\t\t\t\t\t\t\t\t\t\t\t<span class=\"elementor-icon-list-icon\">\n\t\t\t\t\t\t\t<i aria-hidden=\"true\" class=\"far fa-check-circle\"><\/i>\t\t\t\t\t\t<\/span>\n\t\t\t\t\t\t\t\t\t\t<span class=\"elementor-icon-list-text\">Yeux : infections oculaires, s\u00e9cheresse oculaire, vision floue ...  <\/span>\n\t\t\t\t\t\t\t\t\t<\/li>\n\t\t\t\t\t\t\t\t<li class=\"elementor-icon-list-item\">\n\t\t\t\t\t\t\t\t\t\t\t<span class=\"elementor-icon-list-icon\">\n\t\t\t\t\t\t\t<i aria-hidden=\"true\" class=\"far fa-check-circle\"><\/i>\t\t\t\t\t\t<\/span>\n\t\t\t\t\t\t\t\t\t\t<span class=\"elementor-icon-list-text\">Enfants : reflux, \u00e9nur\u00e9sie, TDAH, ecz\u00e9ma, probl\u00e8mes de sommeil, b\u00e9b\u00e9 qui pleure<\/span>\n\t\t\t\t\t\t\t\t\t<\/li>\n\t\t\t\t\t\t<\/ul>\n\t\t\t\t\t\t<\/div>\n\t\t\t\t<\/div>\n\t\t\t\t<\/div>\n\t\t\t\t\t<\/div>\n\t\t\t\t<\/div>\n\t\t\t\t<\/div>\n\t\t","protected":false},"excerpt":{"rendered":"<p>Ajoutez votre en-t\u00eate ici L&#8217;acupuncture est une m\u00e9thode de traitement orientale issue de la m\u00e9decine traditionnelle chinoise qui consiste \u00e0 placer de tr\u00e8s fines aiguilles sur des points sp\u00e9cifiques du corps. Ces points se trouvent sur les voies \u00e9nerg\u00e9tiques (m\u00e9ridiens), qui sont reli\u00e9es aux organes et aux fonctions du corps. L&#8217;objectif est de r\u00e9tablir l&#8217;\u00e9quilibre [&hellip;]<\/p>\n","protected":false},"author":4,"featured_media":0,"parent":1388,"menu_order":0,"comment_status":"closed","ping_status":"closed","template":"","meta":{"footnotes":""},"class_list":["post-1379","page","type-page","status-publish","hentry"],"yoast_head":"<!-- This site is optimized with the Yoast SEO plugin v26.5 - https:\/\/yoast.com\/wordpress\/plugins\/seo\/ -->\n<title>Conseils sur le sevrage tabagique - Holistik Acupunctuur Instituut<\/title>\n<meta name=\"robots\" content=\"index, follow, max-snippet:-1, max-image-preview:large, max-video-preview:-1\" \/>\n<link rel=\"canonical\" href=\"https:\/\/holistikinstituut.be\/fr\/traitements\/conseils-sur-le-sevrage-tabagique\/\" \/>\n<meta property=\"og:locale\" content=\"fr_FR\" \/>\n<meta property=\"og:type\" content=\"article\" \/>\n<meta property=\"og:title\" content=\"Conseils sur le sevrage tabagique - Holistik Acupunctuur Instituut\" \/>\n<meta property=\"og:description\" content=\"Ajoutez votre en-t\u00eate ici L&#8217;acupuncture est une m\u00e9thode de traitement orientale issue de la m\u00e9decine traditionnelle chinoise qui consiste \u00e0 placer de tr\u00e8s fines aiguilles sur des points sp\u00e9cifiques du corps. Ces points se trouvent sur les voies \u00e9nerg\u00e9tiques (m\u00e9ridiens), qui sont reli\u00e9es aux organes et aux fonctions du corps. L&#8217;objectif est de r\u00e9tablir l&#8217;\u00e9quilibre [&hellip;]\" \/>\n<meta property=\"og:url\" content=\"https:\/\/holistikinstituut.be\/fr\/traitements\/conseils-sur-le-sevrage-tabagique\/\" \/>\n<meta property=\"og:site_name\" content=\"Holistik Acupunctuur Instituut\" \/>\n<meta property=\"article:modified_time\" content=\"2025-12-11T12:38:30+00:00\" \/>\n<meta property=\"og:image\" content=\"https:\/\/holistikinstituut.be\/wp-content\/uploads\/2025\/09\/portrait-young-man-breaking-cigarette.webp\" \/>\n\t<meta property=\"og:image:width\" content=\"307\" \/>\n\t<meta property=\"og:image:height\" content=\"502\" \/>\n\t<meta property=\"og:image:type\" content=\"image\/webp\" \/>\n<meta name=\"twitter:card\" content=\"summary_large_image\" \/>\n<meta name=\"twitter:label1\" content=\"Dur\u00e9e de lecture estim\u00e9e\" \/>\n\t<meta name=\"twitter:data1\" content=\"1 minute\" \/>\n<script type=\"application\/ld+json\" class=\"yoast-schema-graph\">{\"@context\":\"https:\/\/schema.org\",\"@graph\":[{\"@type\":\"WebPage\",\"@id\":\"https:\/\/holistikinstituut.be\/fr\/traitements\/conseils-sur-le-sevrage-tabagique\/\",\"url\":\"https:\/\/holistikinstituut.be\/fr\/traitements\/conseils-sur-le-sevrage-tabagique\/\",\"name\":\"Conseils sur le sevrage tabagique - Holistik Acupunctuur Instituut\",\"isPartOf\":{\"@id\":\"https:\/\/holistikinstituut.be\/fr\/#website\"},\"primaryImageOfPage\":{\"@id\":\"https:\/\/holistikinstituut.be\/fr\/traitements\/conseils-sur-le-sevrage-tabagique\/#primaryimage\"},\"image\":{\"@id\":\"https:\/\/holistikinstituut.be\/fr\/traitements\/conseils-sur-le-sevrage-tabagique\/#primaryimage\"},\"thumbnailUrl\":\"https:\/\/holistikinstituut.be\/wp-content\/uploads\/2025\/09\/portrait-young-man-breaking-cigarette.webp\",\"datePublished\":\"2025-09-24T14:31:14+00:00\",\"dateModified\":\"2025-12-11T12:38:30+00:00\",\"breadcrumb\":{\"@id\":\"https:\/\/holistikinstituut.be\/fr\/traitements\/conseils-sur-le-sevrage-tabagique\/#breadcrumb\"},\"inLanguage\":\"fr-FR\",\"potentialAction\":[{\"@type\":\"ReadAction\",\"target\":[\"https:\/\/holistikinstituut.be\/fr\/traitements\/conseils-sur-le-sevrage-tabagique\/\"]}]},{\"@type\":\"ImageObject\",\"inLanguage\":\"fr-FR\",\"@id\":\"https:\/\/holistikinstituut.be\/fr\/traitements\/conseils-sur-le-sevrage-tabagique\/#primaryimage\",\"url\":\"https:\/\/holistikinstituut.be\/wp-content\/uploads\/2025\/09\/portrait-young-man-breaking-cigarette.webp\",\"contentUrl\":\"https:\/\/holistikinstituut.be\/wp-content\/uploads\/2025\/09\/portrait-young-man-breaking-cigarette.webp\"},{\"@type\":\"BreadcrumbList\",\"@id\":\"https:\/\/holistikinstituut.be\/fr\/traitements\/conseils-sur-le-sevrage-tabagique\/#breadcrumb\",\"itemListElement\":[{\"@type\":\"ListItem\",\"position\":1,\"name\":\"Accueil\",\"item\":\"https:\/\/holistikinstituut.be\/fr\/\"},{\"@type\":\"ListItem\",\"position\":2,\"name\":\"Traitements\",\"item\":\"https:\/\/holistikinstituut.be\/fr\/traitements\/\"},{\"@type\":\"ListItem\",\"position\":3,\"name\":\"Conseils sur le sevrage tabagique\"}]},{\"@type\":\"WebSite\",\"@id\":\"https:\/\/holistikinstituut.be\/fr\/#website\",\"url\":\"https:\/\/holistikinstituut.be\/fr\/\",\"name\":\"Holistik Acupunctuur Instituut\",\"description\":\"\",\"publisher\":{\"@id\":\"https:\/\/holistikinstituut.be\/fr\/#organization\"},\"potentialAction\":[{\"@type\":\"SearchAction\",\"target\":{\"@type\":\"EntryPoint\",\"urlTemplate\":\"https:\/\/holistikinstituut.be\/fr\/?s={search_term_string}\"},\"query-input\":{\"@type\":\"PropertyValueSpecification\",\"valueRequired\":true,\"valueName\":\"search_term_string\"}}],\"inLanguage\":\"fr-FR\"},{\"@type\":\"Organization\",\"@id\":\"https:\/\/holistikinstituut.be\/fr\/#organization\",\"name\":\"Holistik Acupunctuur Instituut\",\"url\":\"https:\/\/holistikinstituut.be\/fr\/\",\"logo\":{\"@type\":\"ImageObject\",\"inLanguage\":\"fr-FR\",\"@id\":\"https:\/\/holistikinstituut.be\/fr\/#\/schema\/logo\/image\/\",\"url\":\"https:\/\/holistikinstituut.be\/wp-content\/uploads\/2022\/07\/Union-6.svg\",\"contentUrl\":\"https:\/\/holistikinstituut.be\/wp-content\/uploads\/2022\/07\/Union-6.svg\",\"width\":117,\"height\":118,\"caption\":\"Holistik Acupunctuur Instituut\"},\"image\":{\"@id\":\"https:\/\/holistikinstituut.be\/fr\/#\/schema\/logo\/image\/\"}}]}<\/script>\n<!-- \/ Yoast SEO plugin. -->","yoast_head_json":{"title":"Conseils sur le sevrage tabagique - Holistik Acupunctuur Instituut","robots":{"index":"index","follow":"follow","max-snippet":"max-snippet:-1","max-image-preview":"max-image-preview:large","max-video-preview":"max-video-preview:-1"},"canonical":"https:\/\/holistikinstituut.be\/fr\/traitements\/conseils-sur-le-sevrage-tabagique\/","og_locale":"fr_FR","og_type":"article","og_title":"Conseils sur le sevrage tabagique - Holistik Acupunctuur Instituut","og_description":"Ajoutez votre en-t\u00eate ici L&#8217;acupuncture est une m\u00e9thode de traitement orientale issue de la m\u00e9decine traditionnelle chinoise qui consiste \u00e0 placer de tr\u00e8s fines aiguilles sur des points sp\u00e9cifiques du corps. Ces points se trouvent sur les voies \u00e9nerg\u00e9tiques (m\u00e9ridiens), qui sont reli\u00e9es aux organes et aux fonctions du corps. L&#8217;objectif est de r\u00e9tablir l&#8217;\u00e9quilibre [&hellip;]","og_url":"https:\/\/holistikinstituut.be\/fr\/traitements\/conseils-sur-le-sevrage-tabagique\/","og_site_name":"Holistik Acupunctuur Instituut","article_modified_time":"2025-12-11T12:38:30+00:00","og_image":[{"width":307,"height":502,"url":"https:\/\/holistikinstituut.be\/wp-content\/uploads\/2025\/09\/portrait-young-man-breaking-cigarette.webp","type":"image\/webp"}],"twitter_card":"summary_large_image","twitter_misc":{"Dur\u00e9e de lecture estim\u00e9e":"1 minute"},"schema":{"@context":"https:\/\/schema.org","@graph":[{"@type":"WebPage","@id":"https:\/\/holistikinstituut.be\/fr\/traitements\/conseils-sur-le-sevrage-tabagique\/","url":"https:\/\/holistikinstituut.be\/fr\/traitements\/conseils-sur-le-sevrage-tabagique\/","name":"Conseils sur le sevrage tabagique - Holistik Acupunctuur Instituut","isPartOf":{"@id":"https:\/\/holistikinstituut.be\/fr\/#website"},"primaryImageOfPage":{"@id":"https:\/\/holistikinstituut.be\/fr\/traitements\/conseils-sur-le-sevrage-tabagique\/#primaryimage"},"image":{"@id":"https:\/\/holistikinstituut.be\/fr\/traitements\/conseils-sur-le-sevrage-tabagique\/#primaryimage"},"thumbnailUrl":"https:\/\/holistikinstituut.be\/wp-content\/uploads\/2025\/09\/portrait-young-man-breaking-cigarette.webp","datePublished":"2025-09-24T14:31:14+00:00","dateModified":"2025-12-11T12:38:30+00:00","breadcrumb":{"@id":"https:\/\/holistikinstituut.be\/fr\/traitements\/conseils-sur-le-sevrage-tabagique\/#breadcrumb"},"inLanguage":"fr-FR","potentialAction":[{"@type":"ReadAction","target":["https:\/\/holistikinstituut.be\/fr\/traitements\/conseils-sur-le-sevrage-tabagique\/"]}]},{"@type":"ImageObject","inLanguage":"fr-FR","@id":"https:\/\/holistikinstituut.be\/fr\/traitements\/conseils-sur-le-sevrage-tabagique\/#primaryimage","url":"https:\/\/holistikinstituut.be\/wp-content\/uploads\/2025\/09\/portrait-young-man-breaking-cigarette.webp","contentUrl":"https:\/\/holistikinstituut.be\/wp-content\/uploads\/2025\/09\/portrait-young-man-breaking-cigarette.webp"},{"@type":"BreadcrumbList","@id":"https:\/\/holistikinstituut.be\/fr\/traitements\/conseils-sur-le-sevrage-tabagique\/#breadcrumb","itemListElement":[{"@type":"ListItem","position":1,"name":"Accueil","item":"https:\/\/holistikinstituut.be\/fr\/"},{"@type":"ListItem","position":2,"name":"Traitements","item":"https:\/\/holistikinstituut.be\/fr\/traitements\/"},{"@type":"ListItem","position":3,"name":"Conseils sur le sevrage tabagique"}]},{"@type":"WebSite","@id":"https:\/\/holistikinstituut.be\/fr\/#website","url":"https:\/\/holistikinstituut.be\/fr\/","name":"Holistik Acupunctuur Instituut","description":"","publisher":{"@id":"https:\/\/holistikinstituut.be\/fr\/#organization"},"potentialAction":[{"@type":"SearchAction","target":{"@type":"EntryPoint","urlTemplate":"https:\/\/holistikinstituut.be\/fr\/?s={search_term_string}"},"query-input":{"@type":"PropertyValueSpecification","valueRequired":true,"valueName":"search_term_string"}}],"inLanguage":"fr-FR"},{"@type":"Organization","@id":"https:\/\/holistikinstituut.be\/fr\/#organization","name":"Holistik Acupunctuur Instituut","url":"https:\/\/holistikinstituut.be\/fr\/","logo":{"@type":"ImageObject","inLanguage":"fr-FR","@id":"https:\/\/holistikinstituut.be\/fr\/#\/schema\/logo\/image\/","url":"https:\/\/holistikinstituut.be\/wp-content\/uploads\/2022\/07\/Union-6.svg","contentUrl":"https:\/\/holistikinstituut.be\/wp-content\/uploads\/2022\/07\/Union-6.svg","width":117,"height":118,"caption":"Holistik Acupunctuur Instituut"},"image":{"@id":"https:\/\/holistikinstituut.be\/fr\/#\/schema\/logo\/image\/"}}]}},"_links":{"self":[{"href":"https:\/\/holistikinstituut.be\/fr\/wp-json\/wp\/v2\/pages\/1379","targetHints":{"allow":["GET"]}}],"collection":[{"href":"https:\/\/holistikinstituut.be\/fr\/wp-json\/wp\/v2\/pages"}],"about":[{"href":"https:\/\/holistikinstituut.be\/fr\/wp-json\/wp\/v2\/types\/page"}],"author":[{"embeddable":true,"href":"https:\/\/holistikinstituut.be\/fr\/wp-json\/wp\/v2\/users\/4"}],"replies":[{"embeddable":true,"href":"https:\/\/holistikinstituut.be\/fr\/wp-json\/wp\/v2\/comments?post=1379"}],"version-history":[{"count":1,"href":"https:\/\/holistikinstituut.be\/fr\/wp-json\/wp\/v2\/pages\/1379\/revisions"}],"predecessor-version":[{"id":1380,"href":"https:\/\/holistikinstituut.be\/fr\/wp-json\/wp\/v2\/pages\/1379\/revisions\/1380"}],"up":[{"embeddable":true,"href":"https:\/\/holistikinstituut.be\/fr\/wp-json\/wp\/v2\/pages\/1388"}],"wp:attachment":[{"href":"https:\/\/holistikinstituut.be\/fr\/wp-json\/wp\/v2\/media?parent=1379"}],"curies":[{"name":"wp","href":"https:\/\/api.w.org\/{rel}","templated":true}]}}