{"id":1354,"date":"2025-10-09T15:00:20","date_gmt":"2025-10-09T13:00:20","guid":{"rendered":"https:\/\/holistikinstituut.be\/dispositif-therapie-par-terahertz\/"},"modified":"2025-12-17T09:39:46","modified_gmt":"2025-12-17T08:39:46","slug":"dispositif-therapie-par-terahertz","status":"publish","type":"page","link":"https:\/\/holistikinstituut.be\/fr\/traitements\/dispositif-therapie-par-terahertz\/","title":{"rendered":"Dispositif Th\u00e9rapie par t\u00e9rahertz"},"content":{"rendered":"\t\t<div data-elementor-type=\"wp-page\" data-elementor-id=\"1354\" class=\"elementor elementor-1354 elementor-631\" data-elementor-post-type=\"page\">\n\t\t\t\t<div class=\"elementor-element elementor-element-6bbf931 e-flex e-con-boxed e-con e-parent\" data-id=\"6bbf931\" data-element_type=\"container\" data-settings=\"{&quot;background_background&quot;:&quot;classic&quot;}\">\n\t\t\t\t\t<div class=\"e-con-inner\">\n\t\t\t\t<div class=\"elementor-element elementor-element-c8896a1 elementor-widget elementor-widget-heading\" data-id=\"c8896a1\" data-element_type=\"widget\" data-widget_type=\"heading.default\">\n\t\t\t\t<div class=\"elementor-widget-container\">\n\t\t\t\t\t<h1 class=\"elementor-heading-title elementor-size-default\">Dispositif Th\u00e9rapie par t\u00e9rahertz<\/h1>\t\t\t\t<\/div>\n\t\t\t\t<\/div>\n\t\t\t\t\t<\/div>\n\t\t\t\t<\/div>\n\t\t<div class=\"elementor-element elementor-element-23d7425 e-flex e-con-boxed e-con e-parent\" data-id=\"23d7425\" data-element_type=\"container\">\n\t\t\t\t\t<div class=\"e-con-inner\">\n\t\t<div class=\"elementor-element elementor-element-13d0c3e e-con-full e-flex e-con e-child\" data-id=\"13d0c3e\" data-element_type=\"container\">\n\t\t\t\t<div class=\"elementor-element elementor-element-d05cf1c elementor-widget elementor-widget-image\" data-id=\"d05cf1c\" data-element_type=\"widget\" data-widget_type=\"image.default\">\n\t\t\t\t<div class=\"elementor-widget-container\">\n\t\t\t\t\t\t\t\t\t\t\t\t\t\t\t<img fetchpriority=\"high\" decoding=\"async\" width=\"1340\" height=\"2009\" src=\"https:\/\/holistikinstituut.be\/wp-content\/uploads\/2025\/12\/Praktijk-40.webp\" class=\"attachment-full size-full wp-image-1872\" alt=\"\" srcset=\"https:\/\/holistikinstituut.be\/wp-content\/uploads\/2025\/12\/Praktijk-40.webp 1340w, https:\/\/holistikinstituut.be\/wp-content\/uploads\/2025\/12\/Praktijk-40-200x300.webp 200w, https:\/\/holistikinstituut.be\/wp-content\/uploads\/2025\/12\/Praktijk-40-683x1024.webp 683w, https:\/\/holistikinstituut.be\/wp-content\/uploads\/2025\/12\/Praktijk-40-768x1151.webp 768w, https:\/\/holistikinstituut.be\/wp-content\/uploads\/2025\/12\/Praktijk-40-1025x1536.webp 1025w\" sizes=\"(max-width: 1340px) 100vw, 1340px\" \/>\t\t\t\t\t\t\t\t\t\t\t\t\t\t\t<\/div>\n\t\t\t\t<\/div>\n\t\t\t\t<\/div>\n\t\t<div class=\"elementor-element elementor-element-177f65a e-con-full e-flex e-con e-child\" data-id=\"177f65a\" data-element_type=\"container\">\n\t\t\t\t<div class=\"elementor-element elementor-element-cc9fba1 elementor-widget__width-initial elementor-widget elementor-widget-heading\" data-id=\"cc9fba1\" data-element_type=\"widget\" data-widget_type=\"heading.default\">\n\t\t\t\t<div class=\"elementor-widget-container\">\n\t\t\t\t\t<h2 class=\"elementor-heading-title elementor-size-default\">Th\u00e9rapie par t\u00e9rahertz<\/h2>\t\t\t\t<\/div>\n\t\t\t\t<\/div>\n\t\t\t\t<div class=\"elementor-element elementor-element-34f021d elementor-widget__width-initial elementor-widget elementor-widget-text-editor\" data-id=\"34f021d\" data-element_type=\"widget\" data-widget_type=\"text-editor.default\">\n\t\t\t\t<div class=\"elementor-widget-container\">\n\t\t\t\t\t\t\t\t\t<p>La machine terahertz est un appareil innovant qui utilise des ondes terahertz combin\u00e9es \u00e0 la th\u00e9rapie par la lumi\u00e8re rouge (infrarouge) et au rayonnement gyromagn\u00e9tique. Cette combinaison unique p\u00e9n\u00e8tre profond\u00e9ment dans le corps et stimule les cellules, le flux sanguin et le flux \u00e9nerg\u00e9tique. <\/p><p>L&#8217;objectif de cette th\u00e9rapie est d&#8217;activer le processus de r\u00e9paration du corps, de drainer les d\u00e9chets plus rapidement et de soutenir l&#8217;\u00e9quilibre du corps. Le traitement est totalement non invasif, indolore et relaxant. <\/p>\t\t\t\t\t\t\t\t<\/div>\n\t\t\t\t<\/div>\n\t\t\t\t<div class=\"elementor-element elementor-element-de53aed elementor-align-left elementor-widget elementor-widget-button\" data-id=\"de53aed\" data-element_type=\"widget\" data-widget_type=\"button.default\">\n\t\t\t\t<div class=\"elementor-widget-container\">\n\t\t\t\t\t\t\t\t\t<div class=\"elementor-button-wrapper\">\n\t\t\t\t\t<a class=\"elementor-button elementor-button-link elementor-size-sm\" href=\"https:\/\/holistikinstituut.be\/fr\/prenez-rendez-vous\/\">\n\t\t\t\t\t\t<span class=\"elementor-button-content-wrapper\">\n\t\t\t\t\t\t\t\t\t<span class=\"elementor-button-text\">Planifiez votre entretien d'admission<\/span>\n\t\t\t\t\t<\/span>\n\t\t\t\t\t<\/a>\n\t\t\t\t<\/div>\n\t\t\t\t\t\t\t\t<\/div>\n\t\t\t\t<\/div>\n\t\t\t\t<\/div>\n\t\t\t\t\t<\/div>\n\t\t\t\t<\/div>\n\t\t<div class=\"elementor-element elementor-element-5064f93 e-grid e-con-boxed e-con e-parent\" data-id=\"5064f93\" data-element_type=\"container\" id=\"info\">\n\t\t\t\t\t<div class=\"e-con-inner\">\n\t\t<div class=\"elementor-element elementor-element-005e3c2 e-con-full e-flex e-con e-child\" data-id=\"005e3c2\" data-element_type=\"container\" data-settings=\"{&quot;background_background&quot;:&quot;classic&quot;}\">\n\t\t\t\t<div class=\"elementor-element elementor-element-506a120 elementor-widget elementor-widget-heading\" data-id=\"506a120\" data-element_type=\"widget\" data-widget_type=\"heading.default\">\n\t\t\t\t<div class=\"elementor-widget-container\">\n\t\t\t\t\t<h3 class=\"elementor-heading-title elementor-size-default\">Fonctionnement :  <\/h3>\t\t\t\t<\/div>\n\t\t\t\t<\/div>\n\t\t\t\t<div class=\"elementor-element elementor-element-229a86e elementor-icon-list--layout-traditional elementor-list-item-link-full_width elementor-widget elementor-widget-icon-list\" data-id=\"229a86e\" data-element_type=\"widget\" data-widget_type=\"icon-list.default\">\n\t\t\t\t<div class=\"elementor-widget-container\">\n\t\t\t\t\t\t\t<ul class=\"elementor-icon-list-items\">\n\t\t\t\t\t\t\t<li class=\"elementor-icon-list-item\">\n\t\t\t\t\t\t\t\t\t\t\t<span class=\"elementor-icon-list-icon\">\n\t\t\t\t\t\t\t<i aria-hidden=\"true\" class=\"far fa-check-circle\"><\/i>\t\t\t\t\t\t<\/span>\n\t\t\t\t\t\t\t\t\t\t<span class=\"elementor-icon-list-text\">Am\u00e9liore la circulation sanguine et l'absorption d'oxyg\u00e8ne dans les tissus<\/span>\n\t\t\t\t\t\t\t\t\t<\/li>\n\t\t\t\t\t\t\t\t<li class=\"elementor-icon-list-item\">\n\t\t\t\t\t\t\t\t\t\t\t<span class=\"elementor-icon-list-icon\">\n\t\t\t\t\t\t\t<i aria-hidden=\"true\" class=\"far fa-check-circle\"><\/i>\t\t\t\t\t\t<\/span>\n\t\t\t\t\t\t\t\t\t\t<span class=\"elementor-icon-list-text\">Stimule le m\u00e9tabolisme et la capacit\u00e9 d'autogu\u00e9rison des cellules  <\/span>\n\t\t\t\t\t\t\t\t\t<\/li>\n\t\t\t\t\t\t\t\t<li class=\"elementor-icon-list-item\">\n\t\t\t\t\t\t\t\t\t\t\t<span class=\"elementor-icon-list-icon\">\n\t\t\t\t\t\t\t<i aria-hidden=\"true\" class=\"far fa-check-circle\"><\/i>\t\t\t\t\t\t<\/span>\n\t\t\t\t\t\t\t\t\t\t<span class=\"elementor-icon-list-text\">Aide \u00e0 lib\u00e9rer les blocages dans le corps<\/span>\n\t\t\t\t\t\t\t\t\t<\/li>\n\t\t\t\t\t\t\t\t<li class=\"elementor-icon-list-item\">\n\t\t\t\t\t\t\t\t\t\t\t<span class=\"elementor-icon-list-icon\">\n\t\t\t\t\t\t\t<i aria-hidden=\"true\" class=\"far fa-check-circle\"><\/i>\t\t\t\t\t\t<\/span>\n\t\t\t\t\t\t\t\t\t\t<span class=\"elementor-icon-list-text\">Soutient la douleur et l'inflammation  <\/span>\n\t\t\t\t\t\t\t\t\t<\/li>\n\t\t\t\t\t\t<\/ul>\n\t\t\t\t\t\t<\/div>\n\t\t\t\t<\/div>\n\t\t\t\t<\/div>\n\t\t<div class=\"elementor-element elementor-element-9584e7c e-con-full e-flex e-con e-child\" data-id=\"9584e7c\" data-element_type=\"container\" data-settings=\"{&quot;background_background&quot;:&quot;classic&quot;}\">\n\t\t\t\t<div class=\"elementor-element elementor-element-f8954c9 elementor-widget elementor-widget-heading\" data-id=\"f8954c9\" data-element_type=\"widget\" data-widget_type=\"heading.default\">\n\t\t\t\t<div class=\"elementor-widget-container\">\n\t\t\t\t\t<h3 class=\"elementor-heading-title elementor-size-default\">Indications<\/h3>\t\t\t\t<\/div>\n\t\t\t\t<\/div>\n\t\t\t\t<div class=\"elementor-element elementor-element-974cb1f elementor-icon-list--layout-traditional elementor-list-item-link-full_width elementor-widget elementor-widget-icon-list\" data-id=\"974cb1f\" data-element_type=\"widget\" data-widget_type=\"icon-list.default\">\n\t\t\t\t<div class=\"elementor-widget-container\">\n\t\t\t\t\t\t\t<ul class=\"elementor-icon-list-items\">\n\t\t\t\t\t\t\t<li class=\"elementor-icon-list-item\">\n\t\t\t\t\t\t\t\t\t\t\t<span class=\"elementor-icon-list-icon\">\n\t\t\t\t\t\t\t<i aria-hidden=\"true\" class=\"far fa-check-circle\"><\/i>\t\t\t\t\t\t<\/span>\n\t\t\t\t\t\t\t\t\t\t<span class=\"elementor-icon-list-text\">Douleurs chroniques et aigu\u00ebs (articulations, muscles, dos, cou)<\/span>\n\t\t\t\t\t\t\t\t\t<\/li>\n\t\t\t\t\t\t\t\t<li class=\"elementor-icon-list-item\">\n\t\t\t\t\t\t\t\t\t\t\t<span class=\"elementor-icon-list-icon\">\n\t\t\t\t\t\t\t<i aria-hidden=\"true\" class=\"far fa-check-circle\"><\/i>\t\t\t\t\t\t<\/span>\n\t\t\t\t\t\t\t\t\t\t<span class=\"elementor-icon-list-text\">  Inflammation et mauvaise circulation  <\/span>\n\t\t\t\t\t\t\t\t\t<\/li>\n\t\t\t\t\t\t\t\t<li class=\"elementor-icon-list-item\">\n\t\t\t\t\t\t\t\t\t\t\t<span class=\"elementor-icon-list-icon\">\n\t\t\t\t\t\t\t<i aria-hidden=\"true\" class=\"far fa-check-circle\"><\/i>\t\t\t\t\t\t<\/span>\n\t\t\t\t\t\t\t\t\t\t<span class=\"elementor-icon-list-text\">  Fatigue et manque d'\u00e9nergie  <\/span>\n\t\t\t\t\t\t\t\t\t<\/li>\n\t\t\t\t\t\t\t\t<li class=\"elementor-icon-list-item\">\n\t\t\t\t\t\t\t\t\t\t\t<span class=\"elementor-icon-list-icon\">\n\t\t\t\t\t\t\t<i aria-hidden=\"true\" class=\"far fa-check-circle\"><\/i>\t\t\t\t\t\t<\/span>\n\t\t\t\t\t\t\t\t\t\t<span class=\"elementor-icon-list-text\">Plaintes li\u00e9es au stress et \u00e0 la tension  <\/span>\n\t\t\t\t\t\t\t\t\t<\/li>\n\t\t\t\t\t\t\t\t<li class=\"elementor-icon-list-item\">\n\t\t\t\t\t\t\t\t\t\t\t<span class=\"elementor-icon-list-icon\">\n\t\t\t\t\t\t\t<i aria-hidden=\"true\" class=\"far fa-check-circle\"><\/i>\t\t\t\t\t\t<\/span>\n\t\t\t\t\t\t\t\t\t\t<span class=\"elementor-icon-list-text\">Favoriser la r\u00e9paration des plaies et des tissus<\/span>\n\t\t\t\t\t\t\t\t\t<\/li>\n\t\t\t\t\t\t\t\t<li class=\"elementor-icon-list-item\">\n\t\t\t\t\t\t\t\t\t\t\t<span class=\"elementor-icon-list-icon\">\n\t\t\t\t\t\t\t<i aria-hidden=\"true\" class=\"far fa-check-circle\"><\/i>\t\t\t\t\t\t<\/span>\n\t\t\t\t\t\t\t\t\t\t<span class=\"elementor-icon-list-text\">Pr\u00e9ventif : renforcement g\u00e9n\u00e9ral du syst\u00e8me immunitaire et de la vitalit\u00e9<\/span>\n\t\t\t\t\t\t\t\t\t<\/li>\n\t\t\t\t\t\t<\/ul>\n\t\t\t\t\t\t<\/div>\n\t\t\t\t<\/div>\n\t\t\t\t<\/div>\n\t\t\t\t\t<\/div>\n\t\t\t\t<\/div>\n\t\t\t\t<\/div>\n\t\t","protected":false},"excerpt":{"rendered":"<p>Th\u00e9rapie par t\u00e9rahertz La machine terahertz est un appareil innovant qui utilise des ondes terahertz combin\u00e9es \u00e0 la th\u00e9rapie par la lumi\u00e8re rouge (infrarouge) et au rayonnement gyromagn\u00e9tique. Cette combinaison unique p\u00e9n\u00e8tre profond\u00e9ment dans le corps et stimule les cellules, le flux sanguin et le flux \u00e9nerg\u00e9tique. L&#8217;objectif de cette th\u00e9rapie est d&#8217;activer le processus [&hellip;]<\/p>\n","protected":false},"author":4,"featured_media":0,"parent":1388,"menu_order":0,"comment_status":"closed","ping_status":"closed","template":"","meta":{"footnotes":""},"class_list":["post-1354","page","type-page","status-publish","hentry"],"yoast_head":"<!-- This site is optimized with the Yoast SEO plugin v26.5 - https:\/\/yoast.com\/wordpress\/plugins\/seo\/ -->\n<title>Dispositif Th\u00e9rapie par t\u00e9rahertz - Holistik Acupunctuur Instituut<\/title>\n<meta name=\"robots\" content=\"index, follow, max-snippet:-1, max-image-preview:large, max-video-preview:-1\" \/>\n<link rel=\"canonical\" href=\"https:\/\/holistikinstituut.be\/fr\/traitements\/dispositif-therapie-par-terahertz\/\" \/>\n<meta property=\"og:locale\" content=\"fr_FR\" \/>\n<meta property=\"og:type\" content=\"article\" \/>\n<meta property=\"og:title\" content=\"Dispositif Th\u00e9rapie par t\u00e9rahertz - Holistik Acupunctuur Instituut\" \/>\n<meta property=\"og:description\" content=\"Th\u00e9rapie par t\u00e9rahertz La machine terahertz est un appareil innovant qui utilise des ondes terahertz combin\u00e9es \u00e0 la th\u00e9rapie par la lumi\u00e8re rouge (infrarouge) et au rayonnement gyromagn\u00e9tique. Cette combinaison unique p\u00e9n\u00e8tre profond\u00e9ment dans le corps et stimule les cellules, le flux sanguin et le flux \u00e9nerg\u00e9tique. L&#8217;objectif de cette th\u00e9rapie est d&#8217;activer le processus [&hellip;]\" \/>\n<meta property=\"og:url\" content=\"https:\/\/holistikinstituut.be\/fr\/traitements\/dispositif-therapie-par-terahertz\/\" \/>\n<meta property=\"og:site_name\" content=\"Holistik Acupunctuur Instituut\" \/>\n<meta property=\"article:modified_time\" content=\"2025-12-17T08:39:46+00:00\" \/>\n<meta property=\"og:image\" content=\"https:\/\/holistikinstituut.be\/wp-content\/uploads\/2025\/12\/Praktijk-40.webp\" \/>\n\t<meta property=\"og:image:width\" content=\"1340\" \/>\n\t<meta property=\"og:image:height\" content=\"2009\" \/>\n\t<meta property=\"og:image:type\" content=\"image\/webp\" \/>\n<meta name=\"twitter:card\" content=\"summary_large_image\" \/>\n<meta name=\"twitter:label1\" content=\"Dur\u00e9e de lecture estim\u00e9e\" \/>\n\t<meta name=\"twitter:data1\" content=\"1 minute\" \/>\n<script type=\"application\/ld+json\" class=\"yoast-schema-graph\">{\"@context\":\"https:\/\/schema.org\",\"@graph\":[{\"@type\":\"WebPage\",\"@id\":\"https:\/\/holistikinstituut.be\/fr\/traitements\/dispositif-therapie-par-terahertz\/\",\"url\":\"https:\/\/holistikinstituut.be\/fr\/traitements\/dispositif-therapie-par-terahertz\/\",\"name\":\"Dispositif Th\u00e9rapie par t\u00e9rahertz - Holistik Acupunctuur Instituut\",\"isPartOf\":{\"@id\":\"https:\/\/holistikinstituut.be\/fr\/#website\"},\"primaryImageOfPage\":{\"@id\":\"https:\/\/holistikinstituut.be\/fr\/traitements\/dispositif-therapie-par-terahertz\/#primaryimage\"},\"image\":{\"@id\":\"https:\/\/holistikinstituut.be\/fr\/traitements\/dispositif-therapie-par-terahertz\/#primaryimage\"},\"thumbnailUrl\":\"https:\/\/holistikinstituut.be\/wp-content\/uploads\/2025\/12\/Praktijk-40.webp\",\"datePublished\":\"2025-10-09T13:00:20+00:00\",\"dateModified\":\"2025-12-17T08:39:46+00:00\",\"breadcrumb\":{\"@id\":\"https:\/\/holistikinstituut.be\/fr\/traitements\/dispositif-therapie-par-terahertz\/#breadcrumb\"},\"inLanguage\":\"fr-FR\",\"potentialAction\":[{\"@type\":\"ReadAction\",\"target\":[\"https:\/\/holistikinstituut.be\/fr\/traitements\/dispositif-therapie-par-terahertz\/\"]}]},{\"@type\":\"ImageObject\",\"inLanguage\":\"fr-FR\",\"@id\":\"https:\/\/holistikinstituut.be\/fr\/traitements\/dispositif-therapie-par-terahertz\/#primaryimage\",\"url\":\"https:\/\/holistikinstituut.be\/wp-content\/uploads\/2025\/12\/Praktijk-40.webp\",\"contentUrl\":\"https:\/\/holistikinstituut.be\/wp-content\/uploads\/2025\/12\/Praktijk-40.webp\"},{\"@type\":\"BreadcrumbList\",\"@id\":\"https:\/\/holistikinstituut.be\/fr\/traitements\/dispositif-therapie-par-terahertz\/#breadcrumb\",\"itemListElement\":[{\"@type\":\"ListItem\",\"position\":1,\"name\":\"Accueil\",\"item\":\"https:\/\/holistikinstituut.be\/fr\/\"},{\"@type\":\"ListItem\",\"position\":2,\"name\":\"Traitements\",\"item\":\"https:\/\/holistikinstituut.be\/fr\/traitements\/\"},{\"@type\":\"ListItem\",\"position\":3,\"name\":\"Dispositif Th\u00e9rapie par t\u00e9rahertz\"}]},{\"@type\":\"WebSite\",\"@id\":\"https:\/\/holistikinstituut.be\/fr\/#website\",\"url\":\"https:\/\/holistikinstituut.be\/fr\/\",\"name\":\"Holistik Acupunctuur Instituut\",\"description\":\"\",\"publisher\":{\"@id\":\"https:\/\/holistikinstituut.be\/fr\/#organization\"},\"potentialAction\":[{\"@type\":\"SearchAction\",\"target\":{\"@type\":\"EntryPoint\",\"urlTemplate\":\"https:\/\/holistikinstituut.be\/fr\/?s={search_term_string}\"},\"query-input\":{\"@type\":\"PropertyValueSpecification\",\"valueRequired\":true,\"valueName\":\"search_term_string\"}}],\"inLanguage\":\"fr-FR\"},{\"@type\":\"Organization\",\"@id\":\"https:\/\/holistikinstituut.be\/fr\/#organization\",\"name\":\"Holistik Acupunctuur Instituut\",\"url\":\"https:\/\/holistikinstituut.be\/fr\/\",\"logo\":{\"@type\":\"ImageObject\",\"inLanguage\":\"fr-FR\",\"@id\":\"https:\/\/holistikinstituut.be\/fr\/#\/schema\/logo\/image\/\",\"url\":\"https:\/\/holistikinstituut.be\/wp-content\/uploads\/2022\/07\/Union-6.svg\",\"contentUrl\":\"https:\/\/holistikinstituut.be\/wp-content\/uploads\/2022\/07\/Union-6.svg\",\"width\":117,\"height\":118,\"caption\":\"Holistik Acupunctuur Instituut\"},\"image\":{\"@id\":\"https:\/\/holistikinstituut.be\/fr\/#\/schema\/logo\/image\/\"}}]}<\/script>\n<!-- \/ Yoast SEO plugin. -->","yoast_head_json":{"title":"Dispositif Th\u00e9rapie par t\u00e9rahertz - Holistik Acupunctuur Instituut","robots":{"index":"index","follow":"follow","max-snippet":"max-snippet:-1","max-image-preview":"max-image-preview:large","max-video-preview":"max-video-preview:-1"},"canonical":"https:\/\/holistikinstituut.be\/fr\/traitements\/dispositif-therapie-par-terahertz\/","og_locale":"fr_FR","og_type":"article","og_title":"Dispositif Th\u00e9rapie par t\u00e9rahertz - Holistik Acupunctuur Instituut","og_description":"Th\u00e9rapie par t\u00e9rahertz La machine terahertz est un appareil innovant qui utilise des ondes terahertz combin\u00e9es \u00e0 la th\u00e9rapie par la lumi\u00e8re rouge (infrarouge) et au rayonnement gyromagn\u00e9tique. Cette combinaison unique p\u00e9n\u00e8tre profond\u00e9ment dans le corps et stimule les cellules, le flux sanguin et le flux \u00e9nerg\u00e9tique. L&#8217;objectif de cette th\u00e9rapie est d&#8217;activer le processus [&hellip;]","og_url":"https:\/\/holistikinstituut.be\/fr\/traitements\/dispositif-therapie-par-terahertz\/","og_site_name":"Holistik Acupunctuur Instituut","article_modified_time":"2025-12-17T08:39:46+00:00","og_image":[{"width":1340,"height":2009,"url":"https:\/\/holistikinstituut.be\/wp-content\/uploads\/2025\/12\/Praktijk-40.webp","type":"image\/webp"}],"twitter_card":"summary_large_image","twitter_misc":{"Dur\u00e9e de lecture estim\u00e9e":"1 minute"},"schema":{"@context":"https:\/\/schema.org","@graph":[{"@type":"WebPage","@id":"https:\/\/holistikinstituut.be\/fr\/traitements\/dispositif-therapie-par-terahertz\/","url":"https:\/\/holistikinstituut.be\/fr\/traitements\/dispositif-therapie-par-terahertz\/","name":"Dispositif Th\u00e9rapie par t\u00e9rahertz - Holistik Acupunctuur Instituut","isPartOf":{"@id":"https:\/\/holistikinstituut.be\/fr\/#website"},"primaryImageOfPage":{"@id":"https:\/\/holistikinstituut.be\/fr\/traitements\/dispositif-therapie-par-terahertz\/#primaryimage"},"image":{"@id":"https:\/\/holistikinstituut.be\/fr\/traitements\/dispositif-therapie-par-terahertz\/#primaryimage"},"thumbnailUrl":"https:\/\/holistikinstituut.be\/wp-content\/uploads\/2025\/12\/Praktijk-40.webp","datePublished":"2025-10-09T13:00:20+00:00","dateModified":"2025-12-17T08:39:46+00:00","breadcrumb":{"@id":"https:\/\/holistikinstituut.be\/fr\/traitements\/dispositif-therapie-par-terahertz\/#breadcrumb"},"inLanguage":"fr-FR","potentialAction":[{"@type":"ReadAction","target":["https:\/\/holistikinstituut.be\/fr\/traitements\/dispositif-therapie-par-terahertz\/"]}]},{"@type":"ImageObject","inLanguage":"fr-FR","@id":"https:\/\/holistikinstituut.be\/fr\/traitements\/dispositif-therapie-par-terahertz\/#primaryimage","url":"https:\/\/holistikinstituut.be\/wp-content\/uploads\/2025\/12\/Praktijk-40.webp","contentUrl":"https:\/\/holistikinstituut.be\/wp-content\/uploads\/2025\/12\/Praktijk-40.webp"},{"@type":"BreadcrumbList","@id":"https:\/\/holistikinstituut.be\/fr\/traitements\/dispositif-therapie-par-terahertz\/#breadcrumb","itemListElement":[{"@type":"ListItem","position":1,"name":"Accueil","item":"https:\/\/holistikinstituut.be\/fr\/"},{"@type":"ListItem","position":2,"name":"Traitements","item":"https:\/\/holistikinstituut.be\/fr\/traitements\/"},{"@type":"ListItem","position":3,"name":"Dispositif Th\u00e9rapie par t\u00e9rahertz"}]},{"@type":"WebSite","@id":"https:\/\/holistikinstituut.be\/fr\/#website","url":"https:\/\/holistikinstituut.be\/fr\/","name":"Holistik Acupunctuur Instituut","description":"","publisher":{"@id":"https:\/\/holistikinstituut.be\/fr\/#organization"},"potentialAction":[{"@type":"SearchAction","target":{"@type":"EntryPoint","urlTemplate":"https:\/\/holistikinstituut.be\/fr\/?s={search_term_string}"},"query-input":{"@type":"PropertyValueSpecification","valueRequired":true,"valueName":"search_term_string"}}],"inLanguage":"fr-FR"},{"@type":"Organization","@id":"https:\/\/holistikinstituut.be\/fr\/#organization","name":"Holistik Acupunctuur Instituut","url":"https:\/\/holistikinstituut.be\/fr\/","logo":{"@type":"ImageObject","inLanguage":"fr-FR","@id":"https:\/\/holistikinstituut.be\/fr\/#\/schema\/logo\/image\/","url":"https:\/\/holistikinstituut.be\/wp-content\/uploads\/2022\/07\/Union-6.svg","contentUrl":"https:\/\/holistikinstituut.be\/wp-content\/uploads\/2022\/07\/Union-6.svg","width":117,"height":118,"caption":"Holistik Acupunctuur Instituut"},"image":{"@id":"https:\/\/holistikinstituut.be\/fr\/#\/schema\/logo\/image\/"}}]}},"_links":{"self":[{"href":"https:\/\/holistikinstituut.be\/fr\/wp-json\/wp\/v2\/pages\/1354","targetHints":{"allow":["GET"]}}],"collection":[{"href":"https:\/\/holistikinstituut.be\/fr\/wp-json\/wp\/v2\/pages"}],"about":[{"href":"https:\/\/holistikinstituut.be\/fr\/wp-json\/wp\/v2\/types\/page"}],"author":[{"embeddable":true,"href":"https:\/\/holistikinstituut.be\/fr\/wp-json\/wp\/v2\/users\/4"}],"replies":[{"embeddable":true,"href":"https:\/\/holistikinstituut.be\/fr\/wp-json\/wp\/v2\/comments?post=1354"}],"version-history":[{"count":2,"href":"https:\/\/holistikinstituut.be\/fr\/wp-json\/wp\/v2\/pages\/1354\/revisions"}],"predecessor-version":[{"id":1877,"href":"https:\/\/holistikinstituut.be\/fr\/wp-json\/wp\/v2\/pages\/1354\/revisions\/1877"}],"up":[{"embeddable":true,"href":"https:\/\/holistikinstituut.be\/fr\/wp-json\/wp\/v2\/pages\/1388"}],"wp:attachment":[{"href":"https:\/\/holistikinstituut.be\/fr\/wp-json\/wp\/v2\/media?parent=1354"}],"curies":[{"name":"wp","href":"https:\/\/api.w.org\/{rel}","templated":true}]}}