{"id":1342,"date":"2025-11-17T12:46:49","date_gmt":"2025-11-17T11:46:49","guid":{"rendered":"https:\/\/holistikinstituut.be\/prenez-rendez-vous\/"},"modified":"2025-12-11T13:37:39","modified_gmt":"2025-12-11T12:37:39","slug":"prenez-rendez-vous","status":"publish","type":"page","link":"https:\/\/holistikinstituut.be\/fr\/prenez-rendez-vous\/","title":{"rendered":"Prenez rendez-vous"},"content":{"rendered":"\t\t<div data-elementor-type=\"wp-page\" data-elementor-id=\"1342\" class=\"elementor elementor-1342 elementor-1176\" data-elementor-post-type=\"page\">\n\t\t\t\t<div class=\"elementor-element elementor-element-eab231e e-flex e-con-boxed e-con e-parent\" data-id=\"eab231e\" data-element_type=\"container\" data-settings=\"{&quot;background_background&quot;:&quot;classic&quot;}\">\n\t\t\t\t\t<div class=\"e-con-inner\">\n\t\t\t\t<div class=\"elementor-element elementor-element-5a62dae elementor-widget elementor-widget-heading\" data-id=\"5a62dae\" data-element_type=\"widget\" data-widget_type=\"heading.default\">\n\t\t\t\t<div class=\"elementor-widget-container\">\n\t\t\t\t\t<h1 class=\"elementor-heading-title elementor-size-default\">Prenez rendez-vous<\/h1>\t\t\t\t<\/div>\n\t\t\t\t<\/div>\n\t\t\t\t\t<\/div>\n\t\t\t\t<\/div>\n\t\t<div class=\"elementor-element elementor-element-9b2e0f1 e-flex e-con-boxed e-con e-parent\" data-id=\"9b2e0f1\" data-element_type=\"container\">\n\t\t\t\t\t<div class=\"e-con-inner\">\n\t\t\t\t<div class=\"elementor-element elementor-element-e3d9662 elementor-widget__width-initial elementor-widget elementor-widget-text-editor\" data-id=\"e3d9662\" data-element_type=\"widget\" data-widget_type=\"text-editor.default\">\n\t\t\t\t<div class=\"elementor-widget-container\">\n\t\t\t\t\t\t\t\t\t<p>Gr\u00e2ce \u00e0 notre syst\u00e8me de r\u00e9servation en ligne, vous pouvez facilement planifier une consultation ou un traitement au moment qui vous convient le mieux.<\/p><p><span style=\"text-decoration: underline;\"><strong>Attention :<\/strong> <\/span>les rendez-vous peuvent \u00eatre annul\u00e9s gratuitement jusqu&#8217;\u00e0 <strong>24 heures \u00e0 l&#8217;avance<\/strong>.<br>Les personnes qui annulent \u00e0 temps se verront rembourser l&#8217;int\u00e9gralit\u00e9 de l&#8217;acompte vers\u00e9.<br>En cas de <strong>non-pr\u00e9sentation<\/strong> (absence sans pr\u00e9avis), le <strong>montant total de la<\/strong><strong>s\u00e9ance<\/strong><br><strong>sera factur\u00e9<\/strong>.<br>Il en va de m\u00eame pour les rendez-vous pris <strong>\u00e0 la r\u00e9ception<\/strong>: en cas d&#8217;annulation tardive<br>, vous recevrez une <strong>facture de 20 euros.<\/strong><\/p>\t\t\t\t\t\t\t\t<\/div>\n\t\t\t\t<\/div>\n\t\t\t\t<div class=\"elementor-element elementor-element-c8bd8fd elementor-align-left elementor-widget elementor-widget-button\" data-id=\"c8bd8fd\" data-element_type=\"widget\" data-widget_type=\"button.default\">\n\t\t\t\t<div class=\"elementor-widget-container\">\n\t\t\t\t\t\t\t\t\t<div class=\"elementor-button-wrapper\">\n\t\t\t\t\t<a class=\"elementor-button elementor-button-link elementor-size-sm\" href=\"https:\/\/bookings.crossuite.app\/92af1674-5a84-44b1-8086-827eacb6a9b7\" target=\"_blank\">\n\t\t\t\t\t\t<span class=\"elementor-button-content-wrapper\">\n\t\t\t\t\t\t\t\t\t<span class=\"elementor-button-text\">Prenez rendez-vous<\/span>\n\t\t\t\t\t<\/span>\n\t\t\t\t\t<\/a>\n\t\t\t\t<\/div>\n\t\t\t\t\t\t\t\t<\/div>\n\t\t\t\t<\/div>\n\t\t\t\t\t<\/div>\n\t\t\t\t<\/div>\n\t\t\t\t<\/div>\n\t\t","protected":false},"excerpt":{"rendered":"<p>Gr\u00e2ce \u00e0 notre syst\u00e8me de r\u00e9servation en ligne, vous pouvez facilement planifier une consultation ou un traitement au moment qui vous convient le mieux. Attention : les rendez-vous peuvent \u00eatre annul\u00e9s gratuitement jusqu&#8217;\u00e0 24 heures \u00e0 l&#8217;avance.Les personnes qui annulent \u00e0 temps se verront rembourser l&#8217;int\u00e9gralit\u00e9 de l&#8217;acompte vers\u00e9.En cas de non-pr\u00e9sentation (absence sans pr\u00e9avis), [&hellip;]<\/p>\n","protected":false},"author":4,"featured_media":0,"parent":0,"menu_order":0,"comment_status":"closed","ping_status":"closed","template":"","meta":{"footnotes":""},"class_list":["post-1342","page","type-page","status-publish","hentry"],"yoast_head":"<!-- This site is optimized with the Yoast SEO plugin v26.5 - https:\/\/yoast.com\/wordpress\/plugins\/seo\/ -->\n<title>Prenez rendez-vous - Holistik Acupunctuur Instituut<\/title>\n<meta name=\"robots\" content=\"index, follow, max-snippet:-1, max-image-preview:large, max-video-preview:-1\" \/>\n<link rel=\"canonical\" href=\"https:\/\/holistikinstituut.be\/fr\/prenez-rendez-vous\/\" \/>\n<meta property=\"og:locale\" content=\"fr_FR\" \/>\n<meta property=\"og:type\" content=\"article\" \/>\n<meta property=\"og:title\" content=\"Prenez rendez-vous - Holistik Acupunctuur Instituut\" \/>\n<meta property=\"og:description\" content=\"Gr\u00e2ce \u00e0 notre syst\u00e8me de r\u00e9servation en ligne, vous pouvez facilement planifier une consultation ou un traitement au moment qui vous convient le mieux. Attention : les rendez-vous peuvent \u00eatre annul\u00e9s gratuitement jusqu&#8217;\u00e0 24 heures \u00e0 l&#8217;avance.Les personnes qui annulent \u00e0 temps se verront rembourser l&#8217;int\u00e9gralit\u00e9 de l&#8217;acompte vers\u00e9.En cas de non-pr\u00e9sentation (absence sans pr\u00e9avis), [&hellip;]\" \/>\n<meta property=\"og:url\" content=\"https:\/\/holistikinstituut.be\/fr\/prenez-rendez-vous\/\" \/>\n<meta property=\"og:site_name\" content=\"Holistik Acupunctuur Instituut\" \/>\n<meta property=\"article:modified_time\" content=\"2025-12-11T12:37:39+00:00\" \/>\n<meta name=\"twitter:card\" content=\"summary_large_image\" \/>\n<script type=\"application\/ld+json\" class=\"yoast-schema-graph\">{\"@context\":\"https:\/\/schema.org\",\"@graph\":[{\"@type\":\"WebPage\",\"@id\":\"https:\/\/holistikinstituut.be\/fr\/prenez-rendez-vous\/\",\"url\":\"https:\/\/holistikinstituut.be\/fr\/prenez-rendez-vous\/\",\"name\":\"Prenez rendez-vous - Holistik Acupunctuur Instituut\",\"isPartOf\":{\"@id\":\"https:\/\/holistikinstituut.be\/fr\/#website\"},\"datePublished\":\"2025-11-17T11:46:49+00:00\",\"dateModified\":\"2025-12-11T12:37:39+00:00\",\"breadcrumb\":{\"@id\":\"https:\/\/holistikinstituut.be\/fr\/prenez-rendez-vous\/#breadcrumb\"},\"inLanguage\":\"fr-FR\",\"potentialAction\":[{\"@type\":\"ReadAction\",\"target\":[\"https:\/\/holistikinstituut.be\/fr\/prenez-rendez-vous\/\"]}]},{\"@type\":\"BreadcrumbList\",\"@id\":\"https:\/\/holistikinstituut.be\/fr\/prenez-rendez-vous\/#breadcrumb\",\"itemListElement\":[{\"@type\":\"ListItem\",\"position\":1,\"name\":\"Accueil\",\"item\":\"https:\/\/holistikinstituut.be\/fr\/\"},{\"@type\":\"ListItem\",\"position\":2,\"name\":\"Prenez rendez-vous\"}]},{\"@type\":\"WebSite\",\"@id\":\"https:\/\/holistikinstituut.be\/fr\/#website\",\"url\":\"https:\/\/holistikinstituut.be\/fr\/\",\"name\":\"Holistik Acupunctuur Instituut\",\"description\":\"\",\"publisher\":{\"@id\":\"https:\/\/holistikinstituut.be\/fr\/#organization\"},\"potentialAction\":[{\"@type\":\"SearchAction\",\"target\":{\"@type\":\"EntryPoint\",\"urlTemplate\":\"https:\/\/holistikinstituut.be\/fr\/?s={search_term_string}\"},\"query-input\":{\"@type\":\"PropertyValueSpecification\",\"valueRequired\":true,\"valueName\":\"search_term_string\"}}],\"inLanguage\":\"fr-FR\"},{\"@type\":\"Organization\",\"@id\":\"https:\/\/holistikinstituut.be\/fr\/#organization\",\"name\":\"Holistik Acupunctuur Instituut\",\"url\":\"https:\/\/holistikinstituut.be\/fr\/\",\"logo\":{\"@type\":\"ImageObject\",\"inLanguage\":\"fr-FR\",\"@id\":\"https:\/\/holistikinstituut.be\/fr\/#\/schema\/logo\/image\/\",\"url\":\"https:\/\/holistikinstituut.be\/wp-content\/uploads\/2022\/07\/Union-6.svg\",\"contentUrl\":\"https:\/\/holistikinstituut.be\/wp-content\/uploads\/2022\/07\/Union-6.svg\",\"width\":117,\"height\":118,\"caption\":\"Holistik Acupunctuur Instituut\"},\"image\":{\"@id\":\"https:\/\/holistikinstituut.be\/fr\/#\/schema\/logo\/image\/\"}}]}<\/script>\n<!-- \/ Yoast SEO plugin. -->","yoast_head_json":{"title":"Prenez rendez-vous - Holistik Acupunctuur Instituut","robots":{"index":"index","follow":"follow","max-snippet":"max-snippet:-1","max-image-preview":"max-image-preview:large","max-video-preview":"max-video-preview:-1"},"canonical":"https:\/\/holistikinstituut.be\/fr\/prenez-rendez-vous\/","og_locale":"fr_FR","og_type":"article","og_title":"Prenez rendez-vous - Holistik Acupunctuur Instituut","og_description":"Gr\u00e2ce \u00e0 notre syst\u00e8me de r\u00e9servation en ligne, vous pouvez facilement planifier une consultation ou un traitement au moment qui vous convient le mieux. Attention : les rendez-vous peuvent \u00eatre annul\u00e9s gratuitement jusqu&#8217;\u00e0 24 heures \u00e0 l&#8217;avance.Les personnes qui annulent \u00e0 temps se verront rembourser l&#8217;int\u00e9gralit\u00e9 de l&#8217;acompte vers\u00e9.En cas de non-pr\u00e9sentation (absence sans pr\u00e9avis), [&hellip;]","og_url":"https:\/\/holistikinstituut.be\/fr\/prenez-rendez-vous\/","og_site_name":"Holistik Acupunctuur Instituut","article_modified_time":"2025-12-11T12:37:39+00:00","twitter_card":"summary_large_image","schema":{"@context":"https:\/\/schema.org","@graph":[{"@type":"WebPage","@id":"https:\/\/holistikinstituut.be\/fr\/prenez-rendez-vous\/","url":"https:\/\/holistikinstituut.be\/fr\/prenez-rendez-vous\/","name":"Prenez rendez-vous - Holistik Acupunctuur Instituut","isPartOf":{"@id":"https:\/\/holistikinstituut.be\/fr\/#website"},"datePublished":"2025-11-17T11:46:49+00:00","dateModified":"2025-12-11T12:37:39+00:00","breadcrumb":{"@id":"https:\/\/holistikinstituut.be\/fr\/prenez-rendez-vous\/#breadcrumb"},"inLanguage":"fr-FR","potentialAction":[{"@type":"ReadAction","target":["https:\/\/holistikinstituut.be\/fr\/prenez-rendez-vous\/"]}]},{"@type":"BreadcrumbList","@id":"https:\/\/holistikinstituut.be\/fr\/prenez-rendez-vous\/#breadcrumb","itemListElement":[{"@type":"ListItem","position":1,"name":"Accueil","item":"https:\/\/holistikinstituut.be\/fr\/"},{"@type":"ListItem","position":2,"name":"Prenez rendez-vous"}]},{"@type":"WebSite","@id":"https:\/\/holistikinstituut.be\/fr\/#website","url":"https:\/\/holistikinstituut.be\/fr\/","name":"Holistik Acupunctuur Instituut","description":"","publisher":{"@id":"https:\/\/holistikinstituut.be\/fr\/#organization"},"potentialAction":[{"@type":"SearchAction","target":{"@type":"EntryPoint","urlTemplate":"https:\/\/holistikinstituut.be\/fr\/?s={search_term_string}"},"query-input":{"@type":"PropertyValueSpecification","valueRequired":true,"valueName":"search_term_string"}}],"inLanguage":"fr-FR"},{"@type":"Organization","@id":"https:\/\/holistikinstituut.be\/fr\/#organization","name":"Holistik Acupunctuur Instituut","url":"https:\/\/holistikinstituut.be\/fr\/","logo":{"@type":"ImageObject","inLanguage":"fr-FR","@id":"https:\/\/holistikinstituut.be\/fr\/#\/schema\/logo\/image\/","url":"https:\/\/holistikinstituut.be\/wp-content\/uploads\/2022\/07\/Union-6.svg","contentUrl":"https:\/\/holistikinstituut.be\/wp-content\/uploads\/2022\/07\/Union-6.svg","width":117,"height":118,"caption":"Holistik Acupunctuur Instituut"},"image":{"@id":"https:\/\/holistikinstituut.be\/fr\/#\/schema\/logo\/image\/"}}]}},"_links":{"self":[{"href":"https:\/\/holistikinstituut.be\/fr\/wp-json\/wp\/v2\/pages\/1342","targetHints":{"allow":["GET"]}}],"collection":[{"href":"https:\/\/holistikinstituut.be\/fr\/wp-json\/wp\/v2\/pages"}],"about":[{"href":"https:\/\/holistikinstituut.be\/fr\/wp-json\/wp\/v2\/types\/page"}],"author":[{"embeddable":true,"href":"https:\/\/holistikinstituut.be\/fr\/wp-json\/wp\/v2\/users\/4"}],"replies":[{"embeddable":true,"href":"https:\/\/holistikinstituut.be\/fr\/wp-json\/wp\/v2\/comments?post=1342"}],"version-history":[{"count":1,"href":"https:\/\/holistikinstituut.be\/fr\/wp-json\/wp\/v2\/pages\/1342\/revisions"}],"predecessor-version":[{"id":1344,"href":"https:\/\/holistikinstituut.be\/fr\/wp-json\/wp\/v2\/pages\/1342\/revisions\/1344"}],"wp:attachment":[{"href":"https:\/\/holistikinstituut.be\/fr\/wp-json\/wp\/v2\/media?parent=1342"}],"curies":[{"name":"wp","href":"https:\/\/api.w.org\/{rel}","templated":true}]}}